{"id":1155,"date":"2018-03-23T04:23:32","date_gmt":"2018-03-23T03:23:32","guid":{"rendered":"http:\/\/rakosliget.hu\/wordpress\/?page_id=1155"},"modified":"2018-03-23T04:23:32","modified_gmt":"2018-03-23T03:23:32","slug":"polner-laszlo","status":"publish","type":"page","link":"https:\/\/rakosliget.hu\/wordpress\/index.php\/polner-laszlo\/","title":{"rendered":"Polner L\u00e1szl\u00f3"},"content":{"rendered":"<h1 align=\"left\"><span data-canvas-width=\"55.67116735693375\">Polner <\/span><span data-canvas-width=\"49.529896284269384\">L\u00e1szl\u00f3<\/span><\/h1>\n<h2 align=\"left\"><span data-canvas-width=\"219.2415603500134\">(Mez\u0151terem, 1885-1965)<\/span><\/h2>\n<h2 align=\"left\">a r\u00e1kosligeti <span data-canvas-width=\"310.5266490960874\">ideiglenes k\u00e9pvisel\u0151-test\u00fclet <\/span>tagja<\/h2>\n<p align=\"left\">\n<p align=\"left\"><span data-canvas-width=\"219.2415603500134\">G<\/span><span data-canvas-width=\"314.7201560889008\">\u00e9plakatosseg\u00e9d. 1945-t\u0151l az SZDP <\/span><span data-canvas-width=\"309.58183816183134\">(MDP) tagja. 1945 ut\u00e1n v\u00edzve<\/span><span data-canvas-width=\"310.6011438043653\">zet\u00e9k-szerel\u0151 kisiparos. 1945-ben a r\u00e1<\/span><span data-canvas-width=\"309.7598986840565\">kosligeti ideiglenes k\u00e9pvisel\u0151-test\u00fclet tag<\/span><span data-canvas-width=\"22.868058497205222\">ja. <\/span><\/p>\n","protected":false},"excerpt":{"rendered":"<p>Polner L\u00e1szl\u00f3 (Mez\u0151terem, 1885-1965) a r\u00e1kosligeti ideiglenes k\u00e9pvisel\u0151-test\u00fclet tagja G\u00e9plakatosseg\u00e9d. 1945-t\u0151l az SZDP (MDP) tagja. 1945 ut\u00e1n v\u00edzvezet\u00e9k-szerel\u0151 kisiparos. 1945-ben a r\u00e1kosligeti ideiglenes k\u00e9pvisel\u0151-test\u00fclet tagja.<\/p>\n","protected":false},"author":1,"featured_media":0,"parent":0,"menu_order":0,"comment_status":"closed","ping_status":"closed","template":"","meta":{"footnotes":""},"class_list":["post-1155","page","type-page","status-publish","hentry"],"_links":{"self":[{"href":"https:\/\/rakosliget.hu\/wordpress\/index.php\/wp-json\/wp\/v2\/pages\/1155","targetHints":{"allow":["GET"]}}],"collection":[{"href":"https:\/\/rakosliget.hu\/wordpress\/index.php\/wp-json\/wp\/v2\/pages"}],"about":[{"href":"https:\/\/rakosliget.hu\/wordpress\/index.php\/wp-json\/wp\/v2\/types\/page"}],"author":[{"embeddable":true,"href":"https:\/\/rakosliget.hu\/wordpress\/index.php\/wp-json\/wp\/v2\/users\/1"}],"replies":[{"embeddable":true,"href":"https:\/\/rakosliget.hu\/wordpress\/index.php\/wp-json\/wp\/v2\/comments?post=1155"}],"version-history":[{"count":1,"href":"https:\/\/rakosliget.hu\/wordpress\/index.php\/wp-json\/wp\/v2\/pages\/1155\/revisions"}],"predecessor-version":[{"id":1156,"href":"https:\/\/rakosliget.hu\/wordpress\/index.php\/wp-json\/wp\/v2\/pages\/1155\/revisions\/1156"}],"wp:attachment":[{"href":"https:\/\/rakosliget.hu\/wordpress\/index.php\/wp-json\/wp\/v2\/media?parent=1155"}],"curies":[{"name":"wp","href":"https:\/\/api.w.org\/{rel}","templated":true}]}}