{"id":11549,"date":"2023-04-10T07:29:45","date_gmt":"2023-04-10T06:29:45","guid":{"rendered":"https:\/\/rakosliget.hu\/wordpress\/?page_id=11549"},"modified":"2023-04-10T07:30:08","modified_gmt":"2023-04-10T06:30:08","slug":"apagyi-andor","status":"publish","type":"page","link":"https:\/\/rakosliget.hu\/wordpress\/index.php\/apagyi-andor\/","title":{"rendered":"APAGYI ANDOR"},"content":{"rendered":"\n<p>(Budapest, 1893-1978)<br>R\u00e1kosliget k\u00e9pvisel\u0151 test\u00fcleti tag<\/p>\n\n\n\n<p>Tan\u00e1r. 1945-1949: a r\u00e1kosligeti MKP (MDP) szervezet\u00e9nek tagja. 1918-t\u00f3l a k\u00f6zs\u00e9gi polg\u00e1ri iskola (majd \u00e1ltal\u00e1nos iskola) igazgat\u00f3ja. 1945-1948-ban a szakszervezet k\u00e9pvisel\u0151je a R\u00e1kosligeti Nemzeti Bizotts\u00e1gban, 1945-ben a k\u00e9pvisel\u0151test\u00fcletben. Hal\u00e1la el\u0151tt nyugd\u00edjas, a pedag\u00f3gus-szakszervezet XVII. ker\u00fcleti klubh\u00e1z\u00e1nak vezet\u0151je.<\/p>\n","protected":false},"excerpt":{"rendered":"<p>(Budapest, 1893-1978)R\u00e1kosliget k\u00e9pvisel\u0151 test\u00fcleti tag Tan\u00e1r. 1945-1949: a r\u00e1kosligeti MKP (MDP) szervezet\u00e9nek tagja. 1918-t\u00f3l a k\u00f6zs\u00e9gi polg\u00e1ri iskola (majd \u00e1ltal\u00e1nos iskola) igazgat\u00f3ja. 1945-1948-ban a szakszervezet k\u00e9pvisel\u0151je a R\u00e1kosligeti Nemzeti Bizotts\u00e1gban, 1945-ben a k\u00e9pvisel\u0151test\u00fcletben. Hal\u00e1la el\u0151tt nyugd\u00edjas, a pedag\u00f3gus-szakszervezet XVII. ker\u00fcleti klubh\u00e1z\u00e1nak vezet\u0151je.<\/p>\n","protected":false},"author":1,"featured_media":0,"parent":0,"menu_order":0,"comment_status":"closed","ping_status":"closed","template":"","meta":{"footnotes":""},"class_list":["post-11549","page","type-page","status-publish","hentry"],"_links":{"self":[{"href":"https:\/\/rakosliget.hu\/wordpress\/index.php\/wp-json\/wp\/v2\/pages\/11549","targetHints":{"allow":["GET"]}}],"collection":[{"href":"https:\/\/rakosliget.hu\/wordpress\/index.php\/wp-json\/wp\/v2\/pages"}],"about":[{"href":"https:\/\/rakosliget.hu\/wordpress\/index.php\/wp-json\/wp\/v2\/types\/page"}],"author":[{"embeddable":true,"href":"https:\/\/rakosliget.hu\/wordpress\/index.php\/wp-json\/wp\/v2\/users\/1"}],"replies":[{"embeddable":true,"href":"https:\/\/rakosliget.hu\/wordpress\/index.php\/wp-json\/wp\/v2\/comments?post=11549"}],"version-history":[{"count":2,"href":"https:\/\/rakosliget.hu\/wordpress\/index.php\/wp-json\/wp\/v2\/pages\/11549\/revisions"}],"predecessor-version":[{"id":11551,"href":"https:\/\/rakosliget.hu\/wordpress\/index.php\/wp-json\/wp\/v2\/pages\/11549\/revisions\/11551"}],"wp:attachment":[{"href":"https:\/\/rakosliget.hu\/wordpress\/index.php\/wp-json\/wp\/v2\/media?parent=11549"}],"curies":[{"name":"wp","href":"https:\/\/api.w.org\/{rel}","templated":true}]}}