{"id":1153,"date":"2018-03-23T04:22:25","date_gmt":"2018-03-23T03:22:25","guid":{"rendered":"http:\/\/rakosliget.hu\/wordpress\/?page_id=1153"},"modified":"2018-03-23T04:22:25","modified_gmt":"2018-03-23T03:22:25","slug":"piedl-kornel","status":"publish","type":"page","link":"https:\/\/rakosliget.hu\/wordpress\/index.php\/piedl-kornel\/","title":{"rendered":"Piedl Korn\u00e9l"},"content":{"rendered":"<h1 align=\"left\">Piedl Korn\u00e9l<\/h1>\n<h2 align=\"left\">(Budapest, 1898-1969)<\/h2>\n<h2 align=\"left\">a R\u00e1kosligeti Nemzeti Bizotts\u00e1g <span data-canvas-width=\"229.77038494518362\">\u00e9s <\/span><span data-canvas-width=\"118.78245487706225\">az ideiglenes k\u00e9pvisel\u0151-test\u00fclet<\/span> tagja<\/h2>\n<p align=\"left\">\n<p align=\"left\"><span data-canvas-width=\"173.1100859068654\"> Fodr\u00e1sz. <\/span><span data-canvas-width=\"228.16441284619484\">1945-t\u0151l az MKP tagja, <\/span><span data-canvas-width=\"229.27643861522083\">kisiparos. 1945 elej\u00e9n a R\u00e1kosligeti Nemzeti Bizotts\u00e1g \u00e9s <\/span><span data-canvas-width=\"229.91003469292176\">az ideiglenes k\u00e9pvisel\u0151-test\u00fclet tagja. Hal\u00e1la <\/span><span data-canvas-width=\"227.26315475199578\">el\u0151tt nyugd\u00edjas honv\u00e9ds\u00e9gi polg\u00e1ri alkalma<\/span><span data-canvas-width=\"25.078767197977655\">zott. <\/span><\/p>\n","protected":false},"excerpt":{"rendered":"<p>Piedl Korn\u00e9l (Budapest, 1898-1969) a R\u00e1kosligeti Nemzeti Bizotts\u00e1g \u00e9s az ideiglenes k\u00e9pvisel\u0151-test\u00fclet tagja Fodr\u00e1sz. 1945-t\u0151l az MKP tagja, kisiparos. 1945 elej\u00e9n a R\u00e1kosligeti Nemzeti Bizotts\u00e1g \u00e9s az ideiglenes k\u00e9pvisel\u0151-test\u00fclet tagja. Hal\u00e1la el\u0151tt nyugd\u00edjas honv\u00e9ds\u00e9gi polg\u00e1ri alkalmazott.<\/p>\n","protected":false},"author":1,"featured_media":0,"parent":0,"menu_order":0,"comment_status":"closed","ping_status":"closed","template":"","meta":{"footnotes":""},"class_list":["post-1153","page","type-page","status-publish","hentry"],"_links":{"self":[{"href":"https:\/\/rakosliget.hu\/wordpress\/index.php\/wp-json\/wp\/v2\/pages\/1153","targetHints":{"allow":["GET"]}}],"collection":[{"href":"https:\/\/rakosliget.hu\/wordpress\/index.php\/wp-json\/wp\/v2\/pages"}],"about":[{"href":"https:\/\/rakosliget.hu\/wordpress\/index.php\/wp-json\/wp\/v2\/types\/page"}],"author":[{"embeddable":true,"href":"https:\/\/rakosliget.hu\/wordpress\/index.php\/wp-json\/wp\/v2\/users\/1"}],"replies":[{"embeddable":true,"href":"https:\/\/rakosliget.hu\/wordpress\/index.php\/wp-json\/wp\/v2\/comments?post=1153"}],"version-history":[{"count":1,"href":"https:\/\/rakosliget.hu\/wordpress\/index.php\/wp-json\/wp\/v2\/pages\/1153\/revisions"}],"predecessor-version":[{"id":1154,"href":"https:\/\/rakosliget.hu\/wordpress\/index.php\/wp-json\/wp\/v2\/pages\/1153\/revisions\/1154"}],"wp:attachment":[{"href":"https:\/\/rakosliget.hu\/wordpress\/index.php\/wp-json\/wp\/v2\/media?parent=1153"}],"curies":[{"name":"wp","href":"https:\/\/api.w.org\/{rel}","templated":true}]}}