{"id":1150,"date":"2018-03-23T04:21:27","date_gmt":"2018-03-23T03:21:27","guid":{"rendered":"http:\/\/rakosliget.hu\/wordpress\/?page_id=1150"},"modified":"2018-03-23T04:21:27","modified_gmt":"2018-03-23T03:21:27","slug":"petik-ferenc","status":"publish","type":"page","link":"https:\/\/rakosliget.hu\/wordpress\/index.php\/petik-ferenc\/","title":{"rendered":"Petik Ferenc"},"content":{"rendered":"<h1 align=\"left\">Petik Ferenc<\/h1>\n<h2 align=\"left\">(Salg\u00f3tarj\u00e1n, 1898-1973)<\/h2>\n<h2 align=\"left\">a R\u00e1kosligeti Nemzeti Bizotts\u00e1g <span data-canvas-width=\"229.77038494518362\">\u00e9s <\/span><span data-canvas-width=\"118.78245487706225\">k\u00e9pvisel\u0151-test\u00fclet<\/span> tagja<\/h2>\n<p align=\"left\">\n<p align=\"left\"><span data-canvas-width=\"167.95338966631195\"> , vas<\/span><span data-canvas-width=\"25.354328594145823\">\u00f6nt\u0151.<\/span><span data-canvas-width=\"202.229644416711\"> 1918-t\u00f3l vett r\u00e9szt a munk\u00e1smozgalom<\/span><span data-canvas-width=\"228.37776662746145\">ban, 1945-t\u0151l az MKP (MDP, MSZMP) <\/span><span data-canvas-width=\"229.77038494518362\">tagja. 1948-1949-ben a R\u00e1kosligeti Nemzeti Bizotts\u00e1g \u00e9s <\/span><span data-canvas-width=\"118.78245487706225\">k\u00e9pvisel\u0151-test\u00fclet tagja. <\/span><\/p>\n","protected":false},"excerpt":{"rendered":"<p>Petik Ferenc (Salg\u00f3tarj\u00e1n, 1898-1973) a R\u00e1kosligeti Nemzeti Bizotts\u00e1g \u00e9s k\u00e9pvisel\u0151-test\u00fclet tagja , vas\u00f6nt\u0151. 1918-t\u00f3l vett r\u00e9szt a munk\u00e1smozgalomban, 1945-t\u0151l az MKP (MDP, MSZMP) tagja. 1948-1949-ben a R\u00e1kosligeti Nemzeti Bizotts\u00e1g \u00e9s k\u00e9pvisel\u0151-test\u00fclet tagja.<\/p>\n","protected":false},"author":1,"featured_media":0,"parent":0,"menu_order":0,"comment_status":"closed","ping_status":"closed","template":"","meta":{"footnotes":""},"class_list":["post-1150","page","type-page","status-publish","hentry"],"_links":{"self":[{"href":"https:\/\/rakosliget.hu\/wordpress\/index.php\/wp-json\/wp\/v2\/pages\/1150","targetHints":{"allow":["GET"]}}],"collection":[{"href":"https:\/\/rakosliget.hu\/wordpress\/index.php\/wp-json\/wp\/v2\/pages"}],"about":[{"href":"https:\/\/rakosliget.hu\/wordpress\/index.php\/wp-json\/wp\/v2\/types\/page"}],"author":[{"embeddable":true,"href":"https:\/\/rakosliget.hu\/wordpress\/index.php\/wp-json\/wp\/v2\/users\/1"}],"replies":[{"embeddable":true,"href":"https:\/\/rakosliget.hu\/wordpress\/index.php\/wp-json\/wp\/v2\/comments?post=1150"}],"version-history":[{"count":1,"href":"https:\/\/rakosliget.hu\/wordpress\/index.php\/wp-json\/wp\/v2\/pages\/1150\/revisions"}],"predecessor-version":[{"id":1151,"href":"https:\/\/rakosliget.hu\/wordpress\/index.php\/wp-json\/wp\/v2\/pages\/1150\/revisions\/1151"}],"wp:attachment":[{"href":"https:\/\/rakosliget.hu\/wordpress\/index.php\/wp-json\/wp\/v2\/media?parent=1150"}],"curies":[{"name":"wp","href":"https:\/\/api.w.org\/{rel}","templated":true}]}}