{"id":1147,"date":"2018-03-23T04:19:44","date_gmt":"2018-03-23T03:19:44","guid":{"rendered":"http:\/\/rakosliget.hu\/wordpress\/?page_id=1147"},"modified":"2018-03-23T04:19:44","modified_gmt":"2018-03-23T03:19:44","slug":"peter-laszlo","status":"publish","type":"page","link":"https:\/\/rakosliget.hu\/wordpress\/index.php\/peter-laszlo\/","title":{"rendered":"P\u00e9ter L\u00e1szl\u00f3"},"content":{"rendered":"<h1><strong>P\u00e9ter L\u00e1szl\u00f3<\/strong><\/h1>\n<p>(R\u00e1kosliget, 1929. j\u00fal. 8.) t\u00f6rt\u00e9n\u00e9sz.<\/p>\n<p>A budapesti Tudom\u00e1nyegyetem t\u00f6rt\u00e9n\u00e9sz szak\u00e1n v\u00e9gzett 1951-ben. Egy ideig a Szolnok megyei lev\u00e9lt\u00e1rat vezette, majd Budapesten t\u00f6rt\u00e9nelmet tan\u00edtott. R\u00e9szt vett az 56-os forradalomban. 1956 november v\u00e9g\u00e9n Nyugatra menek\u00fclt. Angli\u00e1ban telepedett le. 1965-ben az oxfordi Nuffield College-ban t\u00f6rt\u00e9nelemb\u0151l doktor\u00e1lt. Ezt megel\u0151z\u0151en 1961-t\u0151l mint szakvezet\u0151 tan\u00e1r a politikai int\u00e9zm\u00e9nyek elm\u00e9let\u00e9r\u0151l adott el\u0151. 1963-ban Londonba k\u00f6lt\u00f6z\u00f6tt, ahol az\u00f3ta az University of London szl\u00e1v \u00e9s kelet-eur\u00f3pai int\u00e9zet\u00e9ben a Habsburg Monarchia \u00e9s az eur\u00f3pai politikai eszm\u00e9k t\u00f6rt\u00e9net\u00e9t tan\u00edtja. Sz\u0171kebb szakter\u00fclete a dualizmuskori magyar parlamenti \u00e9let. Tanulm\u00e1nyai angol \u00e9s magyar nyelven jelentek meg. Magyarul f\u0151leg az <em>\u00daj L\u00e1t\u00f3hat\u00e1r<\/em>ban \u00e9s az <em>Irodalmi \u00dajs\u00e1g<\/em>ban, valamint a Hollandiai Mikes Kelemen K\u00f6r \u00e1ltal kiadott tanulm\u00e1nyk\u00f6tetekben publik\u00e1lt.<\/p>\n<p>&nbsp;<\/p>\n<p>Forr\u00e1s: <a href=\"http:\/\/mek.oszk.hu\/04000\/04038\/html\/p.htm\"><strong>NYUGATI MAGYAR IRODALMI LEXIKON \u00c9S BIBLIOGR\u00c1FIA <\/strong><br \/>\n\/04000\/04038\/html\/p.htm<\/a><\/p>\n","protected":false},"excerpt":{"rendered":"<p>P\u00e9ter L\u00e1szl\u00f3 (R\u00e1kosliget, 1929. j\u00fal. 8.) t\u00f6rt\u00e9n\u00e9sz. A budapesti Tudom\u00e1nyegyetem t\u00f6rt\u00e9n\u00e9sz szak\u00e1n v\u00e9gzett 1951-ben. Egy ideig a Szolnok megyei lev\u00e9lt\u00e1rat vezette, majd Budapesten t\u00f6rt\u00e9nelmet tan\u00edtott. R\u00e9szt vett az 56-os forradalomban. 1956 november v\u00e9g\u00e9n Nyugatra menek\u00fclt. Angli\u00e1ban telepedett le. 1965-ben az oxfordi Nuffield College-ban t\u00f6rt\u00e9nelemb\u0151l doktor\u00e1lt. Ezt megel\u0151z\u0151en 1961-t\u0151l mint szakvezet\u0151 tan\u00e1r a politikai int\u00e9zm\u00e9nyek elm\u00e9let\u00e9r\u0151l &hellip; <a href=\"https:\/\/rakosliget.hu\/wordpress\/index.php\/peter-laszlo\/\" class=\"more-link\"><span class=\"screen-reader-text\">P\u00e9ter L\u00e1szl\u00f3<\/span> r\u00e9szletei&#8230;<\/a><\/p>\n","protected":false},"author":1,"featured_media":0,"parent":0,"menu_order":0,"comment_status":"closed","ping_status":"closed","template":"","meta":{"footnotes":""},"class_list":["post-1147","page","type-page","status-publish","hentry"],"_links":{"self":[{"href":"https:\/\/rakosliget.hu\/wordpress\/index.php\/wp-json\/wp\/v2\/pages\/1147","targetHints":{"allow":["GET"]}}],"collection":[{"href":"https:\/\/rakosliget.hu\/wordpress\/index.php\/wp-json\/wp\/v2\/pages"}],"about":[{"href":"https:\/\/rakosliget.hu\/wordpress\/index.php\/wp-json\/wp\/v2\/types\/page"}],"author":[{"embeddable":true,"href":"https:\/\/rakosliget.hu\/wordpress\/index.php\/wp-json\/wp\/v2\/users\/1"}],"replies":[{"embeddable":true,"href":"https:\/\/rakosliget.hu\/wordpress\/index.php\/wp-json\/wp\/v2\/comments?post=1147"}],"version-history":[{"count":1,"href":"https:\/\/rakosliget.hu\/wordpress\/index.php\/wp-json\/wp\/v2\/pages\/1147\/revisions"}],"predecessor-version":[{"id":1148,"href":"https:\/\/rakosliget.hu\/wordpress\/index.php\/wp-json\/wp\/v2\/pages\/1147\/revisions\/1148"}],"wp:attachment":[{"href":"https:\/\/rakosliget.hu\/wordpress\/index.php\/wp-json\/wp\/v2\/media?parent=1147"}],"curies":[{"name":"wp","href":"https:\/\/api.w.org\/{rel}","templated":true}]}}