{"id":1144,"date":"2018-03-23T04:18:46","date_gmt":"2018-03-23T03:18:46","guid":{"rendered":"http:\/\/rakosliget.hu\/wordpress\/?page_id=1144"},"modified":"2018-03-23T04:18:46","modified_gmt":"2018-03-23T03:18:46","slug":"pellerdi-jozsef","status":"publish","type":"page","link":"https:\/\/rakosliget.hu\/wordpress\/index.php\/pellerdi-jozsef\/","title":{"rendered":"Pell\u00e9rdi J\u00f3zsef"},"content":{"rendered":"<h1 align=\"left\"><span data-canvas-width=\"78.81235566444742\">Pell\u00e9rdi J\u00f3zsef<\/span><\/h1>\n<h2 align=\"left\"><span data-canvas-width=\"159.3386420545939\">(R\u00e1koskereszt\u00far, 1908)<\/span><\/h2>\n<h2 align=\"left\">R\u00e1kosliget Nemzeti Bizotts\u00e1g tag<\/h2>\n<p align=\"left\"><span data-canvas-width=\"159.3386420545939\">\u00c9p\u00ed<\/span><span data-canvas-width=\"233.37656880692415\">t\u00e9sztechnikus. 1945-t\u0151l az MKP (MDP) <\/span><span data-canvas-width=\"230.9783593235686\">tagja, k\u0151m\u0171ves kisipa<\/span><span data-canvas-width=\"19.073744790383195\">ros.<\/span><span data-canvas-width=\"91.57046792676432\"> 1945 elej\u00e9n a <\/span><span data-canvas-width=\"57.641107221038624\">R\u00e1kosligeti<\/span><span data-canvas-width=\"66.18618372969375\"> Nemzeti Bizotts\u00e1g tagja.<br \/>\n<\/span><span data-canvas-width=\"168.42958933022643\">&#8211; Nyugd\u00edjas v\u00e1llalati m\u0171vezet\u0151. <\/span><\/p>\n","protected":false},"excerpt":{"rendered":"<p>Pell\u00e9rdi J\u00f3zsef (R\u00e1koskereszt\u00far, 1908) R\u00e1kosliget Nemzeti Bizotts\u00e1g tag \u00c9p\u00edt\u00e9sztechnikus. 1945-t\u0151l az MKP (MDP) tagja, k\u0151m\u0171ves kisiparos. 1945 elej\u00e9n a R\u00e1kosligeti Nemzeti Bizotts\u00e1g tagja. &#8211; Nyugd\u00edjas v\u00e1llalati m\u0171vezet\u0151.<\/p>\n","protected":false},"author":1,"featured_media":0,"parent":0,"menu_order":0,"comment_status":"closed","ping_status":"closed","template":"","meta":{"footnotes":""},"class_list":["post-1144","page","type-page","status-publish","hentry"],"_links":{"self":[{"href":"https:\/\/rakosliget.hu\/wordpress\/index.php\/wp-json\/wp\/v2\/pages\/1144","targetHints":{"allow":["GET"]}}],"collection":[{"href":"https:\/\/rakosliget.hu\/wordpress\/index.php\/wp-json\/wp\/v2\/pages"}],"about":[{"href":"https:\/\/rakosliget.hu\/wordpress\/index.php\/wp-json\/wp\/v2\/types\/page"}],"author":[{"embeddable":true,"href":"https:\/\/rakosliget.hu\/wordpress\/index.php\/wp-json\/wp\/v2\/users\/1"}],"replies":[{"embeddable":true,"href":"https:\/\/rakosliget.hu\/wordpress\/index.php\/wp-json\/wp\/v2\/comments?post=1144"}],"version-history":[{"count":1,"href":"https:\/\/rakosliget.hu\/wordpress\/index.php\/wp-json\/wp\/v2\/pages\/1144\/revisions"}],"predecessor-version":[{"id":1145,"href":"https:\/\/rakosliget.hu\/wordpress\/index.php\/wp-json\/wp\/v2\/pages\/1144\/revisions\/1145"}],"wp:attachment":[{"href":"https:\/\/rakosliget.hu\/wordpress\/index.php\/wp-json\/wp\/v2\/media?parent=1144"}],"curies":[{"name":"wp","href":"https:\/\/api.w.org\/{rel}","templated":true}]}}