{"id":1138,"date":"2018-03-23T04:16:03","date_gmt":"2018-03-23T03:16:03","guid":{"rendered":"http:\/\/rakosliget.hu\/wordpress\/?page_id=1138"},"modified":"2018-03-23T04:16:03","modified_gmt":"2018-03-23T03:16:03","slug":"pataki-lajos","status":"publish","type":"page","link":"https:\/\/rakosliget.hu\/wordpress\/index.php\/pataki-lajos\/","title":{"rendered":"Pataki Lajos"},"content":{"rendered":"<h1 align=\"left\"><span data-canvas-width=\"100.59692728080918\">Pataki Lajos<\/span><\/h1>\n<h2 align=\"left\"><span data-canvas-width=\"226.6728617367581\">(Cs\u00e9pa, 1879-1968)<\/span><\/h2>\n<h2 align=\"left\">a r\u00e1kosligeti <span data-canvas-width=\"310.5266490960874\">ideiglenes k\u00e9pvisel\u0151-test\u00fclet <\/span>tagja<\/h2>\n<p align=\"left\">\n<p align=\"left\"><span data-canvas-width=\"226.6728617367581\">Cip\u00e9sz<\/span><span data-canvas-width=\"309.0440227069471\">seg\u00e9d. 1930-t\u00f3l az SZDP tagja. 1945<\/span><span data-canvas-width=\"308.3590347796114\"> ut\u00e1n kisiparos. 1945-ben a r\u00e1<\/span><span data-canvas-width=\"313.27205163774306\">kosligeti ideiglenes k\u00e9pvisel\u0151-test\u00fclet <\/span><span data-canvas-width=\"45.489012596220405\">tagja. <\/span><\/p>\n","protected":false},"excerpt":{"rendered":"<p>Pataki Lajos (Cs\u00e9pa, 1879-1968) a r\u00e1kosligeti ideiglenes k\u00e9pvisel\u0151-test\u00fclet tagja Cip\u00e9szseg\u00e9d. 1930-t\u00f3l az SZDP tagja. 1945 ut\u00e1n kisiparos. 1945-ben a r\u00e1kosligeti ideiglenes k\u00e9pvisel\u0151-test\u00fclet tagja.<\/p>\n","protected":false},"author":1,"featured_media":0,"parent":0,"menu_order":0,"comment_status":"closed","ping_status":"closed","template":"","meta":{"footnotes":""},"class_list":["post-1138","page","type-page","status-publish","hentry"],"_links":{"self":[{"href":"https:\/\/rakosliget.hu\/wordpress\/index.php\/wp-json\/wp\/v2\/pages\/1138","targetHints":{"allow":["GET"]}}],"collection":[{"href":"https:\/\/rakosliget.hu\/wordpress\/index.php\/wp-json\/wp\/v2\/pages"}],"about":[{"href":"https:\/\/rakosliget.hu\/wordpress\/index.php\/wp-json\/wp\/v2\/types\/page"}],"author":[{"embeddable":true,"href":"https:\/\/rakosliget.hu\/wordpress\/index.php\/wp-json\/wp\/v2\/users\/1"}],"replies":[{"embeddable":true,"href":"https:\/\/rakosliget.hu\/wordpress\/index.php\/wp-json\/wp\/v2\/comments?post=1138"}],"version-history":[{"count":1,"href":"https:\/\/rakosliget.hu\/wordpress\/index.php\/wp-json\/wp\/v2\/pages\/1138\/revisions"}],"predecessor-version":[{"id":1139,"href":"https:\/\/rakosliget.hu\/wordpress\/index.php\/wp-json\/wp\/v2\/pages\/1138\/revisions\/1139"}],"wp:attachment":[{"href":"https:\/\/rakosliget.hu\/wordpress\/index.php\/wp-json\/wp\/v2\/media?parent=1138"}],"curies":[{"name":"wp","href":"https:\/\/api.w.org\/{rel}","templated":true}]}}