{"id":1132,"date":"2018-03-23T04:13:27","date_gmt":"2018-03-23T03:13:27","guid":{"rendered":"http:\/\/rakosliget.hu\/wordpress\/?page_id=1132"},"modified":"2018-03-23T04:13:27","modified_gmt":"2018-03-23T03:13:27","slug":"papai-vince","status":"publish","type":"page","link":"https:\/\/rakosliget.hu\/wordpress\/index.php\/papai-vince\/","title":{"rendered":"P\u00e1pai Vince"},"content":{"rendered":"<h1 align=\"left\">P\u00e1pai Vince<\/h1>\n<h2 align=\"left\">(Budapest, 1883\u2014?)<\/h2>\n<h2 align=\"left\">a R\u00e1kosligeti Nemzeti Bizotts\u00e1g tagja<\/h2>\n<p align=\"left\">\n<p align=\"left\"><span data-canvas-width=\"72.70375942918115\">P\u00e1pai Vince<\/span><span data-canvas-width=\"215.94316790077357\"> , vas- \u00e9s fest\u00e9k<\/span><span data-canvas-width=\"282.34938126433724\">keresked\u0151. 1911-1948-ban az SZDP tagja, <\/span><span data-canvas-width=\"282.92587304347836\">1945 ut\u00e1n a r\u00e1kosligeti szervezet <\/span><span data-canvas-width=\"279.53585073352906\">eln\u00f6ke. 1945 el\u0151tt az SZDP r\u00e1kos<\/span><span data-canvas-width=\"279.2538710589491\">ligeti szervezete vezet\u0151s\u00e9gi tagja; t\u00f6bb alka<\/span><span data-canvas-width=\"278.53638944251804\">lommal letart\u00f3ztatt\u00e1k. 1945-1947-ben a R\u00e1<\/span><span data-canvas-width=\"246.44553592157914\">kosligeti Nemzeti Bizotts\u00e1g tagja, 1945 elej\u00e9n eln\u00f6ke.<br \/>\n<\/span><span data-canvas-width=\"101.520515617498\"><br \/>\n<\/span><\/p>\n","protected":false},"excerpt":{"rendered":"<p>P\u00e1pai Vince (Budapest, 1883\u2014?) a R\u00e1kosligeti Nemzeti Bizotts\u00e1g tagja P\u00e1pai Vince , vas- \u00e9s fest\u00e9kkeresked\u0151. 1911-1948-ban az SZDP tagja, 1945 ut\u00e1n a r\u00e1kosligeti szervezet eln\u00f6ke. 1945 el\u0151tt az SZDP r\u00e1kosligeti szervezete vezet\u0151s\u00e9gi tagja; t\u00f6bb alkalommal letart\u00f3ztatt\u00e1k. 1945-1947-ben a R\u00e1kosligeti Nemzeti Bizotts\u00e1g tagja, 1945 elej\u00e9n eln\u00f6ke.<\/p>\n","protected":false},"author":1,"featured_media":0,"parent":0,"menu_order":0,"comment_status":"closed","ping_status":"closed","template":"","meta":{"footnotes":""},"class_list":["post-1132","page","type-page","status-publish","hentry"],"_links":{"self":[{"href":"https:\/\/rakosliget.hu\/wordpress\/index.php\/wp-json\/wp\/v2\/pages\/1132","targetHints":{"allow":["GET"]}}],"collection":[{"href":"https:\/\/rakosliget.hu\/wordpress\/index.php\/wp-json\/wp\/v2\/pages"}],"about":[{"href":"https:\/\/rakosliget.hu\/wordpress\/index.php\/wp-json\/wp\/v2\/types\/page"}],"author":[{"embeddable":true,"href":"https:\/\/rakosliget.hu\/wordpress\/index.php\/wp-json\/wp\/v2\/users\/1"}],"replies":[{"embeddable":true,"href":"https:\/\/rakosliget.hu\/wordpress\/index.php\/wp-json\/wp\/v2\/comments?post=1132"}],"version-history":[{"count":1,"href":"https:\/\/rakosliget.hu\/wordpress\/index.php\/wp-json\/wp\/v2\/pages\/1132\/revisions"}],"predecessor-version":[{"id":1133,"href":"https:\/\/rakosliget.hu\/wordpress\/index.php\/wp-json\/wp\/v2\/pages\/1132\/revisions\/1133"}],"wp:attachment":[{"href":"https:\/\/rakosliget.hu\/wordpress\/index.php\/wp-json\/wp\/v2\/media?parent=1132"}],"curies":[{"name":"wp","href":"https:\/\/api.w.org\/{rel}","templated":true}]}}