{"id":11305,"date":"2023-04-04T16:32:00","date_gmt":"2023-04-04T15:32:00","guid":{"rendered":"https:\/\/rakosliget.hu\/wordpress\/?page_id=11305"},"modified":"2026-01-23T06:18:58","modified_gmt":"2026-01-23T05:18:58","slug":"kutas-artur","status":"publish","type":"page","link":"https:\/\/rakosliget.hu\/wordpress\/index.php\/kutas-artur\/","title":{"rendered":"KUTAS (KALTENECKER) ART\u00daR (1907- 1998) fest\u0151m\u0171v\u00e9sz"},"content":{"rendered":"\n<div class=\"wp-block-buttons is-content-justification-center is-layout-flex wp-container-core-buttons-is-layout-16018d1d wp-block-buttons-is-layout-flex\">\n<div class=\"wp-block-button\"><a class=\"wp-block-button__link wp-element-button\" href=\"https:\/\/rakosliget.hu\/wordpress\/index.php\/muveszet\/\">VISSZA A M\u0170V\u00c9SZET LAPRA<\/a><\/div>\n<\/div>\n\n\n\n<p><\/p>\n\n\n\n<p>Fest\u0151. R\u00e1kosligeten \u00e9l\u0151 fest\u0151m\u0171v\u00e9szk\u00e9nt m\u00e9g meg\u00f6r\u00f6k\u00edthette a R\u00e1kos-patak term\u00e9szetes \u00e9s romantikus \u00e1llapot\u00e1t, miel\u0151tt m\u00e9g bek\u00f6vetkezett volna k\u00f6rbebetonoz\u00e1sa. Nev\u00e9t Kalteneckerr\u0151l magyaros\u00edtotta Kutasra, hogy elker\u00fclje a n\u00e1cik zaklat\u00e1s\u00e1t \u00e9s ma egy unok\u00e1ja eredeti nev\u00e9n zen\u00e9szk\u00e9nt k\u00e9pviseli a csal\u00e1di alkot\u00f3m\u0171v\u00e9sz hagyom\u00e1nyt. A t\u00e1jfest\u00e9szeten k\u00edv\u00fcl portr\u00e9 \u00e9s csend\u00e9let fest\u00e9s\u00e9vel foglalkozott. Magyarorsz\u00e1gi t\u00e1jakon k\u00edv\u00fcl Sv\u00e9dorsz\u00e1g term\u00e9szeti sz\u00e9ps\u00e9geit is megfestette. K\u00e9pei R\u00e1kosmente int\u00e9zm\u00e9nyeiben \u00e9s mag\u00e1ngy\u0171jtem\u00e9nyekben tal\u00e1lhat\u00f3k, seccoja pedig a r\u00e1kosligeti r\u00f3mai katolikus templomban. <em>(Forr\u00e1s: www.rakosmente.hu)<\/em><\/p>\n\n\n\n<figure class=\"wp-block-image size-large is-resized\"><img loading=\"lazy\" decoding=\"async\" width=\"1024\" height=\"735\" src=\"https:\/\/rakosliget.hu\/wordpress\/wp-content\/uploads\/2023\/04\/secco-1024x735.jpg\" alt=\"\" class=\"wp-image-11310\" style=\"width:690px;height:495px\" srcset=\"https:\/\/rakosliget.hu\/wordpress\/wp-content\/uploads\/2023\/04\/secco-1024x735.jpg 1024w, https:\/\/rakosliget.hu\/wordpress\/wp-content\/uploads\/2023\/04\/secco-300x215.jpg 300w, https:\/\/rakosliget.hu\/wordpress\/wp-content\/uploads\/2023\/04\/secco-768x551.jpg 768w, https:\/\/rakosliget.hu\/wordpress\/wp-content\/uploads\/2023\/04\/secco.jpg 1381w\" sizes=\"auto, (max-width: 1024px) 100vw, 1024px\" \/><\/figure>\n\n\n\n<p>A secco Nagy J\u00e1nos \u00e9s Kutas Art\u00far munk\u00e1ja<\/p>\n\n\n\n<figure class=\"wp-block-image size-large\"><a href=\"http:\/\/rakosliget.hu\/wordpress\/wp-content\/uploads\/2021\/04\/kutas.png\"><img loading=\"lazy\" decoding=\"async\" width=\"520\" height=\"1024\" src=\"https:\/\/rakosliget.hu\/wordpress\/wp-content\/uploads\/2018\/03\/kutas-520x1024.png\" alt=\"\" class=\"wp-image-1302\" srcset=\"https:\/\/rakosliget.hu\/wordpress\/wp-content\/uploads\/2018\/03\/kutas-520x1024.png 520w, https:\/\/rakosliget.hu\/wordpress\/wp-content\/uploads\/2018\/03\/kutas-152x300.png 152w, https:\/\/rakosliget.hu\/wordpress\/wp-content\/uploads\/2018\/03\/kutas-768x1513.png 768w, https:\/\/rakosliget.hu\/wordpress\/wp-content\/uploads\/2018\/03\/kutas.png 1040w\" sizes=\"auto, (max-width: 520px) 100vw, 520px\" \/><\/a><\/figure>\n\n\n\n<p><a href=\"\/muveszek\/kutas.png\">Pest Megyei H\u00edrlap&nbsp;1988. OKT\u00d3BER 25., KEDD<\/a><\/p>\n\n\n\n<div class=\"wp-block-buttons is-content-justification-center is-layout-flex wp-container-core-buttons-is-layout-16018d1d wp-block-buttons-is-layout-flex\">\n<div class=\"wp-block-button\"><a class=\"wp-block-button__link wp-element-button\" href=\"https:\/\/rakosliget.hu\/wordpress\/index.php\/muveszet\/\">VISSZA A M\u0170V\u00c9SZET LAPRA<\/a><\/div>\n<\/div>\n","protected":false},"excerpt":{"rendered":"<p>Fest\u0151. R\u00e1kosligeten \u00e9l\u0151 fest\u0151m\u0171v\u00e9szk\u00e9nt m\u00e9g meg\u00f6r\u00f6k\u00edthette a R\u00e1kos-patak term\u00e9szetes \u00e9s romantikus \u00e1llapot\u00e1t, miel\u0151tt m\u00e9g bek\u00f6vetkezett volna k\u00f6rbebetonoz\u00e1sa. Nev\u00e9t Kalteneckerr\u0151l magyaros\u00edtotta Kutasra, hogy elker\u00fclje a n\u00e1cik zaklat\u00e1s\u00e1t \u00e9s ma egy unok\u00e1ja eredeti nev\u00e9n zen\u00e9szk\u00e9nt k\u00e9pviseli a csal\u00e1di alkot\u00f3m\u0171v\u00e9sz hagyom\u00e1nyt. A t\u00e1jfest\u00e9szeten k\u00edv\u00fcl portr\u00e9 \u00e9s csend\u00e9let fest\u00e9s\u00e9vel foglalkozott. Magyarorsz\u00e1gi t\u00e1jakon k\u00edv\u00fcl Sv\u00e9dorsz\u00e1g term\u00e9szeti sz\u00e9ps\u00e9geit is megfestette. K\u00e9pei &hellip; <a href=\"https:\/\/rakosliget.hu\/wordpress\/index.php\/kutas-artur\/\" class=\"more-link\"><span class=\"screen-reader-text\">KUTAS (KALTENECKER) ART\u00daR (1907- 1998) fest\u0151m\u0171v\u00e9sz<\/span> r\u00e9szletei&#8230;<\/a><\/p>\n","protected":false},"author":1,"featured_media":0,"parent":0,"menu_order":0,"comment_status":"closed","ping_status":"closed","template":"","meta":{"footnotes":""},"class_list":["post-11305","page","type-page","status-publish","hentry"],"_links":{"self":[{"href":"https:\/\/rakosliget.hu\/wordpress\/index.php\/wp-json\/wp\/v2\/pages\/11305","targetHints":{"allow":["GET"]}}],"collection":[{"href":"https:\/\/rakosliget.hu\/wordpress\/index.php\/wp-json\/wp\/v2\/pages"}],"about":[{"href":"https:\/\/rakosliget.hu\/wordpress\/index.php\/wp-json\/wp\/v2\/types\/page"}],"author":[{"embeddable":true,"href":"https:\/\/rakosliget.hu\/wordpress\/index.php\/wp-json\/wp\/v2\/users\/1"}],"replies":[{"embeddable":true,"href":"https:\/\/rakosliget.hu\/wordpress\/index.php\/wp-json\/wp\/v2\/comments?post=11305"}],"version-history":[{"count":7,"href":"https:\/\/rakosliget.hu\/wordpress\/index.php\/wp-json\/wp\/v2\/pages\/11305\/revisions"}],"predecessor-version":[{"id":22063,"href":"https:\/\/rakosliget.hu\/wordpress\/index.php\/wp-json\/wp\/v2\/pages\/11305\/revisions\/22063"}],"wp:attachment":[{"href":"https:\/\/rakosliget.hu\/wordpress\/index.php\/wp-json\/wp\/v2\/media?parent=11305"}],"curies":[{"name":"wp","href":"https:\/\/api.w.org\/{rel}","templated":true}]}}