{"id":1129,"date":"2018-03-23T04:12:22","date_gmt":"2018-03-23T03:12:22","guid":{"rendered":"http:\/\/rakosliget.hu\/wordpress\/?page_id=1129"},"modified":"2018-03-23T04:12:22","modified_gmt":"2018-03-23T03:12:22","slug":"orban-margit","status":"publish","type":"page","link":"https:\/\/rakosliget.hu\/wordpress\/index.php\/orban-margit\/","title":{"rendered":"Orb\u00e1n Margit"},"content":{"rendered":"<h1 align=\"left\"><span data-canvas-width=\"106.2367217806761\">Orb\u00e1n Margit<\/span><\/h1>\n<h2 align=\"left\"><span data-canvas-width=\"11.739275858131492\">(<\/span><span data-canvas-width=\"80.81949070508387\">R\u00e1kosliget<\/span><span data-canvas-width=\"129.67711767074798\">, 1915-1949)<\/span><\/h2>\n<h2 align=\"left\">a r\u00e1kosligeti <span data-canvas-width=\"310.5266490960874\">k\u00e9pvisel\u0151-test\u00fclet <\/span>tagja<\/h2>\n<p align=\"left\">\n<p align=\"left\"><span data-canvas-width=\"129.67711767074798\">V\u00e9<\/span><span data-canvas-width=\"42.605555337982445\">d\u0151n\u0151.<\/span><span data-canvas-width=\"267.2997319097685\"> 1945-t\u0151l az SZDP tagja. 1945<\/span><span data-canvas-width=\"309.12578519164236\"> ut\u00e1n a r\u00e1kosligeti k\u00e9pvisel\u0151-test\u00fclet<\/span><span data-canvas-width=\"69.55443725818476\"> tagja. <\/span><\/p>\n","protected":false},"excerpt":{"rendered":"<p>Orb\u00e1n Margit (R\u00e1kosliget, 1915-1949) a r\u00e1kosligeti k\u00e9pvisel\u0151-test\u00fclet tagja V\u00e9d\u0151n\u0151. 1945-t\u0151l az SZDP tagja. 1945 ut\u00e1n a r\u00e1kosligeti k\u00e9pvisel\u0151-test\u00fclet tagja.<\/p>\n","protected":false},"author":1,"featured_media":0,"parent":0,"menu_order":0,"comment_status":"closed","ping_status":"closed","template":"","meta":{"footnotes":""},"class_list":["post-1129","page","type-page","status-publish","hentry"],"_links":{"self":[{"href":"https:\/\/rakosliget.hu\/wordpress\/index.php\/wp-json\/wp\/v2\/pages\/1129","targetHints":{"allow":["GET"]}}],"collection":[{"href":"https:\/\/rakosliget.hu\/wordpress\/index.php\/wp-json\/wp\/v2\/pages"}],"about":[{"href":"https:\/\/rakosliget.hu\/wordpress\/index.php\/wp-json\/wp\/v2\/types\/page"}],"author":[{"embeddable":true,"href":"https:\/\/rakosliget.hu\/wordpress\/index.php\/wp-json\/wp\/v2\/users\/1"}],"replies":[{"embeddable":true,"href":"https:\/\/rakosliget.hu\/wordpress\/index.php\/wp-json\/wp\/v2\/comments?post=1129"}],"version-history":[{"count":1,"href":"https:\/\/rakosliget.hu\/wordpress\/index.php\/wp-json\/wp\/v2\/pages\/1129\/revisions"}],"predecessor-version":[{"id":1130,"href":"https:\/\/rakosliget.hu\/wordpress\/index.php\/wp-json\/wp\/v2\/pages\/1129\/revisions\/1130"}],"wp:attachment":[{"href":"https:\/\/rakosliget.hu\/wordpress\/index.php\/wp-json\/wp\/v2\/media?parent=1129"}],"curies":[{"name":"wp","href":"https:\/\/api.w.org\/{rel}","templated":true}]}}