{"id":11280,"date":"2023-03-31T20:52:17","date_gmt":"2023-03-31T19:52:17","guid":{"rendered":"https:\/\/rakosliget.hu\/wordpress\/?page_id=11280"},"modified":"2026-01-23T06:37:31","modified_gmt":"2026-01-23T05:37:31","slug":"mark-tivadar","status":"publish","type":"page","link":"https:\/\/rakosliget.hu\/wordpress\/index.php\/mark-tivadar\/","title":{"rendered":"M\u00c1RK TIVADAR jelmeztervez\u0151"},"content":{"rendered":"\n<div class=\"wp-block-buttons is-content-justification-center is-layout-flex wp-container-core-buttons-is-layout-16018d1d wp-block-buttons-is-layout-flex\">\n<div class=\"wp-block-button\"><a class=\"wp-block-button__link wp-element-button\" href=\"https:\/\/rakosliget.hu\/wordpress\/index.php\/muveszet\/\">VISSZA A M\u0170V\u00c9SZET LAPRA<\/a><\/div>\n<\/div>\n\n\n\n<p>(R\u00e1kosliget, 1908. m\u00e1jus 11.&nbsp;<strong>\u2013<\/strong>&nbsp;Budapest, 2003. szeptember 27.)<\/p>\n\n\n\n<p>Jelmeztervez\u0151, Kossuth-d\u00edjas, kiv\u00e1l\u00f3 m\u0171v\u00e9sz (1952), az Operah\u00e1z \u00f6r\u00f6k\u00f6s tagja. Az Iparm\u0171v\u00e9szeti F\u0151iskola textil szak\u00e1ra j\u00e1rt, ahonnan tehets\u00e9gtelens\u00e9g miatt az egyik tan\u00e1ra el akarta tan\u00e1csolni. Ennek ellen\u00e9re 1932-ben kit\u00fcntet\u00e9ssel v\u00e9gezte el a f\u0151iskol\u00e1t. Elnyerte a f\u0151v\u00e1ros \u00e1ltal felaj\u00e1nlott egyetlen \u00f6szt\u00f6nd\u00edjat, mellyel elkezdhette p\u00e1ly\u00e1j\u00e1t. 1934-ben Zsindelyn\u00e9 T\u00fcd\u0151s Kl\u00e1ra felvette az Operh\u00e1zba jelm,eztervez\u0151 gyakornoknak. K\u00e9s\u0151bb Ol\u00e1h Guszt\u00e1v szakmai ir\u00e1ny\u00edt\u00e1sa alatt dolgozott. Elv\u00e9gezte a P\u00e1zm\u00e1ny P\u00e9ter Tudom\u00e1nyegyetem m\u0171v\u00e9szett\u00f6rt\u00e9net szak\u00e1t. 52 \u00e9vig \u00e9lt R\u00e1kosligeten.<\/p>\n\n\n\n<p><a href=\"https:\/\/www.filmkultura.hu\/regi\/2004\/articles\/profiles\/markt.hu.html\">T\u00f3th \u00c1gnes Veronika cikke a Filmkult\u00far\u00e1ban<\/a><\/p>\n\n\n\n<p><\/p>\n","protected":false},"excerpt":{"rendered":"<p>(R\u00e1kosliget, 1908. m\u00e1jus 11.&nbsp;\u2013&nbsp;Budapest, 2003. szeptember 27.) Jelmeztervez\u0151, Kossuth-d\u00edjas, kiv\u00e1l\u00f3 m\u0171v\u00e9sz (1952), az Operah\u00e1z \u00f6r\u00f6k\u00f6s tagja. Az Iparm\u0171v\u00e9szeti F\u0151iskola textil szak\u00e1ra j\u00e1rt, ahonnan tehets\u00e9gtelens\u00e9g miatt az egyik tan\u00e1ra el akarta tan\u00e1csolni. Ennek ellen\u00e9re 1932-ben kit\u00fcntet\u00e9ssel v\u00e9gezte el a f\u0151iskol\u00e1t. Elnyerte a f\u0151v\u00e1ros \u00e1ltal felaj\u00e1nlott egyetlen \u00f6szt\u00f6nd\u00edjat, mellyel elkezdhette p\u00e1ly\u00e1j\u00e1t. 1934-ben Zsindelyn\u00e9 T\u00fcd\u0151s Kl\u00e1ra felvette az &hellip; <a href=\"https:\/\/rakosliget.hu\/wordpress\/index.php\/mark-tivadar\/\" class=\"more-link\"><span class=\"screen-reader-text\">M\u00c1RK TIVADAR jelmeztervez\u0151<\/span> r\u00e9szletei&#8230;<\/a><\/p>\n","protected":false},"author":1,"featured_media":0,"parent":0,"menu_order":0,"comment_status":"closed","ping_status":"closed","template":"","meta":{"footnotes":""},"class_list":["post-11280","page","type-page","status-publish","hentry"],"_links":{"self":[{"href":"https:\/\/rakosliget.hu\/wordpress\/index.php\/wp-json\/wp\/v2\/pages\/11280","targetHints":{"allow":["GET"]}}],"collection":[{"href":"https:\/\/rakosliget.hu\/wordpress\/index.php\/wp-json\/wp\/v2\/pages"}],"about":[{"href":"https:\/\/rakosliget.hu\/wordpress\/index.php\/wp-json\/wp\/v2\/types\/page"}],"author":[{"embeddable":true,"href":"https:\/\/rakosliget.hu\/wordpress\/index.php\/wp-json\/wp\/v2\/users\/1"}],"replies":[{"embeddable":true,"href":"https:\/\/rakosliget.hu\/wordpress\/index.php\/wp-json\/wp\/v2\/comments?post=11280"}],"version-history":[{"count":5,"href":"https:\/\/rakosliget.hu\/wordpress\/index.php\/wp-json\/wp\/v2\/pages\/11280\/revisions"}],"predecessor-version":[{"id":22077,"href":"https:\/\/rakosliget.hu\/wordpress\/index.php\/wp-json\/wp\/v2\/pages\/11280\/revisions\/22077"}],"wp:attachment":[{"href":"https:\/\/rakosliget.hu\/wordpress\/index.php\/wp-json\/wp\/v2\/media?parent=11280"}],"curies":[{"name":"wp","href":"https:\/\/api.w.org\/{rel}","templated":true}]}}