{"id":11272,"date":"2023-03-31T20:37:07","date_gmt":"2023-03-31T19:37:07","guid":{"rendered":"https:\/\/rakosliget.hu\/wordpress\/?page_id=11272"},"modified":"2026-02-02T20:22:49","modified_gmt":"2026-02-02T19:22:49","slug":"javor-maria","status":"publish","type":"page","link":"https:\/\/rakosliget.hu\/wordpress\/index.php\/javor-maria\/","title":{"rendered":"J\u00c1VOR M\u00c1RIA opra\u00e9nekes"},"content":{"rendered":"\n<p>(R\u00e1kosliget, 1889. okt\u00f3ber 11. \u2013 Honolulu, USA, 1976. j\u00falius 9.)<\/p>\n\n\n\n<div class=\"wp-block-buttons is-content-justification-center is-layout-flex wp-container-core-buttons-is-layout-16018d1d wp-block-buttons-is-layout-flex\">\n<div class=\"wp-block-button\"><a class=\"wp-block-button__link wp-element-button\" href=\"https:\/\/rakosliget.hu\/wordpress\/index.php\/muveszet\/\">VISSZA A M\u0170V\u00c9SZET LAPRA<\/a><\/div>\n<\/div>\n\n\n\n<p><\/p>\n\n\n\n<p>Opera\u00e9nekesn\u0151. Egy ideig a budapesti N\u00e9poper\u00e1ban m\u0171k\u00f6d\u00f6tt. Els\u0151 fell\u00e9p\u00e9se a Quo vadisban volt. F\u00e9rje V\u00e1rnay S\u00e1ndor (1889-1924) opera\u00e9nekes volt, le\u00e1nyuk Astrid Varnay opera\u00e9nekesn\u0151.1941-ben deb\u00fct\u00e1lt a New York-i Metben, ahol pr\u00f3ba n\u00e9lk\u00fcl kellett beugrania Lotte Lehmann helyett a Walk\u00fcr Sieglind\u00e9je szerep\u00e9ben. A hatalmas sikerrel legend\u00e1s karrier indult: a m\u0171v\u00e9szn\u0151 Verdi, Strauss \u00e9s legink\u00e1bb Wagner oper\u00e1inak c\u00edmszerepeiben h\u00f3d\u00edtotta meg a vil\u00e1g sz\u00ednpadait. <em>Forr\u00e1s: Fidelio<\/em><\/p>\n\n\n<div class=\"wp-block-image\">\n<figure class=\"aligncenter size-full\"><img loading=\"lazy\" decoding=\"async\" width=\"278\" height=\"300\" src=\"https:\/\/rakosliget.hu\/wordpress\/wp-content\/uploads\/2023\/03\/javor-maria.jpg\" alt=\"\" class=\"wp-image-11276\"\/><\/figure>\n<\/div>\n\n\n<div class=\"wp-block-buttons is-content-justification-center is-layout-flex wp-container-core-buttons-is-layout-16018d1d wp-block-buttons-is-layout-flex\">\n<div class=\"wp-block-button\"><a class=\"wp-block-button__link wp-element-button\" href=\"https:\/\/rakosliget.hu\/wordpress\/index.php\/muveszet\/\">vissza a m\u0171v\u00e9szet lapra<\/a><\/div>\n<\/div>\n","protected":false},"excerpt":{"rendered":"<p>(R\u00e1kosliget, 1889. okt\u00f3ber 11. \u2013 Honolulu, USA, 1976. j\u00falius 9.) Opera\u00e9nekesn\u0151. Egy ideig a budapesti N\u00e9poper\u00e1ban m\u0171k\u00f6d\u00f6tt. Els\u0151 fell\u00e9p\u00e9se a Quo vadisban volt. F\u00e9rje V\u00e1rnay S\u00e1ndor (1889-1924) opera\u00e9nekes volt, le\u00e1nyuk Astrid Varnay opera\u00e9nekesn\u0151.1941-ben deb\u00fct\u00e1lt a New York-i Metben, ahol pr\u00f3ba n\u00e9lk\u00fcl kellett beugrania Lotte Lehmann helyett a Walk\u00fcr Sieglind\u00e9je szerep\u00e9ben. A hatalmas sikerrel legend\u00e1s karrier &hellip; <a href=\"https:\/\/rakosliget.hu\/wordpress\/index.php\/javor-maria\/\" class=\"more-link\"><span class=\"screen-reader-text\">J\u00c1VOR M\u00c1RIA opra\u00e9nekes<\/span> r\u00e9szletei&#8230;<\/a><\/p>\n","protected":false},"author":1,"featured_media":0,"parent":0,"menu_order":0,"comment_status":"closed","ping_status":"closed","template":"","meta":{"footnotes":""},"class_list":["post-11272","page","type-page","status-publish","hentry"],"_links":{"self":[{"href":"https:\/\/rakosliget.hu\/wordpress\/index.php\/wp-json\/wp\/v2\/pages\/11272","targetHints":{"allow":["GET"]}}],"collection":[{"href":"https:\/\/rakosliget.hu\/wordpress\/index.php\/wp-json\/wp\/v2\/pages"}],"about":[{"href":"https:\/\/rakosliget.hu\/wordpress\/index.php\/wp-json\/wp\/v2\/types\/page"}],"author":[{"embeddable":true,"href":"https:\/\/rakosliget.hu\/wordpress\/index.php\/wp-json\/wp\/v2\/users\/1"}],"replies":[{"embeddable":true,"href":"https:\/\/rakosliget.hu\/wordpress\/index.php\/wp-json\/wp\/v2\/comments?post=11272"}],"version-history":[{"count":6,"href":"https:\/\/rakosliget.hu\/wordpress\/index.php\/wp-json\/wp\/v2\/pages\/11272\/revisions"}],"predecessor-version":[{"id":22799,"href":"https:\/\/rakosliget.hu\/wordpress\/index.php\/wp-json\/wp\/v2\/pages\/11272\/revisions\/22799"}],"wp:attachment":[{"href":"https:\/\/rakosliget.hu\/wordpress\/index.php\/wp-json\/wp\/v2\/media?parent=11272"}],"curies":[{"name":"wp","href":"https:\/\/api.w.org\/{rel}","templated":true}]}}