{"id":11262,"date":"2023-03-31T17:27:09","date_gmt":"2023-03-31T16:27:09","guid":{"rendered":"https:\/\/rakosliget.hu\/wordpress\/?page_id=11262"},"modified":"2024-02-18T07:01:40","modified_gmt":"2024-02-18T06:01:40","slug":"sarkany-lorand","status":"publish","type":"page","link":"https:\/\/rakosliget.hu\/wordpress\/index.php\/sarkany-lorand\/","title":{"rendered":"S\u00c1RK\u00c1NY L\u00d3R\u00c1ND fest\u0151m\u0171v\u00e9sz"},"content":{"rendered":"\n<p>D\u00c9S, 1904. m\u00e1jus 6. D\u00e9s, Szolnok-Doboka v\u00e1rmegye &#8211;  BUDAPEST 1973. szeptember 17.<\/p>\n\n\n\n<p>Fest\u0151, grafikus. Rajztan\u00e1ri diplom\u00e1t szerzett, majd Miskolcon folytatott tanulm\u00e1nyokat. 1923-t\u00f3l a K\u00e9pz\u0151m\u0171v\u00e9szeti F\u0151iskol\u00e1n Benkhard \u00c1gost volt a mestere. Cserk\u00e9szfi\u00fa, R\u00e1kosliget c\u00edmmel a r\u00e1kosligeti Hunyadi J\u00e1nos cserk\u00e9szcsapat lapj\u00e1t szerkeszti. 1930-ban \u00e1llami \u00f6szt\u00f6nd\u00edjjal P\u00e1rizsban, majd 1930-1931-ben R\u00f3m\u00e1ban, a Collegium Hungaricumban k\u00e9pezte mag\u00e1t. Tanulm\u00e1nyai befejez\u00e9se ut\u00e1n a p\u00e1rizsi \u00c9cole des Beaux-Arts kompoz\u00edci\u00f3s oszt\u00e1ly\u00e1n dolgozott (1929\u20131930). Nagyobb tanulm\u00e1nyutakat tett Olaszorsz\u00e1gban, Sv\u00e1jcban, N\u00e9metorsz\u00e1gban \u00e9s a Szovjetuni\u00f3ban.1927-t\u0151l rendszeresen k\u00e1ll\u00edt\u00f3 m\u0171v\u00e9sz. Az 1930-as \u00e9vek  m\u0171v\u00e9szeti k\u00f6z\u00e9let\u00e9t R\u00e1kosment\u00e9n S\u00e1rk\u00e1ny L\u00f3r\u00e1nd fest\u0151m\u0171v\u00e9sz szervezte meg tan\u00edtv\u00e1nyaival \u00e9s bar\u00e1taival, <a href=\"https:\/\/rakosliget.hu\/wordpress\/index.php\/benyi-laszlo\/\">B\u00e9nyi L\u00e1szl\u00f3val<\/a>, Kutas Art\u00farral \u00e9s M\u00e1rk Tivadarral.T\u00f6bb f\u0151v\u00e1rosi iskol\u00e1ban dolgozott tan\u00e1rk\u00e9nt. Hossz\u00fa ideig folytatott pedag\u00f3giai tev\u00e9kenys\u00e9get, az Iparm\u0171v\u00e9szeti Iskolai grafikai szakoszt\u00e1ly\u00e1n, a budai tan\u00edt\u00f3k\u00e9pz\u0151ben, majd az egyetemi gyakorl\u00f3 iskol\u00e1ban. \u0150 hozta l\u00e9tre a v\u00f6r\u00f6sber\u00e9nyi, a balatonbogl\u00e1ri m\u0171v\u00e9sztelepet, s a budapesti Pedag\u00f3gus K\u00e9pz\u0151m\u0171v\u00e9szek St\u00fadi\u00f3j\u00e1nak egyik ir\u00e1ny\u00edt\u00f3ja, a Miskolci M\u0171v\u00e9szek T\u00e1rsas\u00e1g\u00e1nak alap\u00edt\u00f3 tagja.T\u00f6bbek k\u00f6z\u00f6tt 1961-ben Sz\u00e9kely Bertalan-d\u00edjat kapott. Egy alkot\u00e1s\u00e1t a Nemzeti Gal\u00e9ria \u0151rzi. A Farkasr\u00e9ti temet\u0151ben a D parcella 833. f\u00fclk\u00e9ben nyugszik.<\/p>\n\n\n\n<p><strong>Egy\u00e9ni ki\u00e1ll\u00edt\u00e1sok<\/strong>:<br>1957 \u2022 Magyar Optikai M\u0171vek, Budapest<br>1959 \u2022 Ernst M\u00fazeum, Budapest<br>1963 \u2022 E\u00f6tv\u00f6s Klub, Budapest<br>1966 \u2022 F\u00e1klya Klub, Budapest<br>1967 \u2022 Hazafias N\u00e9pfront XI. ker\u00fcleti Klubja, Budapest<br>1968 \u2022 Pa\u00e1l Terem, Budapest<\/p>\n\n\n\n<hr class=\"wp-block-separator has-alpha-channel-opacity\"\/>\n\n\n<div class=\"wp-block-image\">\n<figure class=\"aligncenter size-full\"><img loading=\"lazy\" decoding=\"async\" width=\"375\" height=\"500\" src=\"https:\/\/rakosliget.hu\/wordpress\/wp-content\/uploads\/2018\/10\/Rakosligeti-templom-009.jpg\" alt=\"\" class=\"wp-image-1664\" srcset=\"https:\/\/rakosliget.hu\/wordpress\/wp-content\/uploads\/2018\/10\/Rakosligeti-templom-009.jpg 375w, https:\/\/rakosliget.hu\/wordpress\/wp-content\/uploads\/2018\/10\/Rakosligeti-templom-009-225x300.jpg 225w\" sizes=\"auto, (max-width: 375px) 100vw, 375px\" \/><\/figure>\n<\/div>\n\n\n<p class=\"has-text-align-center\">S\u00e1rk\u00e1ny L\u00f3r\u00e1nd olt\u00e1rk\u00e9pe a r\u00e1kosligeti evang\u00e9likus templomban.<\/p>\n\n\n\n<hr class=\"wp-block-separator has-alpha-channel-opacity\"\/>\n\n\n<div class=\"wp-block-image\">\n<figure class=\"aligncenter size-full is-resized\"><img loading=\"lazy\" decoding=\"async\" width=\"528\" height=\"778\" src=\"https:\/\/rakosliget.hu\/wordpress\/wp-content\/uploads\/2023\/03\/sarkany.jpg\" alt=\"\" class=\"wp-image-11269\" style=\"width:528px;height:778px\" srcset=\"https:\/\/rakosliget.hu\/wordpress\/wp-content\/uploads\/2023\/03\/sarkany.jpg 528w, https:\/\/rakosliget.hu\/wordpress\/wp-content\/uploads\/2023\/03\/sarkany-204x300.jpg 204w\" sizes=\"auto, (max-width: 528px) 100vw, 528px\" \/><\/figure>\n<\/div>\n\n\n<p class=\"has-text-align-center\"><em>Forr\u00e1s: Kov\u00e1cs Istv\u00e1n R\u00e1kosliget t\u00f6rt\u00e9nete -Az els\u0151 \u00e9vtizedek- 1997. 51. oldal<\/em><\/p>\n\n\n\n<hr class=\"wp-block-separator has-alpha-channel-opacity\"\/>\n\n\n\n<figure class=\"wp-block-image size-large\"><img loading=\"lazy\" decoding=\"async\" width=\"650\" height=\"1024\" src=\"https:\/\/rakosliget.hu\/wordpress\/wp-content\/uploads\/2024\/02\/45731180-650x1024.jpg\" alt=\"\" class=\"wp-image-12360\" srcset=\"https:\/\/rakosliget.hu\/wordpress\/wp-content\/uploads\/2024\/02\/45731180-650x1024.jpg 650w, https:\/\/rakosliget.hu\/wordpress\/wp-content\/uploads\/2024\/02\/45731180-191x300.jpg 191w, https:\/\/rakosliget.hu\/wordpress\/wp-content\/uploads\/2024\/02\/45731180-768x1209.jpg 768w, https:\/\/rakosliget.hu\/wordpress\/wp-content\/uploads\/2024\/02\/45731180-975x1536.jpg 975w, https:\/\/rakosliget.hu\/wordpress\/wp-content\/uploads\/2024\/02\/45731180.jpg 1220w\" sizes=\"auto, (max-width: 650px) 100vw, 650px\" \/><\/figure>\n\n\n\n<p>Forr\u00e1s: https:\/\/www.antikvarium.hu\/aukcio\/index.php?t=cd&amp;bid=1138105&amp;aid=30417<\/p>\n\n\n\n<figure class=\"wp-block-image size-large\"><img loading=\"lazy\" decoding=\"async\" width=\"1024\" height=\"660\" src=\"https:\/\/rakosliget.hu\/wordpress\/wp-content\/uploads\/2024\/02\/45731178-1024x660.jpg\" alt=\"\" class=\"wp-image-12361\" srcset=\"https:\/\/rakosliget.hu\/wordpress\/wp-content\/uploads\/2024\/02\/45731178-1024x660.jpg 1024w, https:\/\/rakosliget.hu\/wordpress\/wp-content\/uploads\/2024\/02\/45731178-300x193.jpg 300w, https:\/\/rakosliget.hu\/wordpress\/wp-content\/uploads\/2024\/02\/45731178-768x495.jpg 768w, https:\/\/rakosliget.hu\/wordpress\/wp-content\/uploads\/2024\/02\/45731178-1536x991.jpg 1536w, https:\/\/rakosliget.hu\/wordpress\/wp-content\/uploads\/2024\/02\/45731178.jpg 1884w\" sizes=\"auto, (max-width: 1024px) 100vw, 1024px\" \/><\/figure>\n\n\n\n<hr class=\"wp-block-separator has-alpha-channel-opacity\"\/>\n","protected":false},"excerpt":{"rendered":"<p>D\u00c9S, 1904. m\u00e1jus 6. D\u00e9s, Szolnok-Doboka v\u00e1rmegye &#8211; BUDAPEST 1973. szeptember 17. Fest\u0151, grafikus. Rajztan\u00e1ri diplom\u00e1t szerzett, majd Miskolcon folytatott tanulm\u00e1nyokat. 1923-t\u00f3l a K\u00e9pz\u0151m\u0171v\u00e9szeti F\u0151iskol\u00e1n Benkhard \u00c1gost volt a mestere. Cserk\u00e9szfi\u00fa, R\u00e1kosliget c\u00edmmel a r\u00e1kosligeti Hunyadi J\u00e1nos cserk\u00e9szcsapat lapj\u00e1t szerkeszti. 1930-ban \u00e1llami \u00f6szt\u00f6nd\u00edjjal P\u00e1rizsban, majd 1930-1931-ben R\u00f3m\u00e1ban, a Collegium Hungaricumban k\u00e9pezte mag\u00e1t. Tanulm\u00e1nyai befejez\u00e9se ut\u00e1n &hellip; <a href=\"https:\/\/rakosliget.hu\/wordpress\/index.php\/sarkany-lorand\/\" class=\"more-link\"><span class=\"screen-reader-text\">S\u00c1RK\u00c1NY L\u00d3R\u00c1ND fest\u0151m\u0171v\u00e9sz<\/span> r\u00e9szletei&#8230;<\/a><\/p>\n","protected":false},"author":1,"featured_media":0,"parent":0,"menu_order":0,"comment_status":"closed","ping_status":"closed","template":"","meta":{"footnotes":""},"class_list":["post-11262","page","type-page","status-publish","hentry"],"_links":{"self":[{"href":"https:\/\/rakosliget.hu\/wordpress\/index.php\/wp-json\/wp\/v2\/pages\/11262","targetHints":{"allow":["GET"]}}],"collection":[{"href":"https:\/\/rakosliget.hu\/wordpress\/index.php\/wp-json\/wp\/v2\/pages"}],"about":[{"href":"https:\/\/rakosliget.hu\/wordpress\/index.php\/wp-json\/wp\/v2\/types\/page"}],"author":[{"embeddable":true,"href":"https:\/\/rakosliget.hu\/wordpress\/index.php\/wp-json\/wp\/v2\/users\/1"}],"replies":[{"embeddable":true,"href":"https:\/\/rakosliget.hu\/wordpress\/index.php\/wp-json\/wp\/v2\/comments?post=11262"}],"version-history":[{"count":10,"href":"https:\/\/rakosliget.hu\/wordpress\/index.php\/wp-json\/wp\/v2\/pages\/11262\/revisions"}],"predecessor-version":[{"id":12365,"href":"https:\/\/rakosliget.hu\/wordpress\/index.php\/wp-json\/wp\/v2\/pages\/11262\/revisions\/12365"}],"wp:attachment":[{"href":"https:\/\/rakosliget.hu\/wordpress\/index.php\/wp-json\/wp\/v2\/media?parent=11262"}],"curies":[{"name":"wp","href":"https:\/\/api.w.org\/{rel}","templated":true}]}}