{"id":1125,"date":"2018-03-23T04:11:01","date_gmt":"2018-03-23T03:11:01","guid":{"rendered":"http:\/\/rakosliget.hu\/wordpress\/?page_id=1125"},"modified":"2018-03-23T04:11:19","modified_gmt":"2018-03-23T03:11:19","slug":"orban-jakab","status":"publish","type":"page","link":"https:\/\/rakosliget.hu\/wordpress\/index.php\/orban-jakab\/","title":{"rendered":"Orb\u00e1n Jakab"},"content":{"rendered":"<h1 align=\"left\"><span data-canvas-width=\"105.45180192760186\">Orb\u00e1n Jakab<\/span><\/h1>\n<h2 align=\"left\"><span data-canvas-width=\"222.60654083124842\">(Resicab\u00e1nya, 1888-?)<\/span><\/h2>\n<h2 align=\"left\">a r\u00e1kosligeti <span data-canvas-width=\"310.04152502022896\">el\u00f6lj\u00e1r\u00f3s\u00e1g<\/span> tagja<\/h2>\n<p align=\"left\"><span data-canvas-width=\"222.60654083124842\">Fa<\/span><span data-canvas-width=\"314.1278323108865\">szobr\u00e1sz, lakatosseg\u00e9d. 1907-t\u0151l vett <\/span><span data-canvas-width=\"315.139870177003\">r\u00e9szt a munk\u00e1smozgalomban, 1945-t\u0151l az <\/span><span data-canvas-width=\"312.88867643172756\">SZDP tagja. 1945 ut\u00e1n M\u00c1V <\/span><span data-canvas-width=\"310.26137525685397\">nyugd\u00edjas. 1945-ben a r\u00e1kosligeti el\u00f6lj\u00e1<\/span><span data-canvas-width=\"91.11974683257924\">r\u00f3s\u00e1g tagja. <\/span><\/p>\n","protected":false},"excerpt":{"rendered":"<p>Orb\u00e1n Jakab (Resicab\u00e1nya, 1888-?) a r\u00e1kosligeti el\u00f6lj\u00e1r\u00f3s\u00e1g tagja Faszobr\u00e1sz, lakatosseg\u00e9d. 1907-t\u0151l vett r\u00e9szt a munk\u00e1smozgalomban, 1945-t\u0151l az SZDP tagja. 1945 ut\u00e1n M\u00c1V nyugd\u00edjas. 1945-ben a r\u00e1kosligeti el\u00f6lj\u00e1r\u00f3s\u00e1g tagja.<\/p>\n","protected":false},"author":1,"featured_media":0,"parent":0,"menu_order":0,"comment_status":"closed","ping_status":"closed","template":"","meta":{"footnotes":""},"class_list":["post-1125","page","type-page","status-publish","hentry"],"_links":{"self":[{"href":"https:\/\/rakosliget.hu\/wordpress\/index.php\/wp-json\/wp\/v2\/pages\/1125","targetHints":{"allow":["GET"]}}],"collection":[{"href":"https:\/\/rakosliget.hu\/wordpress\/index.php\/wp-json\/wp\/v2\/pages"}],"about":[{"href":"https:\/\/rakosliget.hu\/wordpress\/index.php\/wp-json\/wp\/v2\/types\/page"}],"author":[{"embeddable":true,"href":"https:\/\/rakosliget.hu\/wordpress\/index.php\/wp-json\/wp\/v2\/users\/1"}],"replies":[{"embeddable":true,"href":"https:\/\/rakosliget.hu\/wordpress\/index.php\/wp-json\/wp\/v2\/comments?post=1125"}],"version-history":[{"count":2,"href":"https:\/\/rakosliget.hu\/wordpress\/index.php\/wp-json\/wp\/v2\/pages\/1125\/revisions"}],"predecessor-version":[{"id":1127,"href":"https:\/\/rakosliget.hu\/wordpress\/index.php\/wp-json\/wp\/v2\/pages\/1125\/revisions\/1127"}],"wp:attachment":[{"href":"https:\/\/rakosliget.hu\/wordpress\/index.php\/wp-json\/wp\/v2\/media?parent=1125"}],"curies":[{"name":"wp","href":"https:\/\/api.w.org\/{rel}","templated":true}]}}