{"id":1123,"date":"2018-03-23T04:09:40","date_gmt":"2018-03-23T03:09:40","guid":{"rendered":"http:\/\/rakosliget.hu\/wordpress\/?page_id=1123"},"modified":"2018-03-23T04:09:40","modified_gmt":"2018-03-23T03:09:40","slug":"olah-janos","status":"publish","type":"page","link":"https:\/\/rakosliget.hu\/wordpress\/index.php\/olah-janos\/","title":{"rendered":"Ol\u00e1h J\u00e1nos (?)"},"content":{"rendered":"<h1 align=\"left\"><span data-canvas-width=\"85.41454234495612\">Ol\u00e1h J\u00e1nos<\/span><span data-canvas-width=\"242.09508329438393\"> (?) <\/span><\/h1>\n<h2 align=\"left\">a r\u00e1kosligeti <span data-canvas-width=\"310.04152502022896\">k\u00e9pvisel\u0151-test\u00fclet<\/span> tagja<\/h2>\n<p align=\"left\">\n<p align=\"left\"><span data-canvas-width=\"242.09508329438393\">1945-ben a r\u00e1kosligeti ideig<\/span><span data-canvas-width=\"221.93063762443447\">lenes k\u00e9pvisel\u0151-test\u00fclet tagja.<br \/>\n<\/span><span data-canvas-width=\"247.23340122145333\"><br \/>\n<\/span><\/p>\n","protected":false},"excerpt":{"rendered":"<p>Ol\u00e1h J\u00e1nos (?) a r\u00e1kosligeti k\u00e9pvisel\u0151-test\u00fclet tagja 1945-ben a r\u00e1kosligeti ideiglenes k\u00e9pvisel\u0151-test\u00fclet tagja.<\/p>\n","protected":false},"author":1,"featured_media":0,"parent":0,"menu_order":0,"comment_status":"closed","ping_status":"closed","template":"","meta":{"footnotes":""},"class_list":["post-1123","page","type-page","status-publish","hentry"],"_links":{"self":[{"href":"https:\/\/rakosliget.hu\/wordpress\/index.php\/wp-json\/wp\/v2\/pages\/1123","targetHints":{"allow":["GET"]}}],"collection":[{"href":"https:\/\/rakosliget.hu\/wordpress\/index.php\/wp-json\/wp\/v2\/pages"}],"about":[{"href":"https:\/\/rakosliget.hu\/wordpress\/index.php\/wp-json\/wp\/v2\/types\/page"}],"author":[{"embeddable":true,"href":"https:\/\/rakosliget.hu\/wordpress\/index.php\/wp-json\/wp\/v2\/users\/1"}],"replies":[{"embeddable":true,"href":"https:\/\/rakosliget.hu\/wordpress\/index.php\/wp-json\/wp\/v2\/comments?post=1123"}],"version-history":[{"count":1,"href":"https:\/\/rakosliget.hu\/wordpress\/index.php\/wp-json\/wp\/v2\/pages\/1123\/revisions"}],"predecessor-version":[{"id":1124,"href":"https:\/\/rakosliget.hu\/wordpress\/index.php\/wp-json\/wp\/v2\/pages\/1123\/revisions\/1124"}],"wp:attachment":[{"href":"https:\/\/rakosliget.hu\/wordpress\/index.php\/wp-json\/wp\/v2\/media?parent=1123"}],"curies":[{"name":"wp","href":"https:\/\/api.w.org\/{rel}","templated":true}]}}