{"id":1119,"date":"2018-03-23T04:08:07","date_gmt":"2018-03-23T03:08:07","guid":{"rendered":"http:\/\/rakosliget.hu\/wordpress\/?page_id=1119"},"modified":"2018-03-23T04:08:27","modified_gmt":"2018-03-23T03:08:27","slug":"obal-rezso","status":"publish","type":"page","link":"https:\/\/rakosliget.hu\/wordpress\/index.php\/obal-rezso\/","title":{"rendered":"Ob\u00e1l Rezs\u0151"},"content":{"rendered":"<p>&nbsp;<\/p>\n<h1 align=\"left\">Ob\u00e1l Rezs\u0151<\/h1>\n<h2 align=\"left\">(?\u00a0 1914. november 21. -)<\/h2>\n<h2 align=\"left\">Posta- \u00e9s t\u00e1v\u00edrda tiszt<\/h2>\n<p align=\"left\">A 20-ik n\u00e9pfelkel\u0151-gyalogezred tart. f\u0151hadnagya, posta- \u00e9s t\u00e1v\u00edrda tiszt az \u00e9szaki harct\u00e9ren nov. 21-\u00e9n esett el 33 \u00e9ves kor\u00e1ban nagy b\u00e1natban hagyva szeret\u0151 nej\u00e9t \u00e9s n\u00e9gy apr\u00f3 gyermek\u00e9t.<\/p>\n<p align=\"left\">A r\u00e1kosligeti fi\u00f3kegyh\u00e1z gondnoka volt.<\/p>\n<p>&nbsp;<\/p>\n","protected":false},"excerpt":{"rendered":"<p>&nbsp; Ob\u00e1l Rezs\u0151 (?\u00a0 1914. november 21. -) Posta- \u00e9s t\u00e1v\u00edrda tiszt A 20-ik n\u00e9pfelkel\u0151-gyalogezred tart. f\u0151hadnagya, posta- \u00e9s t\u00e1v\u00edrda tiszt az \u00e9szaki harct\u00e9ren nov. 21-\u00e9n esett el 33 \u00e9ves kor\u00e1ban nagy b\u00e1natban hagyva szeret\u0151 nej\u00e9t \u00e9s n\u00e9gy apr\u00f3 gyermek\u00e9t. A r\u00e1kosligeti fi\u00f3kegyh\u00e1z gondnoka volt. &nbsp;<\/p>\n","protected":false},"author":1,"featured_media":0,"parent":0,"menu_order":0,"comment_status":"closed","ping_status":"closed","template":"","meta":{"footnotes":""},"class_list":["post-1119","page","type-page","status-publish","hentry"],"_links":{"self":[{"href":"https:\/\/rakosliget.hu\/wordpress\/index.php\/wp-json\/wp\/v2\/pages\/1119","targetHints":{"allow":["GET"]}}],"collection":[{"href":"https:\/\/rakosliget.hu\/wordpress\/index.php\/wp-json\/wp\/v2\/pages"}],"about":[{"href":"https:\/\/rakosliget.hu\/wordpress\/index.php\/wp-json\/wp\/v2\/types\/page"}],"author":[{"embeddable":true,"href":"https:\/\/rakosliget.hu\/wordpress\/index.php\/wp-json\/wp\/v2\/users\/1"}],"replies":[{"embeddable":true,"href":"https:\/\/rakosliget.hu\/wordpress\/index.php\/wp-json\/wp\/v2\/comments?post=1119"}],"version-history":[{"count":2,"href":"https:\/\/rakosliget.hu\/wordpress\/index.php\/wp-json\/wp\/v2\/pages\/1119\/revisions"}],"predecessor-version":[{"id":1121,"href":"https:\/\/rakosliget.hu\/wordpress\/index.php\/wp-json\/wp\/v2\/pages\/1119\/revisions\/1121"}],"wp:attachment":[{"href":"https:\/\/rakosliget.hu\/wordpress\/index.php\/wp-json\/wp\/v2\/media?parent=1119"}],"curies":[{"name":"wp","href":"https:\/\/api.w.org\/{rel}","templated":true}]}}