{"id":11176,"date":"2023-02-27T18:43:42","date_gmt":"2023-02-27T17:43:42","guid":{"rendered":"https:\/\/rakosliget.hu\/wordpress\/?page_id=11176"},"modified":"2023-02-27T18:47:05","modified_gmt":"2023-02-27T17:47:05","slug":"nagy_budapest-terkepe","status":"publish","type":"page","link":"https:\/\/rakosliget.hu\/wordpress\/index.php\/nagy_budapest-terkepe\/","title":{"rendered":"NAGY_BUDAPEST T\u00c9RK\u00c9PE"},"content":{"rendered":"\n<p><a href=\"http:\/\/rakosliget.hu\/terkep\/Nagy-Budapest-te\u0301rke\u0301p.jpg\">Nagym\u00e9ret\u0171 t\u00e9rk\u00e9p megnyit\u00e1sa.<\/a><\/p>\n","protected":false},"excerpt":{"rendered":"<p>Nagym\u00e9ret\u0171 t\u00e9rk\u00e9p megnyit\u00e1sa.<\/p>\n","protected":false},"author":1,"featured_media":0,"parent":0,"menu_order":0,"comment_status":"closed","ping_status":"closed","template":"","meta":{"footnotes":""},"class_list":["post-11176","page","type-page","status-publish","hentry"],"_links":{"self":[{"href":"https:\/\/rakosliget.hu\/wordpress\/index.php\/wp-json\/wp\/v2\/pages\/11176","targetHints":{"allow":["GET"]}}],"collection":[{"href":"https:\/\/rakosliget.hu\/wordpress\/index.php\/wp-json\/wp\/v2\/pages"}],"about":[{"href":"https:\/\/rakosliget.hu\/wordpress\/index.php\/wp-json\/wp\/v2\/types\/page"}],"author":[{"embeddable":true,"href":"https:\/\/rakosliget.hu\/wordpress\/index.php\/wp-json\/wp\/v2\/users\/1"}],"replies":[{"embeddable":true,"href":"https:\/\/rakosliget.hu\/wordpress\/index.php\/wp-json\/wp\/v2\/comments?post=11176"}],"version-history":[{"count":2,"href":"https:\/\/rakosliget.hu\/wordpress\/index.php\/wp-json\/wp\/v2\/pages\/11176\/revisions"}],"predecessor-version":[{"id":11179,"href":"https:\/\/rakosliget.hu\/wordpress\/index.php\/wp-json\/wp\/v2\/pages\/11176\/revisions\/11179"}],"wp:attachment":[{"href":"https:\/\/rakosliget.hu\/wordpress\/index.php\/wp-json\/wp\/v2\/media?parent=11176"}],"curies":[{"name":"wp","href":"https:\/\/api.w.org\/{rel}","templated":true}]}}