{"id":11161,"date":"2023-02-26T11:53:08","date_gmt":"2023-02-26T10:53:08","guid":{"rendered":"https:\/\/rakosliget.hu\/wordpress\/?page_id=11161"},"modified":"2026-01-18T13:19:58","modified_gmt":"2026-01-18T12:19:58","slug":"zeneiskolak","status":"publish","type":"page","link":"https:\/\/rakosliget.hu\/wordpress\/index.php\/zeneiskolak\/","title":{"rendered":"ZENEISKOL\u00c1K"},"content":{"rendered":"\n<div class=\"wp-block-buttons is-layout-flex wp-block-buttons-is-layout-flex\">\n<div class=\"wp-block-button\"><a class=\"wp-block-button__link wp-element-button\" href=\"https:\/\/rakosliget.hu\/wordpress\/index.php\/iskola-es-ovoda\/\">VISSZA AZ ISKOLA, \u00d3VODA, N\u00c9PM\u0170VEL\u00c9S LAPRA<\/a><\/div>\n<\/div>\n\n\n\n<p><\/p>\n\n\n\n<div class=\"wp-block-buttons is-layout-flex wp-block-buttons-is-layout-flex\">\n<div class=\"wp-block-button\"><a class=\"wp-block-button__link wp-element-button\" href=\"https:\/\/rakosliget.hu\/wordpress\/index.php\/sztojanovits-jenone\/\">Sztojanovits Jen\u0151n\u00e9 zeneiskol\u00e1ja<\/a><\/div>\n<\/div>\n\n\n\n<p><\/p>\n\n\n\n<h5 class=\"wp-block-heading\">Czobor K\u00e1roly zeneiskol\u00e1ja<\/h5>\n\n\n\n<figure class=\"wp-block-embed is-type-wp-embed is-provider-r-kosliget-almanach wp-block-embed-r-kosliget-almanach\"><div class=\"wp-block-embed__wrapper\">\n<blockquote class=\"wp-embedded-content\" data-secret=\"K2WUU5bcSV\"><a href=\"https:\/\/rakosliget.hu\/wordpress\/index.php\/czobor-karoly\/\">Czobor K\u00e1roly<\/a><\/blockquote><iframe loading=\"lazy\" class=\"wp-embedded-content\" sandbox=\"allow-scripts\" security=\"restricted\" style=\"position: absolute; visibility: hidden;\" title=\"&#8220;Czobor K\u00e1roly&#8221; &#8212; R\u00e1kosliget Almanach\" src=\"https:\/\/rakosliget.hu\/wordpress\/index.php\/czobor-karoly\/embed\/#?secret=xoewPT2OZS#?secret=K2WUU5bcSV\" data-secret=\"K2WUU5bcSV\" width=\"600\" height=\"338\" frameborder=\"0\" marginwidth=\"0\" marginheight=\"0\" scrolling=\"no\"><\/iframe>\n<\/div><\/figure>\n","protected":false},"excerpt":{"rendered":"<p>Czobor K\u00e1roly zeneiskol\u00e1ja<\/p>\n","protected":false},"author":1,"featured_media":0,"parent":0,"menu_order":0,"comment_status":"closed","ping_status":"closed","template":"","meta":{"footnotes":""},"class_list":["post-11161","page","type-page","status-publish","hentry"],"_links":{"self":[{"href":"https:\/\/rakosliget.hu\/wordpress\/index.php\/wp-json\/wp\/v2\/pages\/11161","targetHints":{"allow":["GET"]}}],"collection":[{"href":"https:\/\/rakosliget.hu\/wordpress\/index.php\/wp-json\/wp\/v2\/pages"}],"about":[{"href":"https:\/\/rakosliget.hu\/wordpress\/index.php\/wp-json\/wp\/v2\/types\/page"}],"author":[{"embeddable":true,"href":"https:\/\/rakosliget.hu\/wordpress\/index.php\/wp-json\/wp\/v2\/users\/1"}],"replies":[{"embeddable":true,"href":"https:\/\/rakosliget.hu\/wordpress\/index.php\/wp-json\/wp\/v2\/comments?post=11161"}],"version-history":[{"count":8,"href":"https:\/\/rakosliget.hu\/wordpress\/index.php\/wp-json\/wp\/v2\/pages\/11161\/revisions"}],"predecessor-version":[{"id":21897,"href":"https:\/\/rakosliget.hu\/wordpress\/index.php\/wp-json\/wp\/v2\/pages\/11161\/revisions\/21897"}],"wp:attachment":[{"href":"https:\/\/rakosliget.hu\/wordpress\/index.php\/wp-json\/wp\/v2\/media?parent=11161"}],"curies":[{"name":"wp","href":"https:\/\/api.w.org\/{rel}","templated":true}]}}