{"id":1116,"date":"2018-03-23T04:06:57","date_gmt":"2018-03-23T03:06:57","guid":{"rendered":"http:\/\/rakosliget.hu\/wordpress\/?page_id=1116"},"modified":"2018-03-23T04:06:57","modified_gmt":"2018-03-23T03:06:57","slug":"nemes-karoly","status":"publish","type":"page","link":"https:\/\/rakosliget.hu\/wordpress\/index.php\/nemes-karoly\/","title":{"rendered":"Nemes K\u00e1roly"},"content":{"rendered":"<h1 align=\"left\"><span data-canvas-width=\"90.47161203520942\">Nemes K\u00e1roly<\/span><span data-canvas-width=\"198.17844840224063\"> (V\u00e1c, 1883-1954)<\/span><\/h1>\n<h2 align=\"left\">a R\u00e1kosligeti Nemzeti Bizotts\u00e1g \u00e9s a k\u00e9pvisel\u0151-test\u00fclet tagja<\/h2>\n<p align=\"left\">\n<p align=\"left\"><span data-canvas-width=\"198.17844840224063\">Tan\u00e1r. 1945<\/span><span data-canvas-width=\"283.4553682101894\">t\u0151l az SZDP (MDP) tagja, 1945 <\/span><span data-canvas-width=\"283.69975059482533\">ut\u00e1n az SZDP r\u00e1kosligeti szervezete eln\u00f6ke;<\/span><span data-canvas-width=\"279.85542769805284\"> a Szent L\u00e1szl\u00f3 Gimn\u00e1<\/span><span data-canvas-width=\"279.72540373699655\">zium nyugd\u00edjas tan\u00e1ra. 1945-1946-ban a R\u00e1<\/span><span data-canvas-width=\"283.8031431421713\">kosligeti Nemzeti Bizotts\u00e1g tagja, 1945 v\u00e9g\u00e9t\u0151l eln\u00f6ke, <\/span><span data-canvas-width=\"254.7232059242465\">1945-1949-ben a k\u00e9pvisel\u0151-test\u00fclet tagja. <\/span><\/p>\n","protected":false},"excerpt":{"rendered":"<p>Nemes K\u00e1roly (V\u00e1c, 1883-1954) a R\u00e1kosligeti Nemzeti Bizotts\u00e1g \u00e9s a k\u00e9pvisel\u0151-test\u00fclet tagja Tan\u00e1r. 1945t\u0151l az SZDP (MDP) tagja, 1945 ut\u00e1n az SZDP r\u00e1kosligeti szervezete eln\u00f6ke; a Szent L\u00e1szl\u00f3 Gimn\u00e1zium nyugd\u00edjas tan\u00e1ra. 1945-1946-ban a R\u00e1kosligeti Nemzeti Bizotts\u00e1g tagja, 1945 v\u00e9g\u00e9t\u0151l eln\u00f6ke, 1945-1949-ben a k\u00e9pvisel\u0151-test\u00fclet tagja.<\/p>\n","protected":false},"author":1,"featured_media":0,"parent":0,"menu_order":0,"comment_status":"closed","ping_status":"closed","template":"","meta":{"footnotes":""},"class_list":["post-1116","page","type-page","status-publish","hentry"],"_links":{"self":[{"href":"https:\/\/rakosliget.hu\/wordpress\/index.php\/wp-json\/wp\/v2\/pages\/1116","targetHints":{"allow":["GET"]}}],"collection":[{"href":"https:\/\/rakosliget.hu\/wordpress\/index.php\/wp-json\/wp\/v2\/pages"}],"about":[{"href":"https:\/\/rakosliget.hu\/wordpress\/index.php\/wp-json\/wp\/v2\/types\/page"}],"author":[{"embeddable":true,"href":"https:\/\/rakosliget.hu\/wordpress\/index.php\/wp-json\/wp\/v2\/users\/1"}],"replies":[{"embeddable":true,"href":"https:\/\/rakosliget.hu\/wordpress\/index.php\/wp-json\/wp\/v2\/comments?post=1116"}],"version-history":[{"count":1,"href":"https:\/\/rakosliget.hu\/wordpress\/index.php\/wp-json\/wp\/v2\/pages\/1116\/revisions"}],"predecessor-version":[{"id":1117,"href":"https:\/\/rakosliget.hu\/wordpress\/index.php\/wp-json\/wp\/v2\/pages\/1116\/revisions\/1117"}],"wp:attachment":[{"href":"https:\/\/rakosliget.hu\/wordpress\/index.php\/wp-json\/wp\/v2\/media?parent=1116"}],"curies":[{"name":"wp","href":"https:\/\/api.w.org\/{rel}","templated":true}]}}