{"id":1113,"date":"2018-03-23T04:05:58","date_gmt":"2018-03-23T03:05:58","guid":{"rendered":"http:\/\/rakosliget.hu\/wordpress\/?page_id=1113"},"modified":"2018-03-23T04:05:58","modified_gmt":"2018-03-23T03:05:58","slug":"nagy-kalman-dr","status":"publish","type":"page","link":"https:\/\/rakosliget.hu\/wordpress\/index.php\/nagy-kalman-dr\/","title":{"rendered":"Nagy K\u00e1lm\u00e1n dr."},"content":{"rendered":"<h1 align=\"left\"><span data-canvas-width=\"87.54528963456923\">Nagy K\u00e1lm\u00e1n<\/span><span data-canvas-width=\"201.10947046412377\">, dr.<\/span><\/h1>\n<h6 align=\"left\"><span data-canvas-width=\"201.10947046412377\">( K\u00e1llai K\u00e1lm\u00e1n, dr. nevet is haszn\u00e1lta) <\/span><\/h6>\n<h2 align=\"left\"><span data-canvas-width=\"279.441857508669\">(R\u00e1kosliget, 1914 &#8211; ?)<\/span><\/h2>\n<h2 align=\"left\">a R\u00e1kosligeti Nemzeti Bizotts\u00e1g \u00e9s a k\u00e9pvisel\u0151-test\u00fclet tagja<\/h2>\n<p align=\"left\">\n<p align=\"left\"><span data-canvas-width=\"279.441857508669\">Tisztvisel\u0151, \u00fcgyv\u00e9d. 1945-<\/span><span data-canvas-width=\"277.781310536143\">t\u0151l az F\u00fcggetlen Kisgazda P\u00e1rt tagja. 1945 ut\u00e1n M\u00c1V<\/span><span data-canvas-width=\"281.57863682048554\"> seg\u00e9dtitk\u00e1r. 1947-ben a R\u00e1kosligeti Nemzeti Bizotts\u00e1g, <\/span><span data-canvas-width=\"281.5253739930648\">1945-1947-ben a k\u00e9pvisel\u0151-test\u00fclet tagja. <\/span><span data-canvas-width=\"133.3325225713524\">&#8211; Nyugd\u00edjas \u00fcgyv\u00e9d. <\/span><\/p>\n","protected":false},"excerpt":{"rendered":"<p>Nagy K\u00e1lm\u00e1n, dr. ( K\u00e1llai K\u00e1lm\u00e1n, dr. nevet is haszn\u00e1lta) (R\u00e1kosliget, 1914 &#8211; ?) a R\u00e1kosligeti Nemzeti Bizotts\u00e1g \u00e9s a k\u00e9pvisel\u0151-test\u00fclet tagja Tisztvisel\u0151, \u00fcgyv\u00e9d. 1945-t\u0151l az F\u00fcggetlen Kisgazda P\u00e1rt tagja. 1945 ut\u00e1n M\u00c1V seg\u00e9dtitk\u00e1r. 1947-ben a R\u00e1kosligeti Nemzeti Bizotts\u00e1g, 1945-1947-ben a k\u00e9pvisel\u0151-test\u00fclet tagja. &#8211; Nyugd\u00edjas \u00fcgyv\u00e9d.<\/p>\n","protected":false},"author":1,"featured_media":0,"parent":0,"menu_order":0,"comment_status":"closed","ping_status":"closed","template":"","meta":{"footnotes":""},"class_list":["post-1113","page","type-page","status-publish","hentry"],"_links":{"self":[{"href":"https:\/\/rakosliget.hu\/wordpress\/index.php\/wp-json\/wp\/v2\/pages\/1113","targetHints":{"allow":["GET"]}}],"collection":[{"href":"https:\/\/rakosliget.hu\/wordpress\/index.php\/wp-json\/wp\/v2\/pages"}],"about":[{"href":"https:\/\/rakosliget.hu\/wordpress\/index.php\/wp-json\/wp\/v2\/types\/page"}],"author":[{"embeddable":true,"href":"https:\/\/rakosliget.hu\/wordpress\/index.php\/wp-json\/wp\/v2\/users\/1"}],"replies":[{"embeddable":true,"href":"https:\/\/rakosliget.hu\/wordpress\/index.php\/wp-json\/wp\/v2\/comments?post=1113"}],"version-history":[{"count":1,"href":"https:\/\/rakosliget.hu\/wordpress\/index.php\/wp-json\/wp\/v2\/pages\/1113\/revisions"}],"predecessor-version":[{"id":1114,"href":"https:\/\/rakosliget.hu\/wordpress\/index.php\/wp-json\/wp\/v2\/pages\/1113\/revisions\/1114"}],"wp:attachment":[{"href":"https:\/\/rakosliget.hu\/wordpress\/index.php\/wp-json\/wp\/v2\/media?parent=1113"}],"curies":[{"name":"wp","href":"https:\/\/api.w.org\/{rel}","templated":true}]}}