{"id":1109,"date":"2018-03-23T04:02:56","date_gmt":"2018-03-23T03:02:56","guid":{"rendered":"http:\/\/rakosliget.hu\/wordpress\/?page_id=1109"},"modified":"2018-03-23T04:03:05","modified_gmt":"2018-03-23T03:03:05","slug":"1109-2","status":"publish","type":"page","link":"https:\/\/rakosliget.hu\/wordpress\/index.php\/1109-2\/","title":{"rendered":"Nagy G\u00e1bor"},"content":{"rendered":"<h1 align=\"left\"><span data-canvas-width=\"94.32301928852813\">Nagy G\u00e1bor<\/span><\/h1>\n<h2 align=\"left\"><span data-canvas-width=\"238.0905384884217\">(Tiszak\u00fcrt, 1896-1966)<\/span><\/h2>\n<h2 align=\"left\">a r\u00e1kosligeti <span data-canvas-width=\"310.04152502022896\">k\u00e9pvisel\u0151-test\u00fclet<\/span> tagja<\/h2>\n<p align=\"left\"><span data-canvas-width=\"238.0905384884217\">Postai <\/span><span data-canvas-width=\"314.6075055544319\">alkalmazott. 1945-1948-ban az SZDP <\/span><span data-canvas-width=\"308.30452645648126\">(MDP) tagja. 1945 ut\u00e1n posta<\/span><span data-canvas-width=\"310.4921271581049\">altiszt. 1945-ben \u00e9s 1948-1949-ben a r\u00e1<\/span><span data-canvas-width=\"247.23340122145333\">kosligeti k\u00e9pvisel\u0151-test\u00fclet tagja. <\/span><\/p>\n","protected":false},"excerpt":{"rendered":"<p>Nagy G\u00e1bor (Tiszak\u00fcrt, 1896-1966) a r\u00e1kosligeti k\u00e9pvisel\u0151-test\u00fclet tagja Postai alkalmazott. 1945-1948-ban az SZDP (MDP) tagja. 1945 ut\u00e1n postaaltiszt. 1945-ben \u00e9s 1948-1949-ben a r\u00e1kosligeti k\u00e9pvisel\u0151-test\u00fclet tagja.<\/p>\n","protected":false},"author":1,"featured_media":0,"parent":0,"menu_order":0,"comment_status":"closed","ping_status":"closed","template":"","meta":{"footnotes":""},"class_list":["post-1109","page","type-page","status-publish","hentry"],"_links":{"self":[{"href":"https:\/\/rakosliget.hu\/wordpress\/index.php\/wp-json\/wp\/v2\/pages\/1109","targetHints":{"allow":["GET"]}}],"collection":[{"href":"https:\/\/rakosliget.hu\/wordpress\/index.php\/wp-json\/wp\/v2\/pages"}],"about":[{"href":"https:\/\/rakosliget.hu\/wordpress\/index.php\/wp-json\/wp\/v2\/types\/page"}],"author":[{"embeddable":true,"href":"https:\/\/rakosliget.hu\/wordpress\/index.php\/wp-json\/wp\/v2\/users\/1"}],"replies":[{"embeddable":true,"href":"https:\/\/rakosliget.hu\/wordpress\/index.php\/wp-json\/wp\/v2\/comments?post=1109"}],"version-history":[{"count":2,"href":"https:\/\/rakosliget.hu\/wordpress\/index.php\/wp-json\/wp\/v2\/pages\/1109\/revisions"}],"predecessor-version":[{"id":1111,"href":"https:\/\/rakosliget.hu\/wordpress\/index.php\/wp-json\/wp\/v2\/pages\/1109\/revisions\/1111"}],"wp:attachment":[{"href":"https:\/\/rakosliget.hu\/wordpress\/index.php\/wp-json\/wp\/v2\/media?parent=1109"}],"curies":[{"name":"wp","href":"https:\/\/api.w.org\/{rel}","templated":true}]}}