{"id":1102,"date":"2018-03-23T03:59:10","date_gmt":"2018-03-23T02:59:10","guid":{"rendered":"http:\/\/rakosliget.hu\/wordpress\/?page_id=1102"},"modified":"2018-03-23T04:01:32","modified_gmt":"2018-03-23T03:01:32","slug":"1102-2","status":"publish","type":"page","link":"https:\/\/rakosliget.hu\/wordpress\/index.php\/1102-2\/","title":{"rendered":"Murai Istv\u00e1n"},"content":{"rendered":"<h1 align=\"left\">Murai Istv\u00e1n<\/h1>\n<h2 align=\"left\">(Perlak ? &#8211; ? )<\/h2>\n<h2 align=\"left\">R\u00e1kosligeti iskolaigazgat\u00f3 &#8211; tan\u00edt\u00f3<\/h2>\n<h2 align=\"justify\"><span data-canvas-width=\"87.74693132107647\"><img loading=\"lazy\" decoding=\"async\" class=\"alignnone size-medium wp-image-1106\" src=\"http:\/\/rakosliget.hu\/wordpress\/wp-content\/uploads\/2018\/03\/murai-iskolaig-300x159.jpg\" alt=\"\" width=\"300\" height=\"159\" srcset=\"https:\/\/rakosliget.hu\/wordpress\/wp-content\/uploads\/2018\/03\/murai-iskolaig-300x159.jpg 300w, https:\/\/rakosliget.hu\/wordpress\/wp-content\/uploads\/2018\/03\/murai-iskolaig-768x406.jpg 768w, https:\/\/rakosliget.hu\/wordpress\/wp-content\/uploads\/2018\/03\/murai-iskolaig.jpg 819w\" sizes=\"auto, (max-width: 300px) 100vw, 300px\" \/><\/span><\/h2>\n<p align=\"justify\"><span data-canvas-width=\"87.74693132107647\">Forr\u00e1s: Zalai K\u00f6zl\u00f6ny 1943. j\u00fanius 25.<\/span><\/p>\n","protected":false},"excerpt":{"rendered":"<p>Murai Istv\u00e1n (Perlak ? &#8211; ? ) R\u00e1kosligeti iskolaigazgat\u00f3 &#8211; tan\u00edt\u00f3 Forr\u00e1s: Zalai K\u00f6zl\u00f6ny 1943. j\u00fanius 25.<\/p>\n","protected":false},"author":1,"featured_media":0,"parent":0,"menu_order":0,"comment_status":"closed","ping_status":"closed","template":"","meta":{"footnotes":""},"class_list":["post-1102","page","type-page","status-publish","hentry"],"_links":{"self":[{"href":"https:\/\/rakosliget.hu\/wordpress\/index.php\/wp-json\/wp\/v2\/pages\/1102","targetHints":{"allow":["GET"]}}],"collection":[{"href":"https:\/\/rakosliget.hu\/wordpress\/index.php\/wp-json\/wp\/v2\/pages"}],"about":[{"href":"https:\/\/rakosliget.hu\/wordpress\/index.php\/wp-json\/wp\/v2\/types\/page"}],"author":[{"embeddable":true,"href":"https:\/\/rakosliget.hu\/wordpress\/index.php\/wp-json\/wp\/v2\/users\/1"}],"replies":[{"embeddable":true,"href":"https:\/\/rakosliget.hu\/wordpress\/index.php\/wp-json\/wp\/v2\/comments?post=1102"}],"version-history":[{"count":4,"href":"https:\/\/rakosliget.hu\/wordpress\/index.php\/wp-json\/wp\/v2\/pages\/1102\/revisions"}],"predecessor-version":[{"id":1107,"href":"https:\/\/rakosliget.hu\/wordpress\/index.php\/wp-json\/wp\/v2\/pages\/1102\/revisions\/1107"}],"wp:attachment":[{"href":"https:\/\/rakosliget.hu\/wordpress\/index.php\/wp-json\/wp\/v2\/media?parent=1102"}],"curies":[{"name":"wp","href":"https:\/\/api.w.org\/{rel}","templated":true}]}}