{"id":1099,"date":"2018-03-23T03:57:18","date_gmt":"2018-03-23T02:57:18","guid":{"rendered":"http:\/\/rakosliget.hu\/wordpress\/?page_id=1099"},"modified":"2018-03-23T03:57:18","modified_gmt":"2018-03-23T02:57:18","slug":"munar-jozsef","status":"publish","type":"page","link":"https:\/\/rakosliget.hu\/wordpress\/index.php\/munar-jozsef\/","title":{"rendered":"Mun\u00e1r J\u00f3zsef"},"content":{"rendered":"<h1 align=\"left\">Mun\u00e1r J\u00f3zsef<\/h1>\n<h2 align=\"left\">(Rohonc, 1866-)<\/h2>\n<h2 align=\"left\">b\u00edr\u00f3, a R\u00e1kosligeti Nemzeti Bizotts\u00e1g tagja<\/h2>\n<p align=\"left\">\n<p align=\"left\"><span data-canvas-width=\"201.31155589757273\"> Nyugd\u00edjas <\/span><span data-canvas-width=\"279.470055476127\">alezredes, 1943-1945-ben R\u00e1kosligeten k\u00f6z<\/span><span data-canvas-width=\"283.71698268604956\">s\u00e9gi b\u00edr\u00f3. 1945 elej\u00e9n a R\u00e1kosligeti Nemzeti Bizotts\u00e1g tagja. <\/span><\/p>\n","protected":false},"excerpt":{"rendered":"<p>Mun\u00e1r J\u00f3zsef (Rohonc, 1866-) b\u00edr\u00f3, a R\u00e1kosligeti Nemzeti Bizotts\u00e1g tagja Nyugd\u00edjas alezredes, 1943-1945-ben R\u00e1kosligeten k\u00f6zs\u00e9gi b\u00edr\u00f3. 1945 elej\u00e9n a R\u00e1kosligeti Nemzeti Bizotts\u00e1g tagja.<\/p>\n","protected":false},"author":1,"featured_media":0,"parent":0,"menu_order":0,"comment_status":"closed","ping_status":"closed","template":"","meta":{"footnotes":""},"class_list":["post-1099","page","type-page","status-publish","hentry"],"_links":{"self":[{"href":"https:\/\/rakosliget.hu\/wordpress\/index.php\/wp-json\/wp\/v2\/pages\/1099","targetHints":{"allow":["GET"]}}],"collection":[{"href":"https:\/\/rakosliget.hu\/wordpress\/index.php\/wp-json\/wp\/v2\/pages"}],"about":[{"href":"https:\/\/rakosliget.hu\/wordpress\/index.php\/wp-json\/wp\/v2\/types\/page"}],"author":[{"embeddable":true,"href":"https:\/\/rakosliget.hu\/wordpress\/index.php\/wp-json\/wp\/v2\/users\/1"}],"replies":[{"embeddable":true,"href":"https:\/\/rakosliget.hu\/wordpress\/index.php\/wp-json\/wp\/v2\/comments?post=1099"}],"version-history":[{"count":1,"href":"https:\/\/rakosliget.hu\/wordpress\/index.php\/wp-json\/wp\/v2\/pages\/1099\/revisions"}],"predecessor-version":[{"id":1100,"href":"https:\/\/rakosliget.hu\/wordpress\/index.php\/wp-json\/wp\/v2\/pages\/1099\/revisions\/1100"}],"wp:attachment":[{"href":"https:\/\/rakosliget.hu\/wordpress\/index.php\/wp-json\/wp\/v2\/media?parent=1099"}],"curies":[{"name":"wp","href":"https:\/\/api.w.org\/{rel}","templated":true}]}}