{"id":10971,"date":"2023-01-29T18:08:58","date_gmt":"2023-01-29T17:08:58","guid":{"rendered":"https:\/\/rakosliget.hu\/wordpress\/?page_id=10971"},"modified":"2024-11-17T07:31:57","modified_gmt":"2024-11-17T06:31:57","slug":"kitelepites","status":"publish","type":"page","link":"https:\/\/rakosliget.hu\/wordpress\/index.php\/kitelepites\/","title":{"rendered":"1947 KITELEP\u00cdT\u00c9SEK"},"content":{"rendered":"\n<p><em>A lap indult:2023.01.29.<\/em><\/p>\n\n\n\n<p>R\u00e1kosligetet sem ker\u00fclte el a kitelep\u00edt\u00e9s. Err\u0151l tan\u00faskodik az al\u00e1bbi dokumentum 1947-b\u0151l:<\/p>\n\n\n\n<p>Forr\u00e1s: Internet<\/p>\n\n\n<div class=\"wp-block-image\">\n<figure class=\"aligncenter size-full\"><img loading=\"lazy\" decoding=\"async\" width=\"371\" height=\"505\" src=\"https:\/\/rakosliget.hu\/wordpress\/wp-content\/uploads\/2023\/01\/1_2.jpg\" alt=\"\" class=\"wp-image-10973\" srcset=\"https:\/\/rakosliget.hu\/wordpress\/wp-content\/uploads\/2023\/01\/1_2.jpg 371w, https:\/\/rakosliget.hu\/wordpress\/wp-content\/uploads\/2023\/01\/1_2-220x300.jpg 220w\" sizes=\"auto, (max-width: 371px) 100vw, 371px\" \/><figcaption class=\"wp-element-caption\">Preisinger B\u00e9la kitelep\u00edt\u00e9s elleni k\u00e9relme<\/figcaption><\/figure>\n<\/div>\n\n<div class=\"wp-block-image\">\n<figure class=\"aligncenter size-full\"><img loading=\"lazy\" decoding=\"async\" width=\"432\" height=\"491\" src=\"https:\/\/rakosliget.hu\/wordpress\/wp-content\/uploads\/2023\/01\/1.jpg\" alt=\"\" class=\"wp-image-10974\" srcset=\"https:\/\/rakosliget.hu\/wordpress\/wp-content\/uploads\/2023\/01\/1.jpg 432w, https:\/\/rakosliget.hu\/wordpress\/wp-content\/uploads\/2023\/01\/1-264x300.jpg 264w\" sizes=\"auto, (max-width: 432px) 100vw, 432px\" \/><\/figure>\n<\/div>\n\n<div class=\"wp-block-image\">\n<figure class=\"aligncenter size-full\"><img loading=\"lazy\" decoding=\"async\" width=\"342\" height=\"479\" src=\"https:\/\/rakosliget.hu\/wordpress\/wp-content\/uploads\/2023\/01\/1_3.jpg\" alt=\"\" class=\"wp-image-10975\" srcset=\"https:\/\/rakosliget.hu\/wordpress\/wp-content\/uploads\/2023\/01\/1_3.jpg 342w, https:\/\/rakosliget.hu\/wordpress\/wp-content\/uploads\/2023\/01\/1_3-214x300.jpg 214w\" sizes=\"auto, (max-width: 342px) 100vw, 342px\" \/><\/figure>\n<\/div>\n\n<div class=\"wp-block-image\">\n<figure class=\"aligncenter size-full\"><img loading=\"lazy\" decoding=\"async\" width=\"329\" height=\"459\" src=\"https:\/\/rakosliget.hu\/wordpress\/wp-content\/uploads\/2023\/01\/1_4.jpg\" alt=\"\" class=\"wp-image-10976\" srcset=\"https:\/\/rakosliget.hu\/wordpress\/wp-content\/uploads\/2023\/01\/1_4.jpg 329w, https:\/\/rakosliget.hu\/wordpress\/wp-content\/uploads\/2023\/01\/1_4-215x300.jpg 215w\" sizes=\"auto, (max-width: 329px) 100vw, 329px\" \/><figcaption class=\"wp-element-caption\">Preisinger B\u00e9la k\u00e9rv\u00e9nye<\/figcaption><\/figure>\n<\/div>\n\n<div class=\"wp-block-image\">\n<figure class=\"aligncenter size-full\"><img loading=\"lazy\" decoding=\"async\" width=\"459\" height=\"336\" src=\"https:\/\/rakosliget.hu\/wordpress\/wp-content\/uploads\/2023\/01\/1_5.jpg\" alt=\"\" class=\"wp-image-10977\" srcset=\"https:\/\/rakosliget.hu\/wordpress\/wp-content\/uploads\/2023\/01\/1_5.jpg 459w, https:\/\/rakosliget.hu\/wordpress\/wp-content\/uploads\/2023\/01\/1_5-300x220.jpg 300w\" sizes=\"auto, (max-width: 459px) 100vw, 459px\" \/><figcaption class=\"wp-element-caption\">Preisinger B\u00e9la igazol\u00f3 okirata.<\/figcaption><\/figure>\n<\/div>","protected":false},"excerpt":{"rendered":"<p>A lap indult:2023.01.29. R\u00e1kosligetet sem ker\u00fclte el a kitelep\u00edt\u00e9s. Err\u0151l tan\u00faskodik az al\u00e1bbi dokumentum 1947-b\u0151l: Forr\u00e1s: Internet<\/p>\n","protected":false},"author":1,"featured_media":0,"parent":0,"menu_order":0,"comment_status":"closed","ping_status":"closed","template":"","meta":{"footnotes":""},"class_list":["post-10971","page","type-page","status-publish","hentry"],"_links":{"self":[{"href":"https:\/\/rakosliget.hu\/wordpress\/index.php\/wp-json\/wp\/v2\/pages\/10971","targetHints":{"allow":["GET"]}}],"collection":[{"href":"https:\/\/rakosliget.hu\/wordpress\/index.php\/wp-json\/wp\/v2\/pages"}],"about":[{"href":"https:\/\/rakosliget.hu\/wordpress\/index.php\/wp-json\/wp\/v2\/types\/page"}],"author":[{"embeddable":true,"href":"https:\/\/rakosliget.hu\/wordpress\/index.php\/wp-json\/wp\/v2\/users\/1"}],"replies":[{"embeddable":true,"href":"https:\/\/rakosliget.hu\/wordpress\/index.php\/wp-json\/wp\/v2\/comments?post=10971"}],"version-history":[{"count":7,"href":"https:\/\/rakosliget.hu\/wordpress\/index.php\/wp-json\/wp\/v2\/pages\/10971\/revisions"}],"predecessor-version":[{"id":12463,"href":"https:\/\/rakosliget.hu\/wordpress\/index.php\/wp-json\/wp\/v2\/pages\/10971\/revisions\/12463"}],"wp:attachment":[{"href":"https:\/\/rakosliget.hu\/wordpress\/index.php\/wp-json\/wp\/v2\/media?parent=10971"}],"curies":[{"name":"wp","href":"https:\/\/api.w.org\/{rel}","templated":true}]}}