{"id":1096,"date":"2018-03-23T03:55:58","date_gmt":"2018-03-23T02:55:58","guid":{"rendered":"http:\/\/rakosliget.hu\/wordpress\/?page_id=1096"},"modified":"2018-03-23T03:55:58","modified_gmt":"2018-03-23T02:55:58","slug":"molnar-sandor","status":"publish","type":"page","link":"https:\/\/rakosliget.hu\/wordpress\/index.php\/molnar-sandor\/","title":{"rendered":"Moln\u00e1r S\u00e1ndor"},"content":{"rendered":"<h1 align=\"left\"><span data-canvas-width=\"121.09387372185259\">Moln\u00e1r S\u00e1ndor<\/span><\/h1>\n<h2 align=\"left\"><span data-canvas-width=\"211.75938452834717\">(Bajmok, 1910 &#8211; ?)<\/span><\/h2>\n<h2 align=\"left\">a r\u00e1kosligeti <span data-canvas-width=\"310.04152502022896\">el\u00f6lj\u00e1r\u00f3s\u00e1g<\/span> tagja<\/h2>\n<p align=\"left\">\n<p align=\"left\"><span data-canvas-width=\"211.75938452834717\">Fodr\u00e1sz. <\/span><span data-canvas-width=\"314.1369170314082\">1945-t\u0151l az F\u00fcggetlen Kisgazda P\u00e1rt tagja. 1945 <\/span><span data-canvas-width=\"309.4074115278148\">ut\u00e1n kisiparos. 1945-1946-ban a r\u00e1kosli<\/span><span data-canvas-width=\"164.94581968006398\">geti el\u00f6lj\u00e1r\u00f3s\u00e1g tagja. <\/span><\/p>\n","protected":false},"excerpt":{"rendered":"<p>Moln\u00e1r S\u00e1ndor (Bajmok, 1910 &#8211; ?) a r\u00e1kosligeti el\u00f6lj\u00e1r\u00f3s\u00e1g tagja Fodr\u00e1sz. 1945-t\u0151l az F\u00fcggetlen Kisgazda P\u00e1rt tagja. 1945 ut\u00e1n kisiparos. 1945-1946-ban a r\u00e1kosligeti el\u00f6lj\u00e1r\u00f3s\u00e1g tagja.<\/p>\n","protected":false},"author":1,"featured_media":0,"parent":0,"menu_order":0,"comment_status":"closed","ping_status":"closed","template":"","meta":{"footnotes":""},"class_list":["post-1096","page","type-page","status-publish","hentry"],"_links":{"self":[{"href":"https:\/\/rakosliget.hu\/wordpress\/index.php\/wp-json\/wp\/v2\/pages\/1096","targetHints":{"allow":["GET"]}}],"collection":[{"href":"https:\/\/rakosliget.hu\/wordpress\/index.php\/wp-json\/wp\/v2\/pages"}],"about":[{"href":"https:\/\/rakosliget.hu\/wordpress\/index.php\/wp-json\/wp\/v2\/types\/page"}],"author":[{"embeddable":true,"href":"https:\/\/rakosliget.hu\/wordpress\/index.php\/wp-json\/wp\/v2\/users\/1"}],"replies":[{"embeddable":true,"href":"https:\/\/rakosliget.hu\/wordpress\/index.php\/wp-json\/wp\/v2\/comments?post=1096"}],"version-history":[{"count":1,"href":"https:\/\/rakosliget.hu\/wordpress\/index.php\/wp-json\/wp\/v2\/pages\/1096\/revisions"}],"predecessor-version":[{"id":1097,"href":"https:\/\/rakosliget.hu\/wordpress\/index.php\/wp-json\/wp\/v2\/pages\/1096\/revisions\/1097"}],"wp:attachment":[{"href":"https:\/\/rakosliget.hu\/wordpress\/index.php\/wp-json\/wp\/v2\/media?parent=1096"}],"curies":[{"name":"wp","href":"https:\/\/api.w.org\/{rel}","templated":true}]}}