{"id":1093,"date":"2018-03-23T03:54:51","date_gmt":"2018-03-23T02:54:51","guid":{"rendered":"http:\/\/rakosliget.hu\/wordpress\/?page_id=1093"},"modified":"2018-03-23T03:54:51","modified_gmt":"2018-03-23T02:54:51","slug":"miskolczi-karoly","status":"publish","type":"page","link":"https:\/\/rakosliget.hu\/wordpress\/index.php\/miskolczi-karoly\/","title":{"rendered":"Miskolczi K\u00e1roly"},"content":{"rendered":"<h1 align=\"left\">Miskolczi K\u00e1roly<\/h1>\n<h2 align=\"left\"><span data-canvas-width=\"175.15324141904512\">(Hajd\u00fab\u00f6sz\u00f6rm\u00e9ny, 1885 &#8211; 1978)<br \/>\n<\/span><\/h2>\n<h2 align=\"left\">a R\u00e1kosligeti Nemzeti Bizotts\u00e1g eln\u00f6ke, k\u00e9pvisel\u0151 test\u00fcleti tag<\/h2>\n<p align=\"left\">\n<p align=\"left\"><span data-canvas-width=\"164.5931193029577\"> Cip\u00e9sz. A sz\u00e1zad elej\u00e9n, majd 1945-1948-ban az SZDP tagja. A 20-as \u00e9vekben a r\u00e1kosligeti ipartest\u00fclet eln\u00f6ke. 1945-ben a R\u00e1kosligeti Nemzeti Bizotts\u00e1g eln\u00f6ke, az ideiglenes k\u00e9pvisel\u0151-test\u00fclet tagja. <\/span><\/p>\n","protected":false},"excerpt":{"rendered":"<p>Miskolczi K\u00e1roly (Hajd\u00fab\u00f6sz\u00f6rm\u00e9ny, 1885 &#8211; 1978) a R\u00e1kosligeti Nemzeti Bizotts\u00e1g eln\u00f6ke, k\u00e9pvisel\u0151 test\u00fcleti tag Cip\u00e9sz. A sz\u00e1zad elej\u00e9n, majd 1945-1948-ban az SZDP tagja. A 20-as \u00e9vekben a r\u00e1kosligeti ipartest\u00fclet eln\u00f6ke. 1945-ben a R\u00e1kosligeti Nemzeti Bizotts\u00e1g eln\u00f6ke, az ideiglenes k\u00e9pvisel\u0151-test\u00fclet tagja.<\/p>\n","protected":false},"author":1,"featured_media":0,"parent":0,"menu_order":0,"comment_status":"closed","ping_status":"closed","template":"","meta":{"footnotes":""},"class_list":["post-1093","page","type-page","status-publish","hentry"],"_links":{"self":[{"href":"https:\/\/rakosliget.hu\/wordpress\/index.php\/wp-json\/wp\/v2\/pages\/1093","targetHints":{"allow":["GET"]}}],"collection":[{"href":"https:\/\/rakosliget.hu\/wordpress\/index.php\/wp-json\/wp\/v2\/pages"}],"about":[{"href":"https:\/\/rakosliget.hu\/wordpress\/index.php\/wp-json\/wp\/v2\/types\/page"}],"author":[{"embeddable":true,"href":"https:\/\/rakosliget.hu\/wordpress\/index.php\/wp-json\/wp\/v2\/users\/1"}],"replies":[{"embeddable":true,"href":"https:\/\/rakosliget.hu\/wordpress\/index.php\/wp-json\/wp\/v2\/comments?post=1093"}],"version-history":[{"count":1,"href":"https:\/\/rakosliget.hu\/wordpress\/index.php\/wp-json\/wp\/v2\/pages\/1093\/revisions"}],"predecessor-version":[{"id":1094,"href":"https:\/\/rakosliget.hu\/wordpress\/index.php\/wp-json\/wp\/v2\/pages\/1093\/revisions\/1094"}],"wp:attachment":[{"href":"https:\/\/rakosliget.hu\/wordpress\/index.php\/wp-json\/wp\/v2\/media?parent=1093"}],"curies":[{"name":"wp","href":"https:\/\/api.w.org\/{rel}","templated":true}]}}