{"id":1090,"date":"2018-03-23T03:53:22","date_gmt":"2018-03-23T02:53:22","guid":{"rendered":"http:\/\/rakosliget.hu\/wordpress\/?page_id=1090"},"modified":"2018-03-23T03:53:22","modified_gmt":"2018-03-23T02:53:22","slug":"miklos-jozsef","status":"publish","type":"page","link":"https:\/\/rakosliget.hu\/wordpress\/index.php\/miklos-jozsef\/","title":{"rendered":"Mikl\u00f3s J\u00f3zsef"},"content":{"rendered":"<h1 align=\"left\"><span data-canvas-width=\"110.81360397950498\">Mikl\u00f3s J\u00f3zsef<\/span><\/h1>\n<h2 align=\"left\"><span data-canvas-width=\"221.11301277748214\"> (B\u00e9rbaltav\u00e1r, 1878-1952)<\/span><\/h2>\n<h2 align=\"left\">a r\u00e1kosligeti <span data-canvas-width=\"310.04152502022896\">el\u00f6lj\u00e1r\u00f3s\u00e1g<\/span> tagja<\/h2>\n<p align=\"left\">\n<p align=\"left\"><span data-canvas-width=\"221.11301277748214\">P<\/span><span data-canvas-width=\"314.0733239877563\">ostaalkalmazott. 1945-t\u0151l az F\u00fcggetlen Kisgazda P\u00e1rt tagja. <\/span><span data-canvas-width=\"309.6545159260048\">1945 ut\u00e1n nyugalmazott postai szakasz<\/span><span data-canvas-width=\"310.1160197285069\">tiszt. 1938-1949-ben a r\u00e1kosligeti el\u00f6lj\u00e1<\/span><span data-canvas-width=\"91.1651704351877\">r\u00f3s\u00e1g tagja. <\/span><\/p>\n","protected":false},"excerpt":{"rendered":"<p>Mikl\u00f3s J\u00f3zsef (B\u00e9rbaltav\u00e1r, 1878-1952) a r\u00e1kosligeti el\u00f6lj\u00e1r\u00f3s\u00e1g tagja Postaalkalmazott. 1945-t\u0151l az F\u00fcggetlen Kisgazda P\u00e1rt tagja. 1945 ut\u00e1n nyugalmazott postai szakasztiszt. 1938-1949-ben a r\u00e1kosligeti el\u00f6lj\u00e1r\u00f3s\u00e1g tagja.<\/p>\n","protected":false},"author":1,"featured_media":0,"parent":0,"menu_order":0,"comment_status":"closed","ping_status":"closed","template":"","meta":{"footnotes":""},"class_list":["post-1090","page","type-page","status-publish","hentry"],"_links":{"self":[{"href":"https:\/\/rakosliget.hu\/wordpress\/index.php\/wp-json\/wp\/v2\/pages\/1090","targetHints":{"allow":["GET"]}}],"collection":[{"href":"https:\/\/rakosliget.hu\/wordpress\/index.php\/wp-json\/wp\/v2\/pages"}],"about":[{"href":"https:\/\/rakosliget.hu\/wordpress\/index.php\/wp-json\/wp\/v2\/types\/page"}],"author":[{"embeddable":true,"href":"https:\/\/rakosliget.hu\/wordpress\/index.php\/wp-json\/wp\/v2\/users\/1"}],"replies":[{"embeddable":true,"href":"https:\/\/rakosliget.hu\/wordpress\/index.php\/wp-json\/wp\/v2\/comments?post=1090"}],"version-history":[{"count":1,"href":"https:\/\/rakosliget.hu\/wordpress\/index.php\/wp-json\/wp\/v2\/pages\/1090\/revisions"}],"predecessor-version":[{"id":1091,"href":"https:\/\/rakosliget.hu\/wordpress\/index.php\/wp-json\/wp\/v2\/pages\/1090\/revisions\/1091"}],"wp:attachment":[{"href":"https:\/\/rakosliget.hu\/wordpress\/index.php\/wp-json\/wp\/v2\/media?parent=1090"}],"curies":[{"name":"wp","href":"https:\/\/api.w.org\/{rel}","templated":true}]}}