{"id":10883,"date":"2023-01-28T12:20:20","date_gmt":"2023-01-28T11:20:20","guid":{"rendered":"https:\/\/rakosliget.hu\/wordpress\/?page_id=10883"},"modified":"2025-11-09T05:47:10","modified_gmt":"2025-11-09T04:47:10","slug":"vizmuvek","status":"publish","type":"page","link":"https:\/\/rakosliget.hu\/wordpress\/index.php\/vizmuvek\/","title":{"rendered":"V\u00cdZM\u0170VEK"},"content":{"rendered":"\n<p><em>Az oldal indult: 2023.01.28.<\/em><\/p>\n\n\n\n<figure class=\"wp-block-image size-full\"><img loading=\"lazy\" decoding=\"async\" width=\"900\" height=\"675\" src=\"https:\/\/rakosliget.hu\/wordpress\/wp-content\/uploads\/2018\/10\/vizmuvek-2011_1.jpg\" alt=\"\" class=\"wp-image-1903\" srcset=\"https:\/\/rakosliget.hu\/wordpress\/wp-content\/uploads\/2018\/10\/vizmuvek-2011_1.jpg 900w, https:\/\/rakosliget.hu\/wordpress\/wp-content\/uploads\/2018\/10\/vizmuvek-2011_1-300x225.jpg 300w, https:\/\/rakosliget.hu\/wordpress\/wp-content\/uploads\/2018\/10\/vizmuvek-2011_1-768x576.jpg 768w\" sizes=\"auto, (max-width: 900px) 100vw, 900px\" \/><figcaption class=\"wp-element-caption\">V\u00edzm\u0171vek \u00e9p\u00fclete a 2000-es \u00e9vek elej\u00e9n.<\/figcaption><\/figure>\n\n\n\n<h2 class=\"wp-block-heading\">1913<\/h2>\n\n\n\n<p>A k\u00f6zs\u00e9gi v\u00edzm\u0171vekr\u0151l felsorol\u00e1sunk m\u00e9g hi\u00e1nyosabb.<br>A fontosabb v\u00edzm\u0171vek a k\u00f6vetkez\u0151k : Pest v\u00e1rmegy\u00e9ben Budafok (361.900 K becs\u00e9rt\u00e9k, 53.579 K \u00fczemi bev\u00e9tel \u00e9s 54.109 K kiad\u00e1s), tov\u00e1bb\u00e1 R\u00e1kosliget (16.000 K becs\u00e9rt\u00e9k, 11.004 K \u00fczemi bev\u00e9tel \u00e9s 7.662 K kiad\u00e1s) ;<\/p>\n\n\n\n<p>Forr\u00e1s: Magyar Statisztikai K\u00f6zlem\u00e9nyek 1913 132. oldal<\/p>\n\n\n\n<figure class=\"wp-block-image size-large\"><img loading=\"lazy\" decoding=\"async\" width=\"1024\" height=\"144\" src=\"https:\/\/rakosliget.hu\/wordpress\/wp-content\/uploads\/2023\/01\/Vizmuvek-1024x144.jpg\" alt=\"\" class=\"wp-image-10886\" srcset=\"https:\/\/rakosliget.hu\/wordpress\/wp-content\/uploads\/2023\/01\/Vizmuvek-1024x144.jpg 1024w, https:\/\/rakosliget.hu\/wordpress\/wp-content\/uploads\/2023\/01\/Vizmuvek-300x42.jpg 300w, https:\/\/rakosliget.hu\/wordpress\/wp-content\/uploads\/2023\/01\/Vizmuvek-768x108.jpg 768w, https:\/\/rakosliget.hu\/wordpress\/wp-content\/uploads\/2023\/01\/Vizmuvek.jpg 1355w\" sizes=\"auto, (max-width: 1024px) 100vw, 1024px\" \/><figcaption class=\"wp-element-caption\">Sz\u00f6vetkezeti kompasz az 1948-49. \u00e9vre (1948, Budapest) 1948.<\/figcaption><\/figure>\n\n\n\n<figure class=\"wp-block-image size-large\"><img decoding=\"async\" src=\"https:\/\/rakosliget.hu\/kepeslapok\/Rakosligetnregikepeslapokon800\/rkosligetvzmvek.jpg\" alt=\"\"\/><\/figure>\n\n\n\n<h2 class=\"wp-block-heading\">1928<\/h2>\n\n\n\n<figure class=\"wp-block-image size-full is-resized\"><img loading=\"lazy\" decoding=\"async\" width=\"703\" height=\"761\" src=\"https:\/\/rakosliget.hu\/wordpress\/wp-content\/uploads\/2023\/02\/vizmuvek1928.jpg\" alt=\"\" class=\"wp-image-11070\" style=\"width:690px;height:746px\" srcset=\"https:\/\/rakosliget.hu\/wordpress\/wp-content\/uploads\/2023\/02\/vizmuvek1928.jpg 703w, https:\/\/rakosliget.hu\/wordpress\/wp-content\/uploads\/2023\/02\/vizmuvek1928-277x300.jpg 277w\" sizes=\"auto, (max-width: 703px) 100vw, 703px\" \/><figcaption class=\"wp-element-caption\">Forr\u00e1s: Magyarorsz\u00e1g 1928. j\u00falius 26. L\u00e9vai Jen\u0151 cikk r\u00e9szlete.<\/figcaption><\/figure>\n\n\n\n<h2 class=\"wp-block-heading\">1930<\/h2>\n\n\n\n<p>A budapesti agglomer\u00e1ci\u00f3 pontos k\u00fat-, illetve iv\u00f3v\u00edzkataszter\u00e9nek hi\u00e1ny\u00e1ban is meg\u00e1llap\u00edthatjuk, hogy az 1930-ban m\u00e1r 415.213 f\u0151nyinek bizonyult n\u00e9pess\u00e9gnek csak kisebb t\u00f6red\u00e9ke: 194.205 l\u00e9lek van \u2014 hozz\u00e1vet\u0151leges sz\u00e1m\u00edt\u00e1s szerint \u2014 centr\u00e1lis v\u00edzm\u0171 \u00fatj\u00e1n iv\u00f3v\u00edzzel ell\u00e1tva. Az \u00fajpesti, wekerletelepi, albertfalvai, budafoki, r\u00e1koshegyi \u00e9s r\u00e1kosligeti v\u00edzm\u0171vek teh\u00e1t az agglomer\u00e1ci\u00f3 n\u00e9pess\u00e9g\u00e9nek csak 45-7%-\u00e1t r\u00e9szeltetik higi\u00e9nikus iv\u00f3v\u00edz szolg\u00e1ltat\u00e1s\u00e1ban. A legnagyobb aggodalommal kell l\u00e1tnunk, hogy m\u00e9g a nagyobb l\u00e9leksz\u00e1m\u00fa megyei v\u00e1rosok k\u00f6z\u00f6tt is akad egy (R\u00e1kospalota), amelyiknek centr\u00e1lis v\u00edzell\u00e1t\u00e1sa nincsen.<\/p>\n\n\n\n<figure class=\"wp-block-image size-large is-resized\"><img loading=\"lazy\" decoding=\"async\" width=\"1024\" height=\"693\" src=\"https:\/\/rakosliget.hu\/wordpress\/wp-content\/uploads\/2023\/03\/BpStatKozlemenyek_079_2__pages79-79-1024x693.jpg\" alt=\"\" class=\"wp-image-11248\" style=\"width:690px;height:466px\" srcset=\"https:\/\/rakosliget.hu\/wordpress\/wp-content\/uploads\/2023\/03\/BpStatKozlemenyek_079_2__pages79-79-1024x693.jpg 1024w, https:\/\/rakosliget.hu\/wordpress\/wp-content\/uploads\/2023\/03\/BpStatKozlemenyek_079_2__pages79-79-300x203.jpg 300w, https:\/\/rakosliget.hu\/wordpress\/wp-content\/uploads\/2023\/03\/BpStatKozlemenyek_079_2__pages79-79-768x520.jpg 768w, https:\/\/rakosliget.hu\/wordpress\/wp-content\/uploads\/2023\/03\/BpStatKozlemenyek_079_2__pages79-79-1536x1040.jpg 1536w, https:\/\/rakosliget.hu\/wordpress\/wp-content\/uploads\/2023\/03\/BpStatKozlemenyek_079_2__pages79-79-2048x1386.jpg 2048w\" sizes=\"auto, (max-width: 1024px) 100vw, 1024px\" \/><\/figure>\n\n\n\n<p><em>Forr\u00e1s: Melly J\u00f3zsef: Nagy-Budapest k\u00f6zeg\u00e9szs\u00e9g\u00fcgyi vonatkoz\u00e1sban (Budapesti Statisztikai K\u00f6zlem\u00e9nyek 79\/2)<\/em><\/p>\n\n\n\n<h2 class=\"wp-block-heading\">1931<\/h2>\n\n\n\n<p>A Hidrol\u00f3giai K\u00f6zl\u00f6ny 1931. \u00e9vi sz\u00e1m\u00e1ban megjelent jelent\u00e9sek:<\/p>\n\n\n\n<p>A telep\u00fcl\u00e9s v\u00edzell\u00e1t\u00e1s\u00e1t az 1899-ben alap\u00edtott R\u00e1kosligeti V\u00edzm\u0171 Sz\u00f6vetkezet biztos\u00edtja. R\u00e1koskereszt\u00far k\u00f6zs\u00e9g egy kis r\u00e9sze is ebb\u0151l a v\u00edzm\u0171b\u0151l szerzi be az iv\u00f3vizet. A vizet 4 db 8-10 m\u00e9ter m\u00e9ly akn\u00e1s k\u00fatb\u00f3l \u00e9s egy 98 m\u00e9ter m\u00e9ly f\u00fart k\u00fatb\u00f3l nyerik. Ezekb\u0151l a kutakb\u00f3l a vizet 2 db centrifug\u00e1lszivatty\u00fa sz\u00e1ll\u00edtja 2 db, \u00f6sszesen 200 m3 kapacit\u00e1s\u00fa t\u00e1roz\u00f3ba. A fogyaszt\u00e1si egys\u00e9gek sz\u00e1ma 750. Az \u00fczem 3209 embert l\u00e1t el, azaz szinte a teljes lakoss\u00e1got. Tavaly 71 500 m3 vizet osztottak ki, de a maxim\u00e1lis kapacit\u00e1s csak 100 000 m3. Ennek k\u00f6vetkezt\u00e9ben az \u00fczem \u00faj kutakat \u00e9s egy \u00faj tart\u00e1lyt akar \u00e9p\u00edteni.<\/p>\n\n\n\n<p><\/p>\n\n\n\n<h2 class=\"wp-block-heading\">1932<\/h2>\n\n\n\n<figure class=\"wp-block-image size-full\"><img loading=\"lazy\" decoding=\"async\" width=\"1559\" height=\"2560\" src=\"https:\/\/rakosliget.hu\/wordpress\/wp-content\/uploads\/2025\/11\/viz-dragulas-scaled.jpg\" alt=\"\" class=\"wp-image-18779\" srcset=\"https:\/\/rakosliget.hu\/wordpress\/wp-content\/uploads\/2025\/11\/viz-dragulas-scaled.jpg 1559w, https:\/\/rakosliget.hu\/wordpress\/wp-content\/uploads\/2025\/11\/viz-dragulas-183x300.jpg 183w, https:\/\/rakosliget.hu\/wordpress\/wp-content\/uploads\/2025\/11\/viz-dragulas-768x1261.jpg 768w, https:\/\/rakosliget.hu\/wordpress\/wp-content\/uploads\/2025\/11\/viz-dragulas-935x1536.jpg 935w, https:\/\/rakosliget.hu\/wordpress\/wp-content\/uploads\/2025\/11\/viz-dragulas-1247x2048.jpg 1247w\" sizes=\"auto, (max-width: 1559px) 100vw, 1559px\" \/><figcaption class=\"wp-element-caption\">Forr\u00e1s: Orsz\u00e1g Vil\u00e1g 1932. m\u00e1jus 31.<\/figcaption><\/figure>\n\n\n\n<h2 class=\"wp-block-heading\">1939<\/h2>\n\n\n\n<p>Budapestnek sincs az eg\u00e9sz ter\u00fclete v\u00edzvezet\u00e9kkel beh\u00e1l\u00f3zva.<br>Sz\u00e1m\u00edt\u00e1sba kell azt is venni, hogy a felsorolt helys\u00e9gek k\u00f6z\u00fcl t\u00f6bb m\u00e1ris el van<br>t\u00f6bb\u00e9-kev\u00e9sbb\u00e9 v\u00edzzel l\u00e1tva. A II. sz. t\u00e1bl\u00e1zat adatai szerint a kispesti Wekerle-telep, Budafok, Kispest, Pestszenterzs\u00e9bet, \u00dajpest, Albertfalva, Csepel, \u00d3- \u00e9s \u00daj M\u00e1ty\u00e1sf\u00f6ld,<br>R\u00e1koshegy \u00e9s R\u00e1kosliget vannak v\u00edzzel ell\u00e1tva.<\/p>\n\n\n\n<figure class=\"wp-block-image size-large\"><img loading=\"lazy\" decoding=\"async\" width=\"1024\" height=\"709\" src=\"https:\/\/rakosliget.hu\/wordpress\/wp-content\/uploads\/2023\/03\/VizugyiKozlemenyek_1939__pages551-551-1024x709.jpg\" alt=\"\" class=\"wp-image-11245\" srcset=\"https:\/\/rakosliget.hu\/wordpress\/wp-content\/uploads\/2023\/03\/VizugyiKozlemenyek_1939__pages551-551-1024x709.jpg 1024w, https:\/\/rakosliget.hu\/wordpress\/wp-content\/uploads\/2023\/03\/VizugyiKozlemenyek_1939__pages551-551-300x208.jpg 300w, https:\/\/rakosliget.hu\/wordpress\/wp-content\/uploads\/2023\/03\/VizugyiKozlemenyek_1939__pages551-551-768x532.jpg 768w, https:\/\/rakosliget.hu\/wordpress\/wp-content\/uploads\/2023\/03\/VizugyiKozlemenyek_1939__pages551-551-1536x1064.jpg 1536w, https:\/\/rakosliget.hu\/wordpress\/wp-content\/uploads\/2023\/03\/VizugyiKozlemenyek_1939__pages551-551-2048x1419.jpg 2048w\" sizes=\"auto, (max-width: 1024px) 100vw, 1024px\" \/><\/figure>\n\n\n\n<p>R\u00e1koskereszt\u00far kis r\u00e9sze a r\u00e1kosligeti v\u00edzm\u0171vekt\u0151l kap vizet.<br><em>Forr\u00e1s: Vojcsik Lip\u00f3t: Budapest k\u00f6rny\u00e9k\u00e9nek iv\u00f3v\u00edzell\u00e1t\u00e1sa. V\u00edz\u00fcgyi K\u00f6zlem\u00e9nyek, 1939 (21. \u00e9vfolyam) 3-4. sz\u00e1m<\/em><\/p>\n\n\n\n<h2 class=\"wp-block-heading\">1949<\/h2>\n\n\n\n<figure class=\"wp-block-image size-large\"><img loading=\"lazy\" decoding=\"async\" width=\"1024\" height=\"823\" src=\"https:\/\/rakosliget.hu\/wordpress\/wp-content\/uploads\/2023\/03\/Szabadnep-1949-november-13-1024x823.jpg\" alt=\"\" class=\"wp-image-11258\" srcset=\"https:\/\/rakosliget.hu\/wordpress\/wp-content\/uploads\/2023\/03\/Szabadnep-1949-november-13-1024x823.jpg 1024w, https:\/\/rakosliget.hu\/wordpress\/wp-content\/uploads\/2023\/03\/Szabadnep-1949-november-13-300x241.jpg 300w, https:\/\/rakosliget.hu\/wordpress\/wp-content\/uploads\/2023\/03\/Szabadnep-1949-november-13-768x617.jpg 768w, https:\/\/rakosliget.hu\/wordpress\/wp-content\/uploads\/2023\/03\/Szabadnep-1949-november-13.jpg 1319w\" sizes=\"auto, (max-width: 1024px) 100vw, 1024px\" \/><\/figure>\n\n\n\n<p class=\"has-text-align-center\"><em>Forr\u00e1s: Szabad N\u00e9p 1949. november 13.<\/em><\/p>\n\n\n\n<h2 class=\"wp-block-heading\">1963<\/h2>\n\n\n\n<figure class=\"wp-block-image size-large\"><img loading=\"lazy\" decoding=\"async\" width=\"717\" height=\"1024\" src=\"https:\/\/rakosliget.hu\/wordpress\/wp-content\/uploads\/2023\/03\/Magyar-Nemzet-1963-julius-10-717x1024.jpg\" alt=\"\" class=\"wp-image-11255\" srcset=\"https:\/\/rakosliget.hu\/wordpress\/wp-content\/uploads\/2023\/03\/Magyar-Nemzet-1963-julius-10-717x1024.jpg 717w, https:\/\/rakosliget.hu\/wordpress\/wp-content\/uploads\/2023\/03\/Magyar-Nemzet-1963-julius-10-210x300.jpg 210w, https:\/\/rakosliget.hu\/wordpress\/wp-content\/uploads\/2023\/03\/Magyar-Nemzet-1963-julius-10-768x1096.jpg 768w, https:\/\/rakosliget.hu\/wordpress\/wp-content\/uploads\/2023\/03\/Magyar-Nemzet-1963-julius-10-1076x1536.jpg 1076w, https:\/\/rakosliget.hu\/wordpress\/wp-content\/uploads\/2023\/03\/Magyar-Nemzet-1963-julius-10.jpg 1200w\" sizes=\"auto, (max-width: 717px) 100vw, 717px\" \/><\/figure>\n\n\n\n<p class=\"has-text-align-center\"><em>Forr\u00e1s: Magyar Nemzet 1963. j\u00falius 10.<\/em><\/p>\n\n\n\n<h2 class=\"wp-block-heading\">1968<\/h2>\n\n\n\n<p>A r\u00e1koscsabai, r\u00e1kosligeti, \u00e9s pestszentl\u0151rinci telepek 20\u201430 m m\u00e9lyen lev\u0151 r\u00e9szen pleisztoc\u00e9n r\u00e9tegb\u0151l, homokb\u00f3l \u00e9s kavicsos homokb\u00f3l, r\u00e9szben fels\u0151 pann\u00f3niai homokb\u00f3l termelnek. <em>Forr\u00e1s: PUSZTAY GYULA: A F\u0151v\u00e1rosi V\u00edzm\u0171vek v\u00edznyer\u0151 ter\u00fcleteinek \u00e1ltal\u00e1nos hidrol\u00f3gi\u00e1ja. Hidrol\u00f3giai K\u00f6zl\u00f6ny 1968. 48. \u00e9vfolyam 4. sz\u00e1m<\/em><\/p>\n\n\n\n<figure class=\"wp-block-image size-large\"><a href=\"https:\/\/rakosliget.hu\/wordpress\/wp-content\/uploads\/2023\/03\/HidrologiaiKozlony_1968__pages187-187-scaled.jpg\"><img loading=\"lazy\" decoding=\"async\" width=\"723\" height=\"1024\" src=\"https:\/\/rakosliget.hu\/wordpress\/wp-content\/uploads\/2023\/03\/HidrologiaiKozlony_1968__pages187-187-723x1024.jpg\" alt=\"\" class=\"wp-image-11241\" srcset=\"https:\/\/rakosliget.hu\/wordpress\/wp-content\/uploads\/2023\/03\/HidrologiaiKozlony_1968__pages187-187-723x1024.jpg 723w, https:\/\/rakosliget.hu\/wordpress\/wp-content\/uploads\/2023\/03\/HidrologiaiKozlony_1968__pages187-187-212x300.jpg 212w, https:\/\/rakosliget.hu\/wordpress\/wp-content\/uploads\/2023\/03\/HidrologiaiKozlony_1968__pages187-187-768x1088.jpg 768w, https:\/\/rakosliget.hu\/wordpress\/wp-content\/uploads\/2023\/03\/HidrologiaiKozlony_1968__pages187-187-1084x1536.jpg 1084w, https:\/\/rakosliget.hu\/wordpress\/wp-content\/uploads\/2023\/03\/HidrologiaiKozlony_1968__pages187-187-1446x2048.jpg 1446w, https:\/\/rakosliget.hu\/wordpress\/wp-content\/uploads\/2023\/03\/HidrologiaiKozlony_1968__pages187-187-scaled.jpg 1807w\" sizes=\"auto, (max-width: 723px) 100vw, 723px\" \/><\/a><\/figure>\n\n\n\n<p>R\u00e1kosok gy\u0171jt\u0151n\u00e9vvel eml\u00edtem meg a R\u00e1kosligeti-, R\u00e1koshegyi-, R\u00e1koscsabai- \u00e9s R\u00e1koskerti-v\u00edzm\u0171veket, \u00e9s ebbe a csoportba tartoznak a pestl\u0151rinci m\u00e9lyf\u00far\u00e1s\u00fa kutak v\u00edzm\u0171vei is. Ezek valamennyien k\u00f6zvetlen\u00fcl a nyom\u00f3h\u00e1l\u00f3zatra \u00fczemelnek. A peremker\u00fcleti v\u00edzm\u0171veket helyi ig\u00e9nyek kiel\u00e9g\u00edt\u00e9se c\u00e9lj\u00e1b\u00f3l l\u00e9tes\u00edtett\u00e9k, ma m\u00e1r ezt a feladatot nem tudj\u00e1k ell\u00e1tni \u00e9s ez\u00e9rt a k\u00f6zponti v\u00edzh\u00e1l\u00f3zatb\u00f3l kell a peremker\u00fcletek ell\u00e1t\u00e1s\u00e1t kieg\u00e9sz\u00edteni. A keleti peremker\u00fcleti termel\u0151telepek 4 aknak\u00fatja, 2 cs\u0151k\u00fatja \u00e9s 24 m\u00e9lyf\u00far\u00e1s\u00fa k\u00fatja a f\u0151v\u00e1ros m\u00falt\u00e9vi v\u00edzell\u00e1t\u00e1s\u00e1ban mind\u00f6ssze 1,9%-os teljes\u00edtm\u00e9nnyel szerepelt.<\/p>\n\n\n\n<p><em>Forr\u00e1s: Sel\u00e9nyi P\u00e1l: Budapest v\u00edzell\u00e1t\u00e1si rendszere. Hidrol\u00f3giai K\u00f6zl\u00f6ny 1968. 48. \u00e9vfolyam 4. sz\u00e1m<\/em><\/p>\n\n\n\n<p><\/p>\n","protected":false},"excerpt":{"rendered":"<p>Az oldal indult: 2023.01.28. 1913 A k\u00f6zs\u00e9gi v\u00edzm\u0171vekr\u0151l felsorol\u00e1sunk m\u00e9g hi\u00e1nyosabb.A fontosabb v\u00edzm\u0171vek a k\u00f6vetkez\u0151k : Pest v\u00e1rmegy\u00e9ben Budafok (361.900 K becs\u00e9rt\u00e9k, 53.579 K \u00fczemi bev\u00e9tel \u00e9s 54.109 K kiad\u00e1s), tov\u00e1bb\u00e1 R\u00e1kosliget (16.000 K becs\u00e9rt\u00e9k, 11.004 K \u00fczemi bev\u00e9tel \u00e9s 7.662 K kiad\u00e1s) ; Forr\u00e1s: Magyar Statisztikai K\u00f6zlem\u00e9nyek 1913 132. oldal 1928 1930 A budapesti &hellip; <a href=\"https:\/\/rakosliget.hu\/wordpress\/index.php\/vizmuvek\/\" class=\"more-link\"><span class=\"screen-reader-text\">V\u00cdZM\u0170VEK<\/span> r\u00e9szletei&#8230;<\/a><\/p>\n","protected":false},"author":1,"featured_media":0,"parent":0,"menu_order":0,"comment_status":"closed","ping_status":"closed","template":"","meta":{"footnotes":""},"class_list":["post-10883","page","type-page","status-publish","hentry"],"_links":{"self":[{"href":"https:\/\/rakosliget.hu\/wordpress\/index.php\/wp-json\/wp\/v2\/pages\/10883","targetHints":{"allow":["GET"]}}],"collection":[{"href":"https:\/\/rakosliget.hu\/wordpress\/index.php\/wp-json\/wp\/v2\/pages"}],"about":[{"href":"https:\/\/rakosliget.hu\/wordpress\/index.php\/wp-json\/wp\/v2\/types\/page"}],"author":[{"embeddable":true,"href":"https:\/\/rakosliget.hu\/wordpress\/index.php\/wp-json\/wp\/v2\/users\/1"}],"replies":[{"embeddable":true,"href":"https:\/\/rakosliget.hu\/wordpress\/index.php\/wp-json\/wp\/v2\/comments?post=10883"}],"version-history":[{"count":17,"href":"https:\/\/rakosliget.hu\/wordpress\/index.php\/wp-json\/wp\/v2\/pages\/10883\/revisions"}],"predecessor-version":[{"id":18916,"href":"https:\/\/rakosliget.hu\/wordpress\/index.php\/wp-json\/wp\/v2\/pages\/10883\/revisions\/18916"}],"wp:attachment":[{"href":"https:\/\/rakosliget.hu\/wordpress\/index.php\/wp-json\/wp\/v2\/media?parent=10883"}],"curies":[{"name":"wp","href":"https:\/\/api.w.org\/{rel}","templated":true}]}}