{"id":1087,"date":"2018-03-23T03:51:54","date_gmt":"2018-03-23T02:51:54","guid":{"rendered":"http:\/\/rakosliget.hu\/wordpress\/?page_id=1087"},"modified":"2018-03-23T03:51:54","modified_gmt":"2018-03-23T02:51:54","slug":"meszaros-lajos","status":"publish","type":"page","link":"https:\/\/rakosliget.hu\/wordpress\/index.php\/meszaros-lajos\/","title":{"rendered":"M\u00e9sz\u00e1ros Lajos"},"content":{"rendered":"<h1 align=\"left\"><span data-canvas-width=\"136.3525703100879\">M\u00e9sz\u00e1ros Lajos<\/span><\/h1>\n<h2 align=\"left\">a r\u00e1kosligeti a k\u00e9pvisel\u0151-test\u00fclet tagja<\/h2>\n<p align=\"left\">\n<p align=\"left\"><span data-canvas-width=\"167.21202643970122\">Lakatosseg\u00e9d. 1949-ben <\/span><span data-canvas-width=\"247.35271845250807\">a R\u00e1kosligeti N\u00e9pfrontbizotts\u00e1g titk\u00e1ra, 1948-1949-ben <\/span><span data-canvas-width=\"139.12013841622203\">a k\u00e9pvisel\u0151-test\u00fclet tagja. <\/span><\/p>\n","protected":false},"excerpt":{"rendered":"<p>M\u00e9sz\u00e1ros Lajos a r\u00e1kosligeti a k\u00e9pvisel\u0151-test\u00fclet tagja Lakatosseg\u00e9d. 1949-ben a R\u00e1kosligeti N\u00e9pfrontbizotts\u00e1g titk\u00e1ra, 1948-1949-ben a k\u00e9pvisel\u0151-test\u00fclet tagja.<\/p>\n","protected":false},"author":1,"featured_media":0,"parent":0,"menu_order":0,"comment_status":"closed","ping_status":"closed","template":"","meta":{"footnotes":""},"class_list":["post-1087","page","type-page","status-publish","hentry"],"_links":{"self":[{"href":"https:\/\/rakosliget.hu\/wordpress\/index.php\/wp-json\/wp\/v2\/pages\/1087","targetHints":{"allow":["GET"]}}],"collection":[{"href":"https:\/\/rakosliget.hu\/wordpress\/index.php\/wp-json\/wp\/v2\/pages"}],"about":[{"href":"https:\/\/rakosliget.hu\/wordpress\/index.php\/wp-json\/wp\/v2\/types\/page"}],"author":[{"embeddable":true,"href":"https:\/\/rakosliget.hu\/wordpress\/index.php\/wp-json\/wp\/v2\/users\/1"}],"replies":[{"embeddable":true,"href":"https:\/\/rakosliget.hu\/wordpress\/index.php\/wp-json\/wp\/v2\/comments?post=1087"}],"version-history":[{"count":1,"href":"https:\/\/rakosliget.hu\/wordpress\/index.php\/wp-json\/wp\/v2\/pages\/1087\/revisions"}],"predecessor-version":[{"id":1088,"href":"https:\/\/rakosliget.hu\/wordpress\/index.php\/wp-json\/wp\/v2\/pages\/1087\/revisions\/1088"}],"wp:attachment":[{"href":"https:\/\/rakosliget.hu\/wordpress\/index.php\/wp-json\/wp\/v2\/media?parent=1087"}],"curies":[{"name":"wp","href":"https:\/\/api.w.org\/{rel}","templated":true}]}}