{"id":10844,"date":"2023-01-21T11:15:15","date_gmt":"2023-01-21T10:15:15","guid":{"rendered":"https:\/\/rakosliget.hu\/wordpress\/?page_id=10844"},"modified":"2026-01-23T06:24:50","modified_gmt":"2026-01-23T05:24:50","slug":"nogall-janka","status":"publish","type":"page","link":"https:\/\/rakosliget.hu\/wordpress\/index.php\/nogall-janka\/","title":{"rendered":"NOG\u00c1LL JANKA"},"content":{"rendered":"\n<div class=\"wp-block-buttons is-content-justification-center is-layout-flex wp-container-core-buttons-is-layout-16018d1d wp-block-buttons-is-layout-flex\">\n<div class=\"wp-block-button\"><a class=\"wp-block-button__link wp-element-button\" href=\"https:\/\/rakosliget.hu\/wordpress\/index.php\/muveszet\/\">VISSZA A M\u0170V\u00c9SZET LAPRA<\/a><\/div>\n<\/div>\n\n\n\n<p><\/p>\n\n\n\n<figure class=\"wp-block-image size-full\"><a href=\"https:\/\/rakosliget.hu\/wordpress\/wp-content\/uploads\/2023\/01\/nogall-janka.jpg\"><img loading=\"lazy\" decoding=\"async\" width=\"956\" height=\"797\" src=\"https:\/\/rakosliget.hu\/wordpress\/wp-content\/uploads\/2023\/01\/nogall-janka.jpg\" alt=\"\" class=\"wp-image-10846\" srcset=\"https:\/\/rakosliget.hu\/wordpress\/wp-content\/uploads\/2023\/01\/nogall-janka.jpg 956w, https:\/\/rakosliget.hu\/wordpress\/wp-content\/uploads\/2023\/01\/nogall-janka-300x250.jpg 300w, https:\/\/rakosliget.hu\/wordpress\/wp-content\/uploads\/2023\/01\/nogall-janka-768x640.jpg 768w\" sizes=\"auto, (max-width: 956px) 100vw, 956px\" \/><\/a><figcaption class=\"wp-element-caption\"><a href=\"http:\/\/rakosliget.hu\/pdf\/page0437.pdf\">Forr\u00e1s: N\u00e9pszabads\u00e1g<\/a><\/figcaption><\/figure>\n\n\n\n<p>&#8222;Nog\u00e1ll Janka apja t\u00f6rv\u00e9nysz\u00e9ki b\u00edr\u00f3 volt, nagyb\u00e1tyja p\u00fcsp\u00f6k, a nagyv\u00e1radi tan\u00edt\u00f3k\u00e9pz\u0151t mag\u00e1ntanul\u00f3k\u00e9nt, sz\u00fclei nagypolg\u00e1ri otthon\u00e1b\u00f3l v\u00e9gezte el, Gyul\u00e1n. M\u00e1r tizenhat \u00e9ves kor\u00e1ban k\u00f6z\u00f6lt\u00e9k \u00edr\u00e1sait a f\u0151v\u00e1rosi lapok, tizenkilenc esztend\u0151sen pedig \u2013 1880-ban \u2013 hozz\u00e1ment a n\u00e1l\u00e1n\u00e1l tizenk\u00e9t \u00e9vvel id\u0151sebb Szab\u00f3 Endr\u00e9hez. &#8230; <br>1890-t\u0151l munk\u00e1ba \u00e1llt a Divat Szalon szerkeszt\u0151jek\u00e9nt, \u00e9s ezt a munk\u00e1t hal\u00e1la pillanat\u00e1ig folytatta. Szerkesztette emellett a H\u00e1ztart\u00e1s c\u00edm\u0171 lapot \u00e9s a H\u00f6lgyek Napt\u00e1r\u00e1t, rend\u00fcletlen\u00fcl \u00edrta h\u00e1ztart\u00e1si \u00fatmutat\u00f3it, szak\u00e1csk\u00f6nyveit \u00e9s illemtani kalauzait. Rendszeresen vitt t\u00e1rcarovatot a legnagyobb pesti \u00fajs\u00e1gokban \u2013 1895\u201396 ban p\u00e9ld\u00e1ul a F\u0151v\u00e1rosi Lapok c\u00edmoldal\u00e1n jelentek meg \u00edr\u00e1sai k\u00e9theti rendszeress\u00e9ggel. &#8230; Meg\u00edrta az els\u0151 magyar l\u00e1nyreg\u00e9nyt \u2013 ez volt az 1895-ben k\u00f6zreadott Pipiske.&#8221; (N. K\u00f3sa Judit)<\/p>\n\n\n\n<figure class=\"wp-block-image size-large\"><img loading=\"lazy\" decoding=\"async\" width=\"751\" height=\"1024\" src=\"https:\/\/rakosliget.hu\/wordpress\/wp-content\/uploads\/2025\/03\/Szabone_Nogall_Janka._Ferenczi_Szepirodalom.1913-1-751x1024.jpg\" alt=\"\" class=\"wp-image-16955\" srcset=\"https:\/\/rakosliget.hu\/wordpress\/wp-content\/uploads\/2025\/03\/Szabone_Nogall_Janka._Ferenczi_Szepirodalom.1913-1-751x1024.jpg 751w, https:\/\/rakosliget.hu\/wordpress\/wp-content\/uploads\/2025\/03\/Szabone_Nogall_Janka._Ferenczi_Szepirodalom.1913-1-220x300.jpg 220w, https:\/\/rakosliget.hu\/wordpress\/wp-content\/uploads\/2025\/03\/Szabone_Nogall_Janka._Ferenczi_Szepirodalom.1913-1-768x1047.jpg 768w, https:\/\/rakosliget.hu\/wordpress\/wp-content\/uploads\/2025\/03\/Szabone_Nogall_Janka._Ferenczi_Szepirodalom.1913-1-1127x1536.jpg 1127w, https:\/\/rakosliget.hu\/wordpress\/wp-content\/uploads\/2025\/03\/Szabone_Nogall_Janka._Ferenczi_Szepirodalom.1913-1-1502x2048.jpg 1502w, https:\/\/rakosliget.hu\/wordpress\/wp-content\/uploads\/2025\/03\/Szabone_Nogall_Janka._Ferenczi_Szepirodalom.1913-1-scaled.jpg 1878w\" sizes=\"auto, (max-width: 751px) 100vw, 751px\" \/><\/figure>\n\n\n\n<div class=\"wp-block-buttons is-content-justification-center is-layout-flex wp-container-core-buttons-is-layout-16018d1d wp-block-buttons-is-layout-flex\">\n<div class=\"wp-block-button\"><a class=\"wp-block-button__link wp-element-button\" href=\"https:\/\/rakosliget.hu\/wordpress\/index.php\/muveszet\/\">VISSZA A M\u0170V\u00c9SZET LAPRA<\/a><\/div>\n<\/div>\n","protected":false},"excerpt":{"rendered":"<p>&#8222;Nog\u00e1ll Janka apja t\u00f6rv\u00e9nysz\u00e9ki b\u00edr\u00f3 volt, nagyb\u00e1tyja p\u00fcsp\u00f6k, a nagyv\u00e1radi tan\u00edt\u00f3k\u00e9pz\u0151t mag\u00e1ntanul\u00f3k\u00e9nt, sz\u00fclei nagypolg\u00e1ri otthon\u00e1b\u00f3l v\u00e9gezte el, Gyul\u00e1n. M\u00e1r tizenhat \u00e9ves kor\u00e1ban k\u00f6z\u00f6lt\u00e9k \u00edr\u00e1sait a f\u0151v\u00e1rosi lapok, tizenkilenc esztend\u0151sen pedig \u2013 1880-ban \u2013 hozz\u00e1ment a n\u00e1l\u00e1n\u00e1l tizenk\u00e9t \u00e9vvel id\u0151sebb Szab\u00f3 Endr\u00e9hez. &#8230; 1890-t\u0151l munk\u00e1ba \u00e1llt a Divat Szalon szerkeszt\u0151jek\u00e9nt, \u00e9s ezt a munk\u00e1t hal\u00e1la pillanat\u00e1ig &hellip; <a href=\"https:\/\/rakosliget.hu\/wordpress\/index.php\/nogall-janka\/\" class=\"more-link\"><span class=\"screen-reader-text\">NOG\u00c1LL JANKA<\/span> r\u00e9szletei&#8230;<\/a><\/p>\n","protected":false},"author":1,"featured_media":0,"parent":0,"menu_order":0,"comment_status":"closed","ping_status":"closed","template":"","meta":{"footnotes":""},"class_list":["post-10844","page","type-page","status-publish","hentry"],"_links":{"self":[{"href":"https:\/\/rakosliget.hu\/wordpress\/index.php\/wp-json\/wp\/v2\/pages\/10844","targetHints":{"allow":["GET"]}}],"collection":[{"href":"https:\/\/rakosliget.hu\/wordpress\/index.php\/wp-json\/wp\/v2\/pages"}],"about":[{"href":"https:\/\/rakosliget.hu\/wordpress\/index.php\/wp-json\/wp\/v2\/types\/page"}],"author":[{"embeddable":true,"href":"https:\/\/rakosliget.hu\/wordpress\/index.php\/wp-json\/wp\/v2\/users\/1"}],"replies":[{"embeddable":true,"href":"https:\/\/rakosliget.hu\/wordpress\/index.php\/wp-json\/wp\/v2\/comments?post=10844"}],"version-history":[{"count":6,"href":"https:\/\/rakosliget.hu\/wordpress\/index.php\/wp-json\/wp\/v2\/pages\/10844\/revisions"}],"predecessor-version":[{"id":22067,"href":"https:\/\/rakosliget.hu\/wordpress\/index.php\/wp-json\/wp\/v2\/pages\/10844\/revisions\/22067"}],"wp:attachment":[{"href":"https:\/\/rakosliget.hu\/wordpress\/index.php\/wp-json\/wp\/v2\/media?parent=10844"}],"curies":[{"name":"wp","href":"https:\/\/api.w.org\/{rel}","templated":true}]}}