{"id":1083,"date":"2018-03-23T03:50:28","date_gmt":"2018-03-23T02:50:28","guid":{"rendered":"http:\/\/rakosliget.hu\/wordpress\/?page_id=1083"},"modified":"2018-03-23T03:51:01","modified_gmt":"2018-03-23T02:51:01","slug":"1083-2","status":"publish","type":"page","link":"https:\/\/rakosliget.hu\/wordpress\/index.php\/1083-2\/","title":{"rendered":"M\u00e9sz\u00e1ros Lajosn\u00e9"},"content":{"rendered":"<h1 align=\"left\"><span data-canvas-width=\"136.3525703100879\">M\u00e9sz\u00e1ros Lajosn\u00e9<\/span><\/h1>\n<h2 align=\"left\"><span data-canvas-width=\"192.5724547865319\">(Szeged, 1910)<\/span><\/h2>\n<h3 align=\"left\">a r\u00e1kosligeti <span data-canvas-width=\"310.04152502022896\">el\u00f6lj\u00e1r\u00f3s\u00e1g<\/span> tagja<\/h3>\n<p align=\"left\"><span data-canvas-width=\"192.5724547865319\">1945<\/span><span data-canvas-width=\"309.456469018632\"> ut\u00e1n a r\u00e1kosligeti k\u00e9pvisel\u0151-test\u00fclet<\/span><span data-canvas-width=\"69.61076252541925\"> tagja. <\/span><\/p>\n","protected":false},"excerpt":{"rendered":"<p>M\u00e9sz\u00e1ros Lajosn\u00e9 (Szeged, 1910) a r\u00e1kosligeti el\u00f6lj\u00e1r\u00f3s\u00e1g tagja 1945 ut\u00e1n a r\u00e1kosligeti k\u00e9pvisel\u0151-test\u00fclet tagja.<\/p>\n","protected":false},"author":1,"featured_media":0,"parent":0,"menu_order":0,"comment_status":"closed","ping_status":"closed","template":"","meta":{"footnotes":""},"class_list":["post-1083","page","type-page","status-publish","hentry"],"_links":{"self":[{"href":"https:\/\/rakosliget.hu\/wordpress\/index.php\/wp-json\/wp\/v2\/pages\/1083","targetHints":{"allow":["GET"]}}],"collection":[{"href":"https:\/\/rakosliget.hu\/wordpress\/index.php\/wp-json\/wp\/v2\/pages"}],"about":[{"href":"https:\/\/rakosliget.hu\/wordpress\/index.php\/wp-json\/wp\/v2\/types\/page"}],"author":[{"embeddable":true,"href":"https:\/\/rakosliget.hu\/wordpress\/index.php\/wp-json\/wp\/v2\/users\/1"}],"replies":[{"embeddable":true,"href":"https:\/\/rakosliget.hu\/wordpress\/index.php\/wp-json\/wp\/v2\/comments?post=1083"}],"version-history":[{"count":2,"href":"https:\/\/rakosliget.hu\/wordpress\/index.php\/wp-json\/wp\/v2\/pages\/1083\/revisions"}],"predecessor-version":[{"id":1085,"href":"https:\/\/rakosliget.hu\/wordpress\/index.php\/wp-json\/wp\/v2\/pages\/1083\/revisions\/1085"}],"wp:attachment":[{"href":"https:\/\/rakosliget.hu\/wordpress\/index.php\/wp-json\/wp\/v2\/media?parent=1083"}],"curies":[{"name":"wp","href":"https:\/\/api.w.org\/{rel}","templated":true}]}}