{"id":1080,"date":"2018-03-23T03:49:14","date_gmt":"2018-03-23T02:49:14","guid":{"rendered":"http:\/\/rakosliget.hu\/wordpress\/?page_id=1080"},"modified":"2018-03-23T03:49:14","modified_gmt":"2018-03-23T02:49:14","slug":"matanovics","status":"publish","type":"page","link":"https:\/\/rakosliget.hu\/wordpress\/index.php\/matanovics\/","title":{"rendered":"Matanovics"},"content":{"rendered":"<h1>Matanovics f\u00e9nyk\u00e9p\u00e9sz<\/h1>\n<p>A f\u00e9nyk\u00e9p\u00e9sz a Ferihegyi \u00fat 14. sz\u00e1m alatt m\u0171k\u00f6d\u00f6tt az 1960-as \u00e9vekben.<\/p>\n","protected":false},"excerpt":{"rendered":"<p>Matanovics f\u00e9nyk\u00e9p\u00e9sz A f\u00e9nyk\u00e9p\u00e9sz a Ferihegyi \u00fat 14. sz\u00e1m alatt m\u0171k\u00f6d\u00f6tt az 1960-as \u00e9vekben.<\/p>\n","protected":false},"author":1,"featured_media":0,"parent":0,"menu_order":0,"comment_status":"closed","ping_status":"closed","template":"","meta":{"footnotes":""},"class_list":["post-1080","page","type-page","status-publish","hentry"],"_links":{"self":[{"href":"https:\/\/rakosliget.hu\/wordpress\/index.php\/wp-json\/wp\/v2\/pages\/1080","targetHints":{"allow":["GET"]}}],"collection":[{"href":"https:\/\/rakosliget.hu\/wordpress\/index.php\/wp-json\/wp\/v2\/pages"}],"about":[{"href":"https:\/\/rakosliget.hu\/wordpress\/index.php\/wp-json\/wp\/v2\/types\/page"}],"author":[{"embeddable":true,"href":"https:\/\/rakosliget.hu\/wordpress\/index.php\/wp-json\/wp\/v2\/users\/1"}],"replies":[{"embeddable":true,"href":"https:\/\/rakosliget.hu\/wordpress\/index.php\/wp-json\/wp\/v2\/comments?post=1080"}],"version-history":[{"count":1,"href":"https:\/\/rakosliget.hu\/wordpress\/index.php\/wp-json\/wp\/v2\/pages\/1080\/revisions"}],"predecessor-version":[{"id":1081,"href":"https:\/\/rakosliget.hu\/wordpress\/index.php\/wp-json\/wp\/v2\/pages\/1080\/revisions\/1081"}],"wp:attachment":[{"href":"https:\/\/rakosliget.hu\/wordpress\/index.php\/wp-json\/wp\/v2\/media?parent=1080"}],"curies":[{"name":"wp","href":"https:\/\/api.w.org\/{rel}","templated":true}]}}