{"id":10738,"date":"2023-01-15T10:43:01","date_gmt":"2023-01-15T09:43:01","guid":{"rendered":"https:\/\/rakosliget.hu\/wordpress\/?page_id=10738"},"modified":"2026-02-09T07:12:05","modified_gmt":"2026-02-09T06:12:05","slug":"tudomanyos-kutatok","status":"publish","type":"page","link":"https:\/\/rakosliget.hu\/wordpress\/index.php\/tudomanyos-kutatok\/","title":{"rendered":"TUDOM\u00c1NYOS KUTAT\u00d3K"},"content":{"rendered":"\n<p>R\u00e1kosligeten \u00e9lt tud\u00f3sok.<\/p>\n\n\n\n<p><a href=\"https:\/\/rakosliget.hu\/wordpress\/index.php\/isoz-kalman\/\">ISOZ K\u00c1LM\u00c1N<\/a> zenetud\u00f3s<\/p>\n","protected":false},"excerpt":{"rendered":"<p>R\u00e1kosligeten \u00e9lt tud\u00f3sok. ISOZ K\u00c1LM\u00c1N zenetud\u00f3s<\/p>\n","protected":false},"author":1,"featured_media":0,"parent":0,"menu_order":0,"comment_status":"closed","ping_status":"closed","template":"","meta":{"footnotes":""},"class_list":["post-10738","page","type-page","status-publish","hentry"],"_links":{"self":[{"href":"https:\/\/rakosliget.hu\/wordpress\/index.php\/wp-json\/wp\/v2\/pages\/10738","targetHints":{"allow":["GET"]}}],"collection":[{"href":"https:\/\/rakosliget.hu\/wordpress\/index.php\/wp-json\/wp\/v2\/pages"}],"about":[{"href":"https:\/\/rakosliget.hu\/wordpress\/index.php\/wp-json\/wp\/v2\/types\/page"}],"author":[{"embeddable":true,"href":"https:\/\/rakosliget.hu\/wordpress\/index.php\/wp-json\/wp\/v2\/users\/1"}],"replies":[{"embeddable":true,"href":"https:\/\/rakosliget.hu\/wordpress\/index.php\/wp-json\/wp\/v2\/comments?post=10738"}],"version-history":[{"count":4,"href":"https:\/\/rakosliget.hu\/wordpress\/index.php\/wp-json\/wp\/v2\/pages\/10738\/revisions"}],"predecessor-version":[{"id":23069,"href":"https:\/\/rakosliget.hu\/wordpress\/index.php\/wp-json\/wp\/v2\/pages\/10738\/revisions\/23069"}],"wp:attachment":[{"href":"https:\/\/rakosliget.hu\/wordpress\/index.php\/wp-json\/wp\/v2\/media?parent=10738"}],"curies":[{"name":"wp","href":"https:\/\/api.w.org\/{rel}","templated":true}]}}