{"id":1071,"date":"2018-03-23T03:45:06","date_gmt":"2018-03-23T02:45:06","guid":{"rendered":"http:\/\/rakosliget.hu\/wordpress\/?page_id=1071"},"modified":"2018-03-23T03:45:06","modified_gmt":"2018-03-23T02:45:06","slug":"lorant-bela","status":"publish","type":"page","link":"https:\/\/rakosliget.hu\/wordpress\/index.php\/lorant-bela\/","title":{"rendered":"L\u00f3r\u00e1nt B\u00e9la"},"content":{"rendered":"<h1 align=\"left\"><span data-canvas-width=\"72.26042471859165\">L\u00f3r\u00e1nt B\u00e9la<\/span><\/h1>\n<h2 align=\"left\"><span data-canvas-width=\"211.639844755935\">(Ny\u00edregyh\u00e1za, 1885-1953)<\/span><\/h2>\n<h2 align=\"left\">a R\u00e1kosligeti Nemzeti Bizotts\u00e1g tagja<\/h2>\n<p align=\"left\">\n<p align=\"left\"><span data-canvas-width=\"164.5931193029577\"> M\u00c1V alkalmazott. 1945-t\u0151l az F\u00fcggetlen Kisgazda P\u00e1rt tagja. 1945 ut\u00e1n k\u00f6zell\u00e1t\u00e1si tisztvisel\u0151. 1946-1947-ben a R\u00e1kosligeti Nemzeti Bizotts\u00e1g tagja. <\/span><\/p>\n","protected":false},"excerpt":{"rendered":"<p>L\u00f3r\u00e1nt B\u00e9la (Ny\u00edregyh\u00e1za, 1885-1953) a R\u00e1kosligeti Nemzeti Bizotts\u00e1g tagja M\u00c1V alkalmazott. 1945-t\u0151l az F\u00fcggetlen Kisgazda P\u00e1rt tagja. 1945 ut\u00e1n k\u00f6zell\u00e1t\u00e1si tisztvisel\u0151. 1946-1947-ben a R\u00e1kosligeti Nemzeti Bizotts\u00e1g tagja.<\/p>\n","protected":false},"author":1,"featured_media":0,"parent":0,"menu_order":0,"comment_status":"closed","ping_status":"closed","template":"","meta":{"footnotes":""},"class_list":["post-1071","page","type-page","status-publish","hentry"],"_links":{"self":[{"href":"https:\/\/rakosliget.hu\/wordpress\/index.php\/wp-json\/wp\/v2\/pages\/1071","targetHints":{"allow":["GET"]}}],"collection":[{"href":"https:\/\/rakosliget.hu\/wordpress\/index.php\/wp-json\/wp\/v2\/pages"}],"about":[{"href":"https:\/\/rakosliget.hu\/wordpress\/index.php\/wp-json\/wp\/v2\/types\/page"}],"author":[{"embeddable":true,"href":"https:\/\/rakosliget.hu\/wordpress\/index.php\/wp-json\/wp\/v2\/users\/1"}],"replies":[{"embeddable":true,"href":"https:\/\/rakosliget.hu\/wordpress\/index.php\/wp-json\/wp\/v2\/comments?post=1071"}],"version-history":[{"count":1,"href":"https:\/\/rakosliget.hu\/wordpress\/index.php\/wp-json\/wp\/v2\/pages\/1071\/revisions"}],"predecessor-version":[{"id":1072,"href":"https:\/\/rakosliget.hu\/wordpress\/index.php\/wp-json\/wp\/v2\/pages\/1071\/revisions\/1072"}],"wp:attachment":[{"href":"https:\/\/rakosliget.hu\/wordpress\/index.php\/wp-json\/wp\/v2\/media?parent=1071"}],"curies":[{"name":"wp","href":"https:\/\/api.w.org\/{rel}","templated":true}]}}