{"id":1065,"date":"2018-03-23T03:41:43","date_gmt":"2018-03-23T02:41:43","guid":{"rendered":"http:\/\/rakosliget.hu\/wordpress\/?page_id=1065"},"modified":"2018-03-23T03:41:43","modified_gmt":"2018-03-23T02:41:43","slug":"kutny-istvan","status":"publish","type":"page","link":"https:\/\/rakosliget.hu\/wordpress\/index.php\/kutny-istvan\/","title":{"rendered":"Kutny Istv\u00e1n"},"content":{"rendered":"<h1 align=\"left\"><span data-canvas-width=\"69.62619843335995\">Kutny Istv\u00e1n<\/span><\/h1>\n<h2 align=\"left\"><span data-canvas-width=\"168.6372823511572\">(Budapest, 1916)<\/span><\/h2>\n<h3 align=\"left\">R\u00e1kosligeti Nemzeti Bizotts\u00e1g \u00e9s az ideiglenes k\u00e9pvisel\u0151-test\u00fclet tagja<\/h3>\n<p align=\"left\">\n<p align=\"left\"><span data-canvas-width=\"229.6553952708168\">Kozmetikusseg\u00e9d. 1945-t\u0151l az SZDP (MDP) tagja, 1945 ut\u00e1n a p\u00e1rt r\u00e1kosligeti szervezet\u00e9nek a titk\u00e1ra; az asz\u00f3di j\u00e1r\u00e1s rend\u0151rkapit\u00e1nya, 1947-t\u0151l a F\u0151v\u00e1rosi Csatorn\u00e1z\u00e1si M\u0171vek tisztvisel\u0151je. 1945-ben a R\u00e1kosligeti Nemzeti Bizotts\u00e1g \u00e9s az ideiglenes k\u00e9pvisel\u0151-test\u00fclet tagja. K\u00fclf\u00f6ld\u00f6n \u00e9l. <\/span><\/p>\n","protected":false},"excerpt":{"rendered":"<p>Kutny Istv\u00e1n (Budapest, 1916) R\u00e1kosligeti Nemzeti Bizotts\u00e1g \u00e9s az ideiglenes k\u00e9pvisel\u0151-test\u00fclet tagja Kozmetikusseg\u00e9d. 1945-t\u0151l az SZDP (MDP) tagja, 1945 ut\u00e1n a p\u00e1rt r\u00e1kosligeti szervezet\u00e9nek a titk\u00e1ra; az asz\u00f3di j\u00e1r\u00e1s rend\u0151rkapit\u00e1nya, 1947-t\u0151l a F\u0151v\u00e1rosi Csatorn\u00e1z\u00e1si M\u0171vek tisztvisel\u0151je. 1945-ben a R\u00e1kosligeti Nemzeti Bizotts\u00e1g \u00e9s az ideiglenes k\u00e9pvisel\u0151-test\u00fclet tagja. K\u00fclf\u00f6ld\u00f6n \u00e9l.<\/p>\n","protected":false},"author":1,"featured_media":0,"parent":0,"menu_order":0,"comment_status":"closed","ping_status":"closed","template":"","meta":{"footnotes":""},"class_list":["post-1065","page","type-page","status-publish","hentry"],"_links":{"self":[{"href":"https:\/\/rakosliget.hu\/wordpress\/index.php\/wp-json\/wp\/v2\/pages\/1065","targetHints":{"allow":["GET"]}}],"collection":[{"href":"https:\/\/rakosliget.hu\/wordpress\/index.php\/wp-json\/wp\/v2\/pages"}],"about":[{"href":"https:\/\/rakosliget.hu\/wordpress\/index.php\/wp-json\/wp\/v2\/types\/page"}],"author":[{"embeddable":true,"href":"https:\/\/rakosliget.hu\/wordpress\/index.php\/wp-json\/wp\/v2\/users\/1"}],"replies":[{"embeddable":true,"href":"https:\/\/rakosliget.hu\/wordpress\/index.php\/wp-json\/wp\/v2\/comments?post=1065"}],"version-history":[{"count":1,"href":"https:\/\/rakosliget.hu\/wordpress\/index.php\/wp-json\/wp\/v2\/pages\/1065\/revisions"}],"predecessor-version":[{"id":1066,"href":"https:\/\/rakosliget.hu\/wordpress\/index.php\/wp-json\/wp\/v2\/pages\/1065\/revisions\/1066"}],"wp:attachment":[{"href":"https:\/\/rakosliget.hu\/wordpress\/index.php\/wp-json\/wp\/v2\/media?parent=1065"}],"curies":[{"name":"wp","href":"https:\/\/api.w.org\/{rel}","templated":true}]}}