{"id":10642,"date":"2023-01-07T07:52:12","date_gmt":"2023-01-07T06:52:12","guid":{"rendered":"https:\/\/rakosliget.hu\/wordpress\/?page_id=10642"},"modified":"2026-01-16T19:25:32","modified_gmt":"2026-01-16T18:25:32","slug":"evangelikus-ststisztika-1941","status":"publish","type":"page","link":"https:\/\/rakosliget.hu\/wordpress\/index.php\/evangelikus-ststisztika-1941\/","title":{"rendered":"Evang\u00e9likus statisztika"},"content":{"rendered":"\n<h3 class=\"wp-block-heading\"><a href=\"https:\/\/rakosliget.hu\/wordpress\/index.php\/egyhazak-rakosligeten\/\">VISSZA AZ EGYH\u00c1ZAK LAPRA<\/a><\/h3>\n\n\n\n<p>Egyh\u00e1ztagok adatai Excel t\u00e1bl\u00e1zatban \u00f6sszefoglalva. <\/p>\n\n\n\n<p>A <em>paplakra1926<\/em> f\u00e1jl az 1926 \u00e9s 1927. \u00e9vben, a paplakra adom\u00e1nyt ad\u00f3k nev\u00e9t, korabeli lakc\u00edm\u00e9t tartalmazza. <\/p>\n\n\n\n<p>Az <em>egyhazi-lap_1941_korr<\/em> f\u00e1jl az 1941-ben egyh\u00e1zhoz tartoz\u00f3k nev\u00e9t, korabeli lakc\u00edm\u00e9t, foglalkoz\u00e1s\u00e1t dolgozta fel.<\/p>\n\n\n\n<div class=\"wp-block-file\"><a id=\"wp-block-file--media-4b6c50c9-b51d-4de0-a60e-7339d78f8967\" href=\"https:\/\/rakosliget.hu\/wordpress\/wp-content\/uploads\/2023\/01\/egyhazi-lap_1941_korr.xlsx\">egyhazi-lap_1941_korr<\/a><a href=\"https:\/\/rakosliget.hu\/wordpress\/wp-content\/uploads\/2023\/01\/egyhazi-lap_1941_korr.xlsx\" class=\"wp-block-file__button wp-element-button\" download aria-describedby=\"wp-block-file--media-4b6c50c9-b51d-4de0-a60e-7339d78f8967\">Egyh\u00e1ztagok 1941-ben. statisztikai \u00f6sszes\u00edt\u0151<\/a><\/div>\n\n\n\n<p><\/p>\n\n\n\n<div class=\"wp-block-file\"><a id=\"wp-block-file--media-57de2693-9c2b-4349-912d-5a808d4cfd10\" href=\"https:\/\/rakosliget.hu\/wordpress\/wp-content\/uploads\/2023\/01\/paplakra1926.xls\">paplakra1926<\/a><a href=\"https:\/\/rakosliget.hu\/wordpress\/wp-content\/uploads\/2023\/01\/paplakra1926.xls\" class=\"wp-block-file__button wp-element-button\" download aria-describedby=\"wp-block-file--media-57de2693-9c2b-4349-912d-5a808d4cfd10\">Let\u00f6lt\u00e9s<\/a><\/div>\n\n\n\n<p><a href=\"https:\/\/rakosliget.hu\/wordpress\/index.php\/egyhazak-rakosligeten\/\">VISSZA AZ EGYH\u00c1ZAK LAPRA<\/a><\/p>\n","protected":false},"excerpt":{"rendered":"<p>VISSZA AZ EGYH\u00c1ZAK LAPRA Egyh\u00e1ztagok adatai Excel t\u00e1bl\u00e1zatban \u00f6sszefoglalva. A paplakra1926 f\u00e1jl az 1926 \u00e9s 1927. \u00e9vben, a paplakra adom\u00e1nyt ad\u00f3k nev\u00e9t, korabeli lakc\u00edm\u00e9t tartalmazza. Az egyhazi-lap_1941_korr f\u00e1jl az 1941-ben egyh\u00e1zhoz tartoz\u00f3k nev\u00e9t, korabeli lakc\u00edm\u00e9t, foglalkoz\u00e1s\u00e1t dolgozta fel. VISSZA AZ EGYH\u00c1ZAK LAPRA<\/p>\n","protected":false},"author":1,"featured_media":0,"parent":0,"menu_order":0,"comment_status":"closed","ping_status":"closed","template":"","meta":{"footnotes":""},"class_list":["post-10642","page","type-page","status-publish","hentry"],"_links":{"self":[{"href":"https:\/\/rakosliget.hu\/wordpress\/index.php\/wp-json\/wp\/v2\/pages\/10642","targetHints":{"allow":["GET"]}}],"collection":[{"href":"https:\/\/rakosliget.hu\/wordpress\/index.php\/wp-json\/wp\/v2\/pages"}],"about":[{"href":"https:\/\/rakosliget.hu\/wordpress\/index.php\/wp-json\/wp\/v2\/types\/page"}],"author":[{"embeddable":true,"href":"https:\/\/rakosliget.hu\/wordpress\/index.php\/wp-json\/wp\/v2\/users\/1"}],"replies":[{"embeddable":true,"href":"https:\/\/rakosliget.hu\/wordpress\/index.php\/wp-json\/wp\/v2\/comments?post=10642"}],"version-history":[{"count":9,"href":"https:\/\/rakosliget.hu\/wordpress\/index.php\/wp-json\/wp\/v2\/pages\/10642\/revisions"}],"predecessor-version":[{"id":21751,"href":"https:\/\/rakosliget.hu\/wordpress\/index.php\/wp-json\/wp\/v2\/pages\/10642\/revisions\/21751"}],"wp:attachment":[{"href":"https:\/\/rakosliget.hu\/wordpress\/index.php\/wp-json\/wp\/v2\/media?parent=10642"}],"curies":[{"name":"wp","href":"https:\/\/api.w.org\/{rel}","templated":true}]}}