{"id":1061,"date":"2018-03-23T03:39:55","date_gmt":"2018-03-23T02:39:55","guid":{"rendered":"http:\/\/rakosliget.hu\/wordpress\/?page_id=1061"},"modified":"2018-03-23T03:40:15","modified_gmt":"2018-03-23T02:40:15","slug":"kulcsar-dezso","status":"publish","type":"page","link":"https:\/\/rakosliget.hu\/wordpress\/index.php\/kulcsar-dezso\/","title":{"rendered":"Kulcs\u00e1r Dezs\u0151"},"content":{"rendered":"<h1 align=\"left\"><span data-canvas-width=\"76.57679436632084\">Kulcs\u00e1r Dezs\u0151<\/span><\/h1>\n<h2 align=\"left\"><span data-canvas-width=\"160.32914815003994\">(Gy\u0151r, 1914)<\/span><\/h2>\n<h3 align=\"left\">R\u00e1kosligeti Nemzeti Bizotts\u00e1g tagja<\/h3>\n<p align=\"left\"><span data-canvas-width=\"229.6553952708168\">, motorszerel\u0151, g\u00e9plakatos. 1929-t\u0151l vesz r\u00e9szt a munk\u00e1smozgalomban, 1938-t\u00f3l az SZDP (MDP, MSZMP) tagja. 1945 ut\u00e1n g\u00e9plakatos csoportvezet\u0151. 1945-ben a R\u00e1kosligeti NB tagja. &#8211; Nyugd\u00edjas. <\/span><\/p>\n","protected":false},"excerpt":{"rendered":"<p>Kulcs\u00e1r Dezs\u0151 (Gy\u0151r, 1914) R\u00e1kosligeti Nemzeti Bizotts\u00e1g tagja , motorszerel\u0151, g\u00e9plakatos. 1929-t\u0151l vesz r\u00e9szt a munk\u00e1smozgalomban, 1938-t\u00f3l az SZDP (MDP, MSZMP) tagja. 1945 ut\u00e1n g\u00e9plakatos csoportvezet\u0151. 1945-ben a R\u00e1kosligeti NB tagja. &#8211; Nyugd\u00edjas.<\/p>\n","protected":false},"author":1,"featured_media":0,"parent":0,"menu_order":0,"comment_status":"closed","ping_status":"closed","template":"","meta":{"footnotes":""},"class_list":["post-1061","page","type-page","status-publish","hentry"],"_links":{"self":[{"href":"https:\/\/rakosliget.hu\/wordpress\/index.php\/wp-json\/wp\/v2\/pages\/1061","targetHints":{"allow":["GET"]}}],"collection":[{"href":"https:\/\/rakosliget.hu\/wordpress\/index.php\/wp-json\/wp\/v2\/pages"}],"about":[{"href":"https:\/\/rakosliget.hu\/wordpress\/index.php\/wp-json\/wp\/v2\/types\/page"}],"author":[{"embeddable":true,"href":"https:\/\/rakosliget.hu\/wordpress\/index.php\/wp-json\/wp\/v2\/users\/1"}],"replies":[{"embeddable":true,"href":"https:\/\/rakosliget.hu\/wordpress\/index.php\/wp-json\/wp\/v2\/comments?post=1061"}],"version-history":[{"count":2,"href":"https:\/\/rakosliget.hu\/wordpress\/index.php\/wp-json\/wp\/v2\/pages\/1061\/revisions"}],"predecessor-version":[{"id":1063,"href":"https:\/\/rakosliget.hu\/wordpress\/index.php\/wp-json\/wp\/v2\/pages\/1061\/revisions\/1063"}],"wp:attachment":[{"href":"https:\/\/rakosliget.hu\/wordpress\/index.php\/wp-json\/wp\/v2\/media?parent=1061"}],"curies":[{"name":"wp","href":"https:\/\/api.w.org\/{rel}","templated":true}]}}