{"id":10601,"date":"2023-01-06T13:34:04","date_gmt":"2023-01-06T12:34:04","guid":{"rendered":"https:\/\/rakosliget.hu\/wordpress\/?page_id=10601"},"modified":"2026-01-31T12:20:58","modified_gmt":"2026-01-31T11:20:58","slug":"sandy-gyula","status":"publish","type":"page","link":"https:\/\/rakosliget.hu\/wordpress\/index.php\/sandy-gyula\/","title":{"rendered":"S\u00c1NDY GYULA"},"content":{"rendered":"\n<p id=\"Eleje\">A lap az oldalra ker\u00fclt: 2026.01.30.<\/p>\n\n\n\n<div class=\"wp-block-buttons is-content-justification-center is-layout-flex wp-container-core-buttons-is-layout-16018d1d wp-block-buttons-is-layout-flex\">\n<div class=\"wp-block-button\"><a class=\"wp-block-button__link wp-element-button\" href=\"https:\/\/rakosliget.hu\/wordpress\/index.php\/egyhazak-rakosligeten\/\">vissza az egyh\u00e1zak lapra<\/a><\/div>\n<\/div>\n\n\n\n<p><\/p>\n\n\n\n<p><\/p>\n\n\n<div class=\"wp-block-image\">\n<figure class=\"aligncenter size-full\"><img loading=\"lazy\" decoding=\"async\" width=\"203\" height=\"266\" src=\"https:\/\/rakosliget.hu\/wordpress\/wp-content\/uploads\/2023\/01\/1sandygyula.jpg\" alt=\"\" class=\"wp-image-10603\"\/><figcaption class=\"wp-element-caption\">Eperjes, 1868. j\u00falius 25. &#8211; Budapest, 1953. j\u00fanius 12.<\/figcaption><\/figure>\n<\/div>\n\n\n<p>S\u00e1ndy Gyula \u00e9p\u00edt\u00e9sz , a M\u0171egyetem tan\u00e1ra kapta meg a r\u00e1kosligeti evang\u00e9likus templom megtervez\u00e9s\u00e9nek \u00e9s kivitelez\u00e9s\u00e9nek ellen\u0151rz\u00e9si feladatait. S\u00e1ndy, aki a Pest megyei evang\u00e9likus templomok d\u00f6nt\u0151 r\u00e9sz\u00e9t tervezte elfogadta a felk\u00e9r\u00e9st, ez\u00e9rt p\u00e9nzt nem k\u00e9rt illetve csak azt k\u00f6t\u00f6tte ki, hogy a feladatb\u00f3l ered\u0151 kiad\u00e1sait fedezze a gy\u00fclekezet. A templomot 1932. november 20-\u00e1n szentelte fel Raffay S\u00e1ndor p\u00fcsp\u00f6k.<\/p>\n\n\n\n<h2 class=\"wp-block-heading has-text-align-center\"><a href=\"http:\/\/rakosliget.hu\/evangelikus templom iratok2\/tervrajz\/tervrajzok.html\">A templom eredeti tervrajzai<\/a><\/h2>\n\n\n<div class=\"wp-block-image\">\n<figure class=\"aligncenter size-full\"><img loading=\"lazy\" decoding=\"async\" width=\"134\" height=\"320\" src=\"https:\/\/rakosliget.hu\/wordpress\/wp-content\/uploads\/2023\/01\/rakosliget-sandy-kep150.jpg\" alt=\"\" class=\"wp-image-10606\" srcset=\"https:\/\/rakosliget.hu\/wordpress\/wp-content\/uploads\/2023\/01\/rakosliget-sandy-kep150.jpg 134w, https:\/\/rakosliget.hu\/wordpress\/wp-content\/uploads\/2023\/01\/rakosliget-sandy-kep150-126x300.jpg 126w\" sizes=\"auto, (max-width: 134px) 100vw, 134px\" \/><figcaption class=\"wp-element-caption\">S\u00e1ndy Gyula f\u00e9nyk\u00e9pe az elk\u00e9sz\u00fclt templomr\u00f3l. K\u00e9pek forr\u00e1sa: Lapis Angularis VI. Magyar \u00c9p\u00edt\u00e9szeti M\u00fazeum 2005.<\/figcaption><\/figure>\n<\/div>\n\n\n<figure class=\"wp-block-image size-large\"><img loading=\"lazy\" decoding=\"async\" width=\"840\" height=\"1024\" src=\"https:\/\/rakosliget.hu\/wordpress\/wp-content\/uploads\/2023\/01\/latvanyterv-840x1024.jpg\" alt=\"\" class=\"wp-image-10613\" srcset=\"https:\/\/rakosliget.hu\/wordpress\/wp-content\/uploads\/2023\/01\/latvanyterv-840x1024.jpg 840w, https:\/\/rakosliget.hu\/wordpress\/wp-content\/uploads\/2023\/01\/latvanyterv-246x300.jpg 246w, https:\/\/rakosliget.hu\/wordpress\/wp-content\/uploads\/2023\/01\/latvanyterv-768x936.jpg 768w, https:\/\/rakosliget.hu\/wordpress\/wp-content\/uploads\/2023\/01\/latvanyterv.jpg 1101w\" sizes=\"auto, (max-width: 840px) 100vw, 840px\" \/><\/figure>\n\n\n\n<figure class=\"wp-block-image size-large\"><img loading=\"lazy\" decoding=\"async\" width=\"690\" height=\"1024\" src=\"https:\/\/rakosliget.hu\/wordpress\/wp-content\/uploads\/2023\/01\/templombelso_1932-690x1024.jpg\" alt=\"\" class=\"wp-image-10616\" srcset=\"https:\/\/rakosliget.hu\/wordpress\/wp-content\/uploads\/2023\/01\/templombelso_1932-690x1024.jpg 690w, https:\/\/rakosliget.hu\/wordpress\/wp-content\/uploads\/2023\/01\/templombelso_1932-202x300.jpg 202w, https:\/\/rakosliget.hu\/wordpress\/wp-content\/uploads\/2023\/01\/templombelso_1932-768x1140.jpg 768w, https:\/\/rakosliget.hu\/wordpress\/wp-content\/uploads\/2023\/01\/templombelso_1932.jpg 1024w\" sizes=\"auto, (max-width: 690px) 100vw, 690px\" \/><figcaption class=\"wp-element-caption\">Templombels\u0151 1932<\/figcaption><\/figure>\n\n\n\n<figure class=\"wp-block-image size-large\"><img loading=\"lazy\" decoding=\"async\" width=\"768\" height=\"1024\" src=\"https:\/\/rakosliget.hu\/wordpress\/wp-content\/uploads\/2023\/01\/PICT3432-templomnew-768x1024.jpg\" alt=\"\" class=\"wp-image-10618\" srcset=\"https:\/\/rakosliget.hu\/wordpress\/wp-content\/uploads\/2023\/01\/PICT3432-templomnew-768x1024.jpg 768w, https:\/\/rakosliget.hu\/wordpress\/wp-content\/uploads\/2023\/01\/PICT3432-templomnew-225x300.jpg 225w, https:\/\/rakosliget.hu\/wordpress\/wp-content\/uploads\/2023\/01\/PICT3432-templomnew-1152x1536.jpg 1152w, https:\/\/rakosliget.hu\/wordpress\/wp-content\/uploads\/2023\/01\/PICT3432-templomnew.jpg 1200w\" sizes=\"auto, (max-width: 768px) 100vw, 768px\" \/><figcaption class=\"wp-element-caption\">Olt\u00e1r 2001. janu\u00e1r 31.<\/figcaption><\/figure>\n\n\n\n<div data-wp-interactive=\"core\/file\" class=\"wp-block-file aligncenter\"><object data-wp-bind--hidden=\"!state.hasPdfPreview\" hidden class=\"wp-block-file__embed\" data=\"https:\/\/rakosliget.hu\/wordpress\/wp-content\/uploads\/2026\/01\/MagyarEpitomuveszet_2020-1721852680__pages236-238_reduce.pdf\" type=\"application\/pdf\" style=\"width:100%;height:600px\" aria-label=\"Magyar \u00c9pit\u0151muv\u00e9szet XX. \u00c9VFOLYAM | 111. SZ\u00c1M be\u00e1gyaz\u00e1sa\"><\/object><a id=\"wp-block-file--media-255596e2-fd5c-4e02-a0cf-199900278646\" href=\"https:\/\/rakosliget.hu\/wordpress\/wp-content\/uploads\/2026\/01\/MagyarEpitomuveszet_2020-1721852680__pages236-238_reduce.pdf\">Magyar \u00c9pit\u0151muv\u00e9szet XX. \u00c9VFOLYAM | 111. SZ\u00c1M<\/a><a href=\"https:\/\/rakosliget.hu\/wordpress\/wp-content\/uploads\/2026\/01\/MagyarEpitomuveszet_2020-1721852680__pages236-238_reduce.pdf\" class=\"wp-block-file__button wp-element-button\" download aria-describedby=\"wp-block-file--media-255596e2-fd5c-4e02-a0cf-199900278646\">Let\u00f6lt\u00e9s<\/a><\/div>\n\n\n\n<div class=\"wp-block-buttons is-content-justification-center is-layout-flex wp-container-core-buttons-is-layout-16018d1d wp-block-buttons-is-layout-flex\">\n<div class=\"wp-block-button\"><a class=\"wp-block-button__link wp-element-button\" href=\"https:\/\/rakosliget.hu\/wordpress\/index.php\/epitomuveszet-1934\/\">Magyar \u00c9p\u00edt\u0151m\u0171v\u00e9szet 1934<\/a><\/div>\n<\/div>\n\n\n\n<p><\/p>\n\n\n\n<div class=\"wp-block-buttons is-content-justification-center is-layout-flex wp-container-core-buttons-is-layout-16018d1d wp-block-buttons-is-layout-flex\">\n<div class=\"wp-block-button\"><a class=\"wp-block-button__link wp-element-button\" href=\"#Eleje\">Vissza a lap tetej\u00e9re<\/a><\/div>\n<\/div>\n","protected":false},"excerpt":{"rendered":"<p>A lap az oldalra ker\u00fclt: 2026.01.30. S\u00e1ndy Gyula \u00e9p\u00edt\u00e9sz , a M\u0171egyetem tan\u00e1ra kapta meg a r\u00e1kosligeti evang\u00e9likus templom megtervez\u00e9s\u00e9nek \u00e9s kivitelez\u00e9s\u00e9nek ellen\u0151rz\u00e9si feladatait. S\u00e1ndy, aki a Pest megyei evang\u00e9likus templomok d\u00f6nt\u0151 r\u00e9sz\u00e9t tervezte elfogadta a felk\u00e9r\u00e9st, ez\u00e9rt p\u00e9nzt nem k\u00e9rt illetve csak azt k\u00f6t\u00f6tte ki, hogy a feladatb\u00f3l ered\u0151 kiad\u00e1sait fedezze a gy\u00fclekezet. A &hellip; <a href=\"https:\/\/rakosliget.hu\/wordpress\/index.php\/sandy-gyula\/\" class=\"more-link\"><span class=\"screen-reader-text\">S\u00c1NDY GYULA<\/span> r\u00e9szletei&#8230;<\/a><\/p>\n","protected":false},"author":1,"featured_media":0,"parent":0,"menu_order":0,"comment_status":"closed","ping_status":"closed","template":"","meta":{"footnotes":""},"class_list":["post-10601","page","type-page","status-publish","hentry"],"_links":{"self":[{"href":"https:\/\/rakosliget.hu\/wordpress\/index.php\/wp-json\/wp\/v2\/pages\/10601","targetHints":{"allow":["GET"]}}],"collection":[{"href":"https:\/\/rakosliget.hu\/wordpress\/index.php\/wp-json\/wp\/v2\/pages"}],"about":[{"href":"https:\/\/rakosliget.hu\/wordpress\/index.php\/wp-json\/wp\/v2\/types\/page"}],"author":[{"embeddable":true,"href":"https:\/\/rakosliget.hu\/wordpress\/index.php\/wp-json\/wp\/v2\/users\/1"}],"replies":[{"embeddable":true,"href":"https:\/\/rakosliget.hu\/wordpress\/index.php\/wp-json\/wp\/v2\/comments?post=10601"}],"version-history":[{"count":20,"href":"https:\/\/rakosliget.hu\/wordpress\/index.php\/wp-json\/wp\/v2\/pages\/10601\/revisions"}],"predecessor-version":[{"id":22634,"href":"https:\/\/rakosliget.hu\/wordpress\/index.php\/wp-json\/wp\/v2\/pages\/10601\/revisions\/22634"}],"wp:attachment":[{"href":"https:\/\/rakosliget.hu\/wordpress\/index.php\/wp-json\/wp\/v2\/media?parent=10601"}],"curies":[{"name":"wp","href":"https:\/\/api.w.org\/{rel}","templated":true}]}}