{"id":1058,"date":"2018-03-23T03:38:21","date_gmt":"2018-03-23T02:38:21","guid":{"rendered":"http:\/\/rakosliget.hu\/wordpress\/?page_id=1058"},"modified":"2018-03-23T03:38:21","modified_gmt":"2018-03-23T02:38:21","slug":"krusnyak-magdolna","status":"publish","type":"page","link":"https:\/\/rakosliget.hu\/wordpress\/index.php\/krusnyak-magdolna\/","title":{"rendered":"Krusny\u00e1k Magdolna"},"content":{"rendered":"<p><center><\/p>\n<h1 align=\"left\">Krusny\u00e1k Magdolna<\/h1>\n<h2 align=\"left\">(Budapest, 1919. m\u00e1jus 26 &#8211; R\u00e1kosliget 2011. )<\/h2>\n<h3 align=\"left\"><strong>Fest\u0151m\u0171v\u00e9sz, grafikus.<\/strong><\/h3>\n<p align=\"left\">1939-1949: Magyar K\u00e9pz\u0151m\u0171v\u00e9szeti F\u0151iskola (Egyetem),<\/p>\n<p align=\"left\">1944: P\u00e1zm\u00e1ny P\u00e9ter Tudom\u00e1nyegyetem, m\u0171v\u00e9szett\u00f6rt\u00e9net szak.<\/p>\n<p align=\"left\">K. Lechner Jen\u0151 mellett tan\u00e1rseg\u00e9d volt az \u00e9p\u00edt\u00e9szeti tansz\u00e9ken, valamint gyakorlatvezet\u0151 tan\u00e1r a Magyar K\u00e9pz\u0151m\u0171v\u00e9szeti F\u0151iskol\u00e1n.<\/p>\n<p align=\"left\">1983: Tudom\u00e1nyos Ismeretterjeszt\u0151 T\u00e1rsulat Aranykoszor\u00fas el\u0151ad\u00f3, Baj\u00e1ki-d\u00edj.<\/p>\n<p align=\"left\">15 \u00e9ven kereszt\u00fcl gyakorl\u00f3 tan\u00e1r volt a KME-\u00e9n. A III. ker\u00fcletben, az I. ker\u00fcletben, majd a X. ker\u00fcleti Szent L\u00e1szl\u00f3 Gimn\u00e1ziumban tan\u00edtott.<\/p>\n<p align=\"left\"><a href=\"http:\/\/www.raffaygabor.vacau.com\/Cikkek archivuma 2007 elott\/20.htm\">Interj\u00fa<\/a><\/p>\n<p><\/center><\/p>\n","protected":false},"excerpt":{"rendered":"<p>Krusny\u00e1k Magdolna (Budapest, 1919. m\u00e1jus 26 &#8211; R\u00e1kosliget 2011. ) Fest\u0151m\u0171v\u00e9sz, grafikus. 1939-1949: Magyar K\u00e9pz\u0151m\u0171v\u00e9szeti F\u0151iskola (Egyetem), 1944: P\u00e1zm\u00e1ny P\u00e9ter Tudom\u00e1nyegyetem, m\u0171v\u00e9szett\u00f6rt\u00e9net szak. K. Lechner Jen\u0151 mellett tan\u00e1rseg\u00e9d volt az \u00e9p\u00edt\u00e9szeti tansz\u00e9ken, valamint gyakorlatvezet\u0151 tan\u00e1r a Magyar K\u00e9pz\u0151m\u0171v\u00e9szeti F\u0151iskol\u00e1n. 1983: Tudom\u00e1nyos Ismeretterjeszt\u0151 T\u00e1rsulat Aranykoszor\u00fas el\u0151ad\u00f3, Baj\u00e1ki-d\u00edj. 15 \u00e9ven kereszt\u00fcl gyakorl\u00f3 tan\u00e1r volt a KME-\u00e9n. A &hellip; <a href=\"https:\/\/rakosliget.hu\/wordpress\/index.php\/krusnyak-magdolna\/\" class=\"more-link\"><span class=\"screen-reader-text\">Krusny\u00e1k Magdolna<\/span> r\u00e9szletei&#8230;<\/a><\/p>\n","protected":false},"author":1,"featured_media":0,"parent":0,"menu_order":0,"comment_status":"closed","ping_status":"closed","template":"","meta":{"footnotes":""},"class_list":["post-1058","page","type-page","status-publish","hentry"],"_links":{"self":[{"href":"https:\/\/rakosliget.hu\/wordpress\/index.php\/wp-json\/wp\/v2\/pages\/1058","targetHints":{"allow":["GET"]}}],"collection":[{"href":"https:\/\/rakosliget.hu\/wordpress\/index.php\/wp-json\/wp\/v2\/pages"}],"about":[{"href":"https:\/\/rakosliget.hu\/wordpress\/index.php\/wp-json\/wp\/v2\/types\/page"}],"author":[{"embeddable":true,"href":"https:\/\/rakosliget.hu\/wordpress\/index.php\/wp-json\/wp\/v2\/users\/1"}],"replies":[{"embeddable":true,"href":"https:\/\/rakosliget.hu\/wordpress\/index.php\/wp-json\/wp\/v2\/comments?post=1058"}],"version-history":[{"count":1,"href":"https:\/\/rakosliget.hu\/wordpress\/index.php\/wp-json\/wp\/v2\/pages\/1058\/revisions"}],"predecessor-version":[{"id":1059,"href":"https:\/\/rakosliget.hu\/wordpress\/index.php\/wp-json\/wp\/v2\/pages\/1058\/revisions\/1059"}],"wp:attachment":[{"href":"https:\/\/rakosliget.hu\/wordpress\/index.php\/wp-json\/wp\/v2\/media?parent=1058"}],"curies":[{"name":"wp","href":"https:\/\/api.w.org\/{rel}","templated":true}]}}