{"id":1049,"date":"2018-03-23T03:33:49","date_gmt":"2018-03-23T02:33:49","guid":{"rendered":"http:\/\/rakosliget.hu\/wordpress\/?page_id=1049"},"modified":"2018-03-23T03:35:54","modified_gmt":"2018-03-23T02:35:54","slug":"kovacs-j-andras","status":"publish","type":"page","link":"https:\/\/rakosliget.hu\/wordpress\/index.php\/kovacs-j-andras\/","title":{"rendered":"Kov\u00e1cs J. Andr\u00e1s"},"content":{"rendered":"<h1>Kov\u00e1cs J. Andr\u00e1s (1906-<a href=\"http:\/\/epa.oszk.hu\/01600\/01610\/00006\/pdf\/vmm_06_1967_02_nemeth.pdf\">1967<\/a>) r\u00e1kosligeti polg\u00e1ri iskolai tan\u00e1r<\/h1>\n<p><img loading=\"lazy\" decoding=\"async\" class=\"alignnone size-medium wp-image-1050\" src=\"http:\/\/rakosliget.hu\/wordpress\/wp-content\/uploads\/2018\/03\/kovacsjandras-222x300.jpg\" alt=\"\" width=\"222\" height=\"300\" srcset=\"https:\/\/rakosliget.hu\/wordpress\/wp-content\/uploads\/2018\/03\/kovacsjandras-222x300.jpg 222w, https:\/\/rakosliget.hu\/wordpress\/wp-content\/uploads\/2018\/03\/kovacsjandras.jpg 350w\" sizes=\"auto, (max-width: 222px) 100vw, 222px\" \/><\/p>\n<p>Kov\u00e1cs J. Andr\u00e1s 1906-ban a zempl\u00e9nmegyei V\u00e9cse k\u00f6zs\u00e9gben sz\u00fcletett, ahol \u00e9desapja jegyz\u0151k\u00e9nt dolgozott.<br \/>\nCsal\u00e1di hagyom\u00e1nyt k\u00f6vetve fels\u0151bb fok\u00fa tanulm\u00e1nyait a ny\u00edregyh\u00e1zi Tan\u00edt\u00f3k\u00e9pz\u0151ben 1922\u201427 k\u00f6z\u00f6tt v\u00e9gezte,<br \/>\nmajd beiratkozott a szegedi egyetem b\u00f6lcs\u00e9szettudom\u00e1nyi kar\u00e1ra. Az 1927\u20141932-es \u00e9vek kiv\u00e1l\u00f3 professzorai<br \/>\n\u2014 Buday \u00c1rp\u00e1d, Kogutowicz K\u00e1roly, Sik S\u00e1ndor, Erd\u00e9lyi L\u00e1szl\u00f3, Horger Antal, M\u00e9sz\u00f6ly Gedeon, M\u00e1lyusz Elem\u00e9r,<br \/>\nSolymossy S\u00e1ndor, Gy\u00f6rffy Istv\u00e1n \u2014 el\u0151ad\u00e1sait hallgat\u00f3 polg\u00e1ri iskolai tan\u00e1rjel\u00f6lt<br \/>\naz <strong>egyetemi \u00e9vek ut\u00e1n R\u00e1kosligeten helyezkedett el<\/strong>.<\/p>\n<p>&nbsp;<\/p>\n","protected":false},"excerpt":{"rendered":"<p>Kov\u00e1cs J. Andr\u00e1s (1906-1967) r\u00e1kosligeti polg\u00e1ri iskolai tan\u00e1r Kov\u00e1cs J. Andr\u00e1s 1906-ban a zempl\u00e9nmegyei V\u00e9cse k\u00f6zs\u00e9gben sz\u00fcletett, ahol \u00e9desapja jegyz\u0151k\u00e9nt dolgozott. Csal\u00e1di hagyom\u00e1nyt k\u00f6vetve fels\u0151bb fok\u00fa tanulm\u00e1nyait a ny\u00edregyh\u00e1zi Tan\u00edt\u00f3k\u00e9pz\u0151ben 1922\u201427 k\u00f6z\u00f6tt v\u00e9gezte, majd beiratkozott a szegedi egyetem b\u00f6lcs\u00e9szettudom\u00e1nyi kar\u00e1ra. Az 1927\u20141932-es \u00e9vek kiv\u00e1l\u00f3 professzorai \u2014 Buday \u00c1rp\u00e1d, Kogutowicz K\u00e1roly, Sik S\u00e1ndor, Erd\u00e9lyi L\u00e1szl\u00f3, Horger &hellip; <a href=\"https:\/\/rakosliget.hu\/wordpress\/index.php\/kovacs-j-andras\/\" class=\"more-link\"><span class=\"screen-reader-text\">Kov\u00e1cs J. Andr\u00e1s<\/span> r\u00e9szletei&#8230;<\/a><\/p>\n","protected":false},"author":1,"featured_media":0,"parent":0,"menu_order":0,"comment_status":"closed","ping_status":"closed","template":"","meta":{"footnotes":""},"class_list":["post-1049","page","type-page","status-publish","hentry"],"_links":{"self":[{"href":"https:\/\/rakosliget.hu\/wordpress\/index.php\/wp-json\/wp\/v2\/pages\/1049","targetHints":{"allow":["GET"]}}],"collection":[{"href":"https:\/\/rakosliget.hu\/wordpress\/index.php\/wp-json\/wp\/v2\/pages"}],"about":[{"href":"https:\/\/rakosliget.hu\/wordpress\/index.php\/wp-json\/wp\/v2\/types\/page"}],"author":[{"embeddable":true,"href":"https:\/\/rakosliget.hu\/wordpress\/index.php\/wp-json\/wp\/v2\/users\/1"}],"replies":[{"embeddable":true,"href":"https:\/\/rakosliget.hu\/wordpress\/index.php\/wp-json\/wp\/v2\/comments?post=1049"}],"version-history":[{"count":3,"href":"https:\/\/rakosliget.hu\/wordpress\/index.php\/wp-json\/wp\/v2\/pages\/1049\/revisions"}],"predecessor-version":[{"id":1054,"href":"https:\/\/rakosliget.hu\/wordpress\/index.php\/wp-json\/wp\/v2\/pages\/1049\/revisions\/1054"}],"wp:attachment":[{"href":"https:\/\/rakosliget.hu\/wordpress\/index.php\/wp-json\/wp\/v2\/media?parent=1049"}],"curies":[{"name":"wp","href":"https:\/\/api.w.org\/{rel}","templated":true}]}}