{"id":1047,"date":"2018-03-23T03:27:04","date_gmt":"2018-03-23T02:27:04","guid":{"rendered":"http:\/\/rakosliget.hu\/wordpress\/?page_id=1047"},"modified":"2018-03-23T03:27:04","modified_gmt":"2018-03-23T02:27:04","slug":"kovacsik-dezso","status":"publish","type":"page","link":"https:\/\/rakosliget.hu\/wordpress\/index.php\/kovacsik-dezso\/","title":{"rendered":"Kovacsik Dezs\u0151"},"content":{"rendered":"<h1 align=\"left\"><span data-canvas-width=\"82.85767142032458\">Kovacsik Dezs\u0151<\/span><span data-canvas-width=\"158.74793929103487\"> (Miskolc, 1905)<\/span><\/h1>\n<h2 align=\"left\">R\u00e1kosligeti Nemzeti Bizotts\u00e1g <span data-canvas-width=\"229.21969013141796\">\u00e9s az <\/span><span data-canvas-width=\"229.71228258872043\">ideiglenes k\u00e9pvisel\u0151-test\u00fclet<\/span> tagja<\/h2>\n<p align=\"left\">\n<p align=\"left\"><span data-canvas-width=\"229.6553952708168\">S\u00fct\u0151mester. 1945-1948-ban az SZDP tagja, a p\u00e1rt r\u00e1kosligeti szervezet\u00e9nek a vezet\u0151s\u00e9gi tagja. 1945-1948-ban a R\u00e1kosligeti Nemzeti Bizotts\u00e1g \u00e9s k\u00e9pvisel\u0151-test\u00fclet tagja. <\/span><\/p>\n","protected":false},"excerpt":{"rendered":"<p>Kovacsik Dezs\u0151 (Miskolc, 1905) R\u00e1kosligeti Nemzeti Bizotts\u00e1g \u00e9s az ideiglenes k\u00e9pvisel\u0151-test\u00fclet tagja S\u00fct\u0151mester. 1945-1948-ban az SZDP tagja, a p\u00e1rt r\u00e1kosligeti szervezet\u00e9nek a vezet\u0151s\u00e9gi tagja. 1945-1948-ban a R\u00e1kosligeti Nemzeti Bizotts\u00e1g \u00e9s k\u00e9pvisel\u0151-test\u00fclet tagja.<\/p>\n","protected":false},"author":1,"featured_media":0,"parent":0,"menu_order":0,"comment_status":"closed","ping_status":"closed","template":"","meta":{"footnotes":""},"class_list":["post-1047","page","type-page","status-publish","hentry"],"_links":{"self":[{"href":"https:\/\/rakosliget.hu\/wordpress\/index.php\/wp-json\/wp\/v2\/pages\/1047","targetHints":{"allow":["GET"]}}],"collection":[{"href":"https:\/\/rakosliget.hu\/wordpress\/index.php\/wp-json\/wp\/v2\/pages"}],"about":[{"href":"https:\/\/rakosliget.hu\/wordpress\/index.php\/wp-json\/wp\/v2\/types\/page"}],"author":[{"embeddable":true,"href":"https:\/\/rakosliget.hu\/wordpress\/index.php\/wp-json\/wp\/v2\/users\/1"}],"replies":[{"embeddable":true,"href":"https:\/\/rakosliget.hu\/wordpress\/index.php\/wp-json\/wp\/v2\/comments?post=1047"}],"version-history":[{"count":1,"href":"https:\/\/rakosliget.hu\/wordpress\/index.php\/wp-json\/wp\/v2\/pages\/1047\/revisions"}],"predecessor-version":[{"id":1048,"href":"https:\/\/rakosliget.hu\/wordpress\/index.php\/wp-json\/wp\/v2\/pages\/1047\/revisions\/1048"}],"wp:attachment":[{"href":"https:\/\/rakosliget.hu\/wordpress\/index.php\/wp-json\/wp\/v2\/media?parent=1047"}],"curies":[{"name":"wp","href":"https:\/\/api.w.org\/{rel}","templated":true}]}}