{"id":1044,"date":"2018-03-23T03:25:25","date_gmt":"2018-03-23T02:25:25","guid":{"rendered":"http:\/\/rakosliget.hu\/wordpress\/?page_id=1044"},"modified":"2018-03-23T03:25:25","modified_gmt":"2018-03-23T02:25:25","slug":"kovacs-karoly","status":"publish","type":"page","link":"https:\/\/rakosliget.hu\/wordpress\/index.php\/kovacs-karoly\/","title":{"rendered":"Kov\u00e1cs K\u00e1roly"},"content":{"rendered":"<h1 align=\"left\"><span data-canvas-width=\"111.86198072770831\">Kov\u00e1cs K\u00e1roly<\/span><span data-canvas-width=\"216.03465400585577\"> (Budapest, 1905-1974)<\/span><\/h1>\n<h2 align=\"left\">a r\u00e1kosligeti <span data-canvas-width=\"310.04152502022896\">k\u00e9pvisel\u0151-test\u00fclet<\/span> tagja<\/h2>\n<p align=\"left\">\n<p align=\"left\"><span data-canvas-width=\"216.03465400585577\"> Vas<\/span><span data-canvas-width=\"314.683817206814\">eszterg\u00e1lyos. 1945-t\u0151l az F\u00fcggetlen Kisgazda P\u00e1rt tagja. 1945<\/span><span data-canvas-width=\"308.98406355150394\"> ut\u00e1n a M\u00c1VAG eszterg\u00e1<\/span><span data-canvas-width=\"309.76898340457825\">lyosa; a r\u00e1kosligeti k\u00e9pvisel\u0151-test\u00fclet tag<\/span><span data-canvas-width=\"22.868058497205222\">ja. <\/span><\/p>\n","protected":false},"excerpt":{"rendered":"<p>Kov\u00e1cs K\u00e1roly (Budapest, 1905-1974) a r\u00e1kosligeti k\u00e9pvisel\u0151-test\u00fclet tagja Vaseszterg\u00e1lyos. 1945-t\u0151l az F\u00fcggetlen Kisgazda P\u00e1rt tagja. 1945 ut\u00e1n a M\u00c1VAG eszterg\u00e1lyosa; a r\u00e1kosligeti k\u00e9pvisel\u0151-test\u00fclet tagja.<\/p>\n","protected":false},"author":1,"featured_media":0,"parent":0,"menu_order":0,"comment_status":"closed","ping_status":"closed","template":"","meta":{"footnotes":""},"class_list":["post-1044","page","type-page","status-publish","hentry"],"_links":{"self":[{"href":"https:\/\/rakosliget.hu\/wordpress\/index.php\/wp-json\/wp\/v2\/pages\/1044","targetHints":{"allow":["GET"]}}],"collection":[{"href":"https:\/\/rakosliget.hu\/wordpress\/index.php\/wp-json\/wp\/v2\/pages"}],"about":[{"href":"https:\/\/rakosliget.hu\/wordpress\/index.php\/wp-json\/wp\/v2\/types\/page"}],"author":[{"embeddable":true,"href":"https:\/\/rakosliget.hu\/wordpress\/index.php\/wp-json\/wp\/v2\/users\/1"}],"replies":[{"embeddable":true,"href":"https:\/\/rakosliget.hu\/wordpress\/index.php\/wp-json\/wp\/v2\/comments?post=1044"}],"version-history":[{"count":1,"href":"https:\/\/rakosliget.hu\/wordpress\/index.php\/wp-json\/wp\/v2\/pages\/1044\/revisions"}],"predecessor-version":[{"id":1045,"href":"https:\/\/rakosliget.hu\/wordpress\/index.php\/wp-json\/wp\/v2\/pages\/1044\/revisions\/1045"}],"wp:attachment":[{"href":"https:\/\/rakosliget.hu\/wordpress\/index.php\/wp-json\/wp\/v2\/media?parent=1044"}],"curies":[{"name":"wp","href":"https:\/\/api.w.org\/{rel}","templated":true}]}}