{"id":1036,"date":"2018-03-21T05:11:56","date_gmt":"2018-03-21T04:11:56","guid":{"rendered":"http:\/\/rakosliget.hu\/wordpress\/?page_id=1036"},"modified":"2018-03-21T05:11:56","modified_gmt":"2018-03-21T04:11:56","slug":"korosi-ferenc","status":"publish","type":"page","link":"https:\/\/rakosliget.hu\/wordpress\/index.php\/korosi-ferenc\/","title":{"rendered":"K\u00f6r\u00f6si Ferenc"},"content":{"rendered":"<h1 align=\"left\"><span data-canvas-width=\"72.40591964910882\">K\u00f6r\u00f6si Ferenc<\/span><span data-canvas-width=\"164.99907979249804\"> (?)<\/span><\/h1>\n<h2 align=\"left\">R\u00e1kosligeti Nemzeti Bizotts\u00e1g tagja<\/h2>\n<p align=\"left\">\n<p align=\"left\"><span data-canvas-width=\"229.6553952708168\">.1945 elej\u00e9n a R\u00e1kosliget\u00ed Nemzeti Bizotts\u00e1g tagja.<\/p>\n<p><\/span><\/p>\n","protected":false},"excerpt":{"rendered":"<p>K\u00f6r\u00f6si Ferenc (?) R\u00e1kosligeti Nemzeti Bizotts\u00e1g tagja .1945 elej\u00e9n a R\u00e1kosliget\u00ed Nemzeti Bizotts\u00e1g tagja.<\/p>\n","protected":false},"author":1,"featured_media":0,"parent":0,"menu_order":0,"comment_status":"closed","ping_status":"closed","template":"","meta":{"footnotes":""},"class_list":["post-1036","page","type-page","status-publish","hentry"],"_links":{"self":[{"href":"https:\/\/rakosliget.hu\/wordpress\/index.php\/wp-json\/wp\/v2\/pages\/1036","targetHints":{"allow":["GET"]}}],"collection":[{"href":"https:\/\/rakosliget.hu\/wordpress\/index.php\/wp-json\/wp\/v2\/pages"}],"about":[{"href":"https:\/\/rakosliget.hu\/wordpress\/index.php\/wp-json\/wp\/v2\/types\/page"}],"author":[{"embeddable":true,"href":"https:\/\/rakosliget.hu\/wordpress\/index.php\/wp-json\/wp\/v2\/users\/1"}],"replies":[{"embeddable":true,"href":"https:\/\/rakosliget.hu\/wordpress\/index.php\/wp-json\/wp\/v2\/comments?post=1036"}],"version-history":[{"count":1,"href":"https:\/\/rakosliget.hu\/wordpress\/index.php\/wp-json\/wp\/v2\/pages\/1036\/revisions"}],"predecessor-version":[{"id":1037,"href":"https:\/\/rakosliget.hu\/wordpress\/index.php\/wp-json\/wp\/v2\/pages\/1036\/revisions\/1037"}],"wp:attachment":[{"href":"https:\/\/rakosliget.hu\/wordpress\/index.php\/wp-json\/wp\/v2\/media?parent=1036"}],"curies":[{"name":"wp","href":"https:\/\/api.w.org\/{rel}","templated":true}]}}