{"id":10289,"date":"2022-09-28T19:02:16","date_gmt":"2022-09-28T18:02:16","guid":{"rendered":"https:\/\/rakosliget.hu\/wordpress\/?page_id=10289"},"modified":"2022-09-28T19:08:37","modified_gmt":"2022-09-28T18:08:37","slug":"a-csekovszky-arpad-muvelodesi-haz","status":"publish","type":"page","link":"https:\/\/rakosliget.hu\/wordpress\/index.php\/a-csekovszky-arpad-muvelodesi-haz\/","title":{"rendered":"A CSEKOVSZKY \u00c1RP\u00c1D M\u0170VEL\u0150D\u00c9SI H\u00c1Z"},"content":{"rendered":"<p><img loading=\"lazy\" decoding=\"async\" class=\"alignnone size-medium\" src=\"http:\/\/rakosliget.hu\/kepgaleriak\/photoshosok\/cseko.jpg\" width=\"700\" height=\"525\" \/><\/p>\n<p style=\"text-align: center;\"><a href=\"http:\/\/rakosliget.hu\/doku\/BMKKozmuvelodesHazaiBudapesten_SleziaGabriella_01-1613679168__pages5-54.pdf\">A Csekovszky \u00c1rp\u00e1d M\u0171vel\u0151d\u00e9si H\u00e1z t\u00f6rt\u00e9nete pdf<\/a><br \/>\nForr\u00e1s: Arcanum Digit\u00e1lis Tudom\u00e1nyt\u00e1r<\/p>\n<p style=\"text-align: center;\">\n","protected":false},"excerpt":{"rendered":"<p>A Csekovszky \u00c1rp\u00e1d M\u0171vel\u0151d\u00e9si H\u00e1z t\u00f6rt\u00e9nete pdf Forr\u00e1s: Arcanum Digit\u00e1lis Tudom\u00e1nyt\u00e1r<\/p>\n","protected":false},"author":1,"featured_media":0,"parent":0,"menu_order":0,"comment_status":"closed","ping_status":"closed","template":"","meta":{"footnotes":""},"class_list":["post-10289","page","type-page","status-publish","hentry"],"_links":{"self":[{"href":"https:\/\/rakosliget.hu\/wordpress\/index.php\/wp-json\/wp\/v2\/pages\/10289","targetHints":{"allow":["GET"]}}],"collection":[{"href":"https:\/\/rakosliget.hu\/wordpress\/index.php\/wp-json\/wp\/v2\/pages"}],"about":[{"href":"https:\/\/rakosliget.hu\/wordpress\/index.php\/wp-json\/wp\/v2\/types\/page"}],"author":[{"embeddable":true,"href":"https:\/\/rakosliget.hu\/wordpress\/index.php\/wp-json\/wp\/v2\/users\/1"}],"replies":[{"embeddable":true,"href":"https:\/\/rakosliget.hu\/wordpress\/index.php\/wp-json\/wp\/v2\/comments?post=10289"}],"version-history":[{"count":6,"href":"https:\/\/rakosliget.hu\/wordpress\/index.php\/wp-json\/wp\/v2\/pages\/10289\/revisions"}],"predecessor-version":[{"id":10295,"href":"https:\/\/rakosliget.hu\/wordpress\/index.php\/wp-json\/wp\/v2\/pages\/10289\/revisions\/10295"}],"wp:attachment":[{"href":"https:\/\/rakosliget.hu\/wordpress\/index.php\/wp-json\/wp\/v2\/media?parent=10289"}],"curies":[{"name":"wp","href":"https:\/\/api.w.org\/{rel}","templated":true}]}}