{"id":10275,"date":"2022-09-27T05:22:27","date_gmt":"2022-09-27T04:22:27","guid":{"rendered":"https:\/\/rakosliget.hu\/wordpress\/?page_id=10275"},"modified":"2026-02-02T20:24:15","modified_gmt":"2026-02-02T19:24:15","slug":"tihanyi-ferenc","status":"publish","type":"page","link":"https:\/\/rakosliget.hu\/wordpress\/index.php\/tihanyi-ferenc\/","title":{"rendered":"TIHANYI FERENC opera\u00e9nekes"},"content":{"rendered":"\n<div class=\"wp-block-buttons is-content-justification-center is-layout-flex wp-container-core-buttons-is-layout-16018d1d wp-block-buttons-is-layout-flex\">\n<div class=\"wp-block-button\"><a class=\"wp-block-button__link wp-element-button\" href=\"https:\/\/rakosliget.hu\/wordpress\/index.php\/muveszet\/\">VISSZA A M\u0170V\u00c9SZET LAPRA<\/a><\/div>\n<\/div>\n\n\n\n<p>1857-ben sz\u00fcletett Dunakeszin. Iskol\u00e1inak elv\u00e9gz\u00e9se ut\u00e1n m\u0171v\u00e9szi p\u00e1ly\u00e1ra l\u00e9pett \u00e9s Beszterceb\u00e1ny\u00e1n deb\u00fct\u00e1lt a Bocaccioban 1881-ben. F\u0151bb m\u0171k\u00f6d\u00e9si helyei: Miskolc, Kassa, Sz\u00e9kesfeh\u00e9rv\u00e1r, Gy\u0151r, Szabadka. 1894-ben szerz\u0151d\u00f6tt az Operah\u00e1zhoz, ahonnan 32 \u00e9vi m\u0171v\u00e9szi m\u00falt ut\u00e1n 1925-ben nyugalomba vonult. T\u00f6bb t\u00e1rsadalmi, m\u0171v\u00e9szi \u00e9s kult\u00faregyes\u00fcletnek tagja.<br>Neje: Kudern\u00e1cs Matild meghalt.<br>Gyermekei: Ilona volt opera\u00e9nekesn\u0151, sz\u00f3lista (\u00f6zv. Vir\u00e1gh Jen\u0151n\u00e9) \u00e9s Vilma eur\u00f3pah\u00edr\u0171 opera\u00e9nekesn\u0151, aki 25 \u00e9ve tagja az Oper\u00e1nak.<\/p>\n\n\n\n<p>Forr\u00e1s: A magyar k\u00f6zalkalmazottak almanachja 1938<\/p>\n\n\n\n<div class=\"wp-block-buttons is-content-justification-center is-layout-flex wp-container-core-buttons-is-layout-16018d1d wp-block-buttons-is-layout-flex\">\n<div class=\"wp-block-button\"><a class=\"wp-block-button__link wp-element-button\" href=\"https:\/\/rakosliget.hu\/wordpress\/index.php\/muveszet\/\">VISSZA A M\u0170V\u00c9SZET LAPRA<\/a><\/div>\n<\/div>\n","protected":false},"excerpt":{"rendered":"<p>1857-ben sz\u00fcletett Dunakeszin. Iskol\u00e1inak elv\u00e9gz\u00e9se ut\u00e1n m\u0171v\u00e9szi p\u00e1ly\u00e1ra l\u00e9pett \u00e9s Beszterceb\u00e1ny\u00e1n deb\u00fct\u00e1lt a Bocaccioban 1881-ben. F\u0151bb m\u0171k\u00f6d\u00e9si helyei: Miskolc, Kassa, Sz\u00e9kesfeh\u00e9rv\u00e1r, Gy\u0151r, Szabadka. 1894-ben szerz\u0151d\u00f6tt az Operah\u00e1zhoz, ahonnan 32 \u00e9vi m\u0171v\u00e9szi m\u00falt ut\u00e1n 1925-ben nyugalomba vonult. T\u00f6bb t\u00e1rsadalmi, m\u0171v\u00e9szi \u00e9s kult\u00faregyes\u00fcletnek tagja.Neje: Kudern\u00e1cs Matild meghalt.Gyermekei: Ilona volt opera\u00e9nekesn\u0151, sz\u00f3lista (\u00f6zv. Vir\u00e1gh Jen\u0151n\u00e9) \u00e9s Vilma eur\u00f3pah\u00edr\u0171 &hellip; <a href=\"https:\/\/rakosliget.hu\/wordpress\/index.php\/tihanyi-ferenc\/\" class=\"more-link\"><span class=\"screen-reader-text\">TIHANYI FERENC opera\u00e9nekes<\/span> r\u00e9szletei&#8230;<\/a><\/p>\n","protected":false},"author":1,"featured_media":0,"parent":0,"menu_order":0,"comment_status":"closed","ping_status":"closed","template":"","meta":{"footnotes":""},"class_list":["post-10275","page","type-page","status-publish","hentry"],"_links":{"self":[{"href":"https:\/\/rakosliget.hu\/wordpress\/index.php\/wp-json\/wp\/v2\/pages\/10275","targetHints":{"allow":["GET"]}}],"collection":[{"href":"https:\/\/rakosliget.hu\/wordpress\/index.php\/wp-json\/wp\/v2\/pages"}],"about":[{"href":"https:\/\/rakosliget.hu\/wordpress\/index.php\/wp-json\/wp\/v2\/types\/page"}],"author":[{"embeddable":true,"href":"https:\/\/rakosliget.hu\/wordpress\/index.php\/wp-json\/wp\/v2\/users\/1"}],"replies":[{"embeddable":true,"href":"https:\/\/rakosliget.hu\/wordpress\/index.php\/wp-json\/wp\/v2\/comments?post=10275"}],"version-history":[{"count":4,"href":"https:\/\/rakosliget.hu\/wordpress\/index.php\/wp-json\/wp\/v2\/pages\/10275\/revisions"}],"predecessor-version":[{"id":22802,"href":"https:\/\/rakosliget.hu\/wordpress\/index.php\/wp-json\/wp\/v2\/pages\/10275\/revisions\/22802"}],"wp:attachment":[{"href":"https:\/\/rakosliget.hu\/wordpress\/index.php\/wp-json\/wp\/v2\/media?parent=10275"}],"curies":[{"name":"wp","href":"https:\/\/api.w.org\/{rel}","templated":true}]}}