{"id":1027,"date":"2018-03-21T05:08:30","date_gmt":"2018-03-21T04:08:30","guid":{"rendered":"http:\/\/rakosliget.hu\/wordpress\/?page_id=1027"},"modified":"2018-03-21T05:09:26","modified_gmt":"2018-03-21T04:09:26","slug":"1027-2","status":"publish","type":"page","link":"https:\/\/rakosliget.hu\/wordpress\/index.php\/1027-2\/","title":{"rendered":"Kom\u00e1r Bertalann\u00e9"},"content":{"rendered":"<h1>Kom\u00e1r Bertalann\u00e9 &#8211; Erzsi n\u00e9ni<\/h1>\n<h2>\u00a019..- 2018 febru\u00e1r<\/h2>\n<h3>Tan\u00edt\u00f3n\u0151<img loading=\"lazy\" decoding=\"async\" src=\"http:\/\/rakosliget.hu\/szemelyek\/komar.jpg\" width=\"684\" height=\"473\" \/><\/h3>\n<div>\n<div>\n<div>\u00c9let a tan\u00edt\u00f3n\u0151k\u00e9pz\u0151ben: interj\u00fa egy r\u00e9gi k\u00e9pz\u0151s n\u00f6vend\u00e9kkel<\/div>\n<div>\n<p><strong>Besz\u00e9lget\u00e9s Kom\u00e1r Bertalann\u00e9 \u2013 Erzsi n\u00e9nivel<\/strong><br \/>\n2012. j\u00fanius 26.<\/p>\n<p>Az interj\u00fat k\u00e9sz\u00edtette: Szili Medek M\u00e1rta<\/p>\n<p><em>Erzsi n\u00e9ni, a mai Szerb Antal Gimn\u00e1zium el\u0151dj\u00e9nek &#8211; a Magyar Kir\u00e1lyi \u00c1llami Tan\u00edt\u00f3n\u0151k\u00e9pz\u0151 Int\u00e9zetnek &#8211; egykori di\u00e1kja most 97 \u00e9ves. A tal\u00e1lkoz\u00e1st Keller P\u00e1ln\u00e9 sz. G\u00e1rdonyi Em\u0151k\u00e9nek (G\u00e1rdonyi G\u00e9za unok\u00e1j\u00e1nak) k\u00f6sz\u00f6nhetem, aki Erzsi n\u00e9ninek r\u00e9gi ismer\u0151se, az \u0151 t\u00e1rsas\u00e1g\u00e1ban l\u00e1togattam meg az id\u0151s h\u00f6lgyet otthon\u00e1ban.<\/em><\/p>\n<p>Keller P\u00e1ln\u00e9t, G\u00e1rdonyi G\u00e9za unok\u00e1j\u00e1t egy szem\u00e9lyes eml\u00e9k is az iskol\u00e1hoz f\u0171zi: \u00e9desanyja, dr. G\u00e1rdonyi J\u00f3zsefn\u00e9 sz. Schwarcz Judith (kor\u00e1bban \u00d6zv. Tyma Ed\u00e9n\u00e9) 1921-1927 k\u00f6z\u00f6tt a Magyar Kir\u00e1lyi \u00c1llami Tan\u00edt\u00f3n\u0151k\u00e9pz\u0151nek volt gazdas\u00e1gi tan\u00e1ra.<\/p>\n<p>Kom\u00e1r Bertalann\u00e9t, Erzsi n\u00e9nit arra k\u00e9rt\u00fck, hogy mes\u00e9ljen mag\u00e1r\u00f3l, a tan\u00edt\u00f3n\u0151k\u00e9pz\u0151ben t\u00f6lt\u00f6tt \u00e9vekr\u0151l, az akkori h\u00e9tk\u00f6znapokr\u00f3l. Erzsi n\u00e9ni kicsit szabadkozott, mondv\u00e1n, hogy m\u00e1r nem sok mindenre eml\u00e9kszik. F\u00e9nyk\u00e9pei, dokumentumai elvesztek a h\u00e1bor\u00fa alatt. K\u00e9s\u0151bb m\u00e9gis el\u0151ker\u00fclnek az eml\u00e9kek, szinte magunk el\u0151tt l\u00e1tjuk az \u201eint\u00e9zeti\u201d l\u00e1nyok vil\u00e1g\u00e1t, az akkori mindennapokat.<\/p>\n<p>\u2013 1931-ben ker\u00fcltem Cinkot\u00e1ra \u00e9s 1936-ban v\u00e9geztem. \u2013 kezdte a mes\u00e9l\u00e9st Erzsi n\u00e9ni. (Ebb\u0151l az is kider\u00fcl, hogy a tan\u00edt\u00f3k\u00e9pz\u0151 akkor \u00f6t oszt\u00e1lyos volt, az utols\u00f3 \u00e9vben a tan\u00edt\u00f3i gyakorlat elsaj\u00e1t\u00edt\u00e1s\u00e1ra tett\u00e9k a hangs\u00falyt.)<\/p>\n<p>\u2013 1915-ben sz\u00fclettem, gyulafeh\u00e9rv\u00e1ri vagyok. Trianon ut\u00e1n j\u00f6tt\u00fcnk Magyarorsz\u00e1gra. Ketten voltunk a n\u0151v\u00e9remmel, \u00e9s ap\u00e1m azt mondta, nem adja f\u00e9rjhez gyerekeit rom\u00e1nokhoz, ez\u00e9rt hozott el minket Magyarorsz\u00e1gra. Ma m\u00e1r \u00fcknagymama vagyok: egy \u00e9ves lesz most az \u00fckunok\u00e1m. Rengeteget olvasok, nem szeretem a telev\u00edzi\u00f3t. \u2013 kezdj\u00fck az ismerked\u00e9st Erzsi n\u00e9nivel.<\/p>\n<p>\u2013 Hogyan n\u00e9zett ki az iskola \u00e9s a kast\u00e9ly abban az id\u0151ben? \u2013 k\u00e9rdezem.<\/p>\n<p>\u2013 Amikor a tan\u00edt\u00f3k\u00e9pz\u0151be j\u00e1rtam, m\u00e9g ott \u00e1llt a kast\u00e9ly, de akkor Batthy\u00e1ny Ilona gr\u00f3fn\u0151 m\u00e1r nem \u00e9lt. (1929-ben halt meg.) A kast\u00e9lyban csak Mariska n\u00e9ni, a gondnok-h\u00e1zvezet\u0151n\u0151 lakott, \u0151t gyakran l\u00e1ttuk, de besz\u00e9lni nemigen szoktunk vele, el\u00e9g zord term\u00e9szete volt.<\/p>\n<p><em>(K\u00f6zben csendesen megjegyzem, hogy ez a Mariska n\u00e9ni nagyap\u00e1m anyai nagyn\u00e9nje volt, akit a gr\u00f3fn\u0151 hozott mag\u00e1val K\u00f6rmendr\u0151l, \u00edgy ker\u00fclt fel Cinkot\u00e1ra.)<\/em><\/p>\n<p>\u2013 Mariska n\u00e9nire j\u00f3l eml\u00e9kszem: mindig csizm\u00e1ban j\u00e1rt, kend\u0151vel a fej\u00e9n. Viselete egyszer\u0171, parasztias jelleg\u0171 volt: bl\u00faz, szoknya, k\u00f6t\u00e9ny. Egy kulcs mindig ott l\u00f3gott a derek\u00e9n. J\u00f3 alak\u00fa, er\u0151teljes, &#8222;t\u00f6m\u00f6r&#8221;, asszony volt, d\u00f6rm\u00f6g\u0151 hanggal. Volt, amikor rosszak voltunk, olyankor nagyon m\u00e9rges volt r\u00e1nk. Eml\u00e9kszem p\u00e9ld\u00e1ul, hogy az \u00fcvegh\u00e1zra sz\u0151l\u0151 volt futtatva, egyszer arra r\u00e1l\u00e9pt\u00fcnk, \u00e9s a tet\u0151 beszakadt. Akkor azt\u00e1n nagyon haragudott a Mariska n\u00e9ni. M\u00e1skor meg egy gazdas\u00e1gi \u00f3r\u00e1n spen\u00f3tot ment\u00fcnk szedni a kertbe, \u0151 akkor is ott \u0151rk\u00f6d\u00f6tt. A tan\u00e1rok mag\u00e1ztak minket, \u0151 azonban tegezett benn\u00fcnket. Akkor l\u00e1ttuk, amikor lement\u00fcnk a parkba s\u00e9t\u00e1lni. \u2013 eml\u00e9kszik vissza Erzsi n\u00e9ni.<\/p>\n<p>\u2013 Hol \u00e1llt a kast\u00e9ly?<\/p>\n<p>\u2013 A k\u00e9pz\u0151h\u00f6z eg\u00e9szen k\u00f6zel volt. Ahogy kil\u00e9pt\u00fcnk az int\u00e9zetb\u0151l a kertbe, volt ott egy nagy gyep, a m\u00f6g\u00f6tt pedig m\u00e1r a kast\u00e9ly \u00e1llt, ami val\u00f3j\u00e1ban egy f\u00f6ldszintes k\u00faria volt, be\u00fcvegezett verand\u00e1val. Bolthajt\u00e1sos folyos\u00f3 futott k\u00f6rbe. Mondt\u00e1k, hogy egyik ny\u00e1ron egy filmet is forgattak ott. Mi az eg\u00e9sz kertben s\u00e9t\u00e1lhattunk, z\u00e1rt ter\u00fclet volt. Nek\u00fcnk d\u00e9lut\u00e1n 2 \u00e9s 3 \u00f3ra k\u00f6z\u00f6tt volt szabad s\u00e9t\u00e1lni, illetve ekkor ki is kellett menni a parkba, ak\u00e1rmilyen is volt az id\u0151. Amikor a k\u00e9pes\u00edt\u0151re k\u00e9sz\u00fclt\u00fcnk, akkor kimehett\u00fcnk t\u00f6bbsz\u00f6r is.<\/p>\n<p>Ma is j\u00f3l eml\u00e9kszem arra is, hogy volt a parkban egy mauz\u00f3leum, a gr\u00f3fn\u0151 kisl\u00e1ny\u00e1nak, Le\u00e1nak a s\u00edreml\u00e9ke, le lehetett l\u00e9pni a l\u00e9pcs\u0151k\u00f6n. M\u00e9g egy kutyakript\u00e1ra is eml\u00e9kszem, gy\u00f6ny\u00f6r\u0171, r\u00f3zsasz\u00edn vir\u00e1g\u00fa magn\u00f3liafa volt m\u00f6g\u00f6tte, ott l\u00e1ttam el\u0151sz\u00f6r ilyen f\u00e1t. A kripta f\u00f6l\u00f6tt term\u00e9sk\u0151vel k\u00f6r\u00fclv\u00e9ve egy t\u00e1bla volt, a gr\u00f3fn\u0151 kedvenc kuty\u00e1j\u00e1nak a nev\u00e9vel, sajnos a n\u00e9vre m\u00e1r nem eml\u00e9kszem.<\/p>\n<p>\u2013 Kik tan\u00edtottak ott a k\u00e9pz\u0151ben?<\/p>\n<p>\u2013 Az igazgat\u00f3n\u0151 Tab\u00f3dy Ida volt. Az \u0151 lakoszt\u00e1lya, meg a nevel\u0151n\u0151k szob\u00e1i fel\u00fcl voltak, mivel \u0151k ott is laktak. Eml\u00e9kezetes tan\u00e1raink voltak m\u00e9g a Medgyesi testv\u00e9rek: Medgyesi M\u00e1ria meg Medgyesi Zs\u00f3fia, azut\u00e1n Farag\u00f3 Sarolta, Ruisz M\u00e1rta, aki t\u00f6rt\u00e9nelmet, \u00e9s Ili n\u00e9ni, aki n\u00e9metet tan\u00edtott. A matematik\u00e1t Csada Imre tan\u00edtotta, de gyenge vir\u00e1gsz\u00e1l volt, az \u0151 \u00f3r\u00e1j\u00e1n olvastunk, vagy k\u00f6t\u00f6tt\u00fcnk. Volt egy paptan\u00e1r, Dud\u00e1s K\u00e1roly. Nem szerett\u00fck, olyan hetyke-petyke volt. Mogern\u00e9 K\u00fczdi Ilona volt a tornatan\u00e1r. J\u00e1mbori Gabriella volt az \u00e9nektan\u00e1rn\u0151, nagyon j\u00f3 k\u00f3rusunk volt, egyszer a Budai V\u00e1rban is \u00e9nekelt\u00fcnk. Zsombart Ad\u00e9l nevel\u0151n\u0151 volt \u00e9s franciatan\u00e1r. Azt hiszem, \u0151 is csillagkeresztes h\u00f6lgy volt, csak\u00fagy mint az igazgat\u00f3n\u0151, Tab\u00f3dy Ida.<\/p>\n<p>\u2013 Tab\u00f3dy Ida igazgat\u00f3n\u0151vel milyen volt a kapcsolatuk?<\/p>\n<p>\u2013 Nek\u00fcnk di\u00e1koknak nem sok kapcsolatunk volt vele, \u0151 valahogy mindenki felett \u00e1llt. Volt, amikor n\u00e9ha lej\u00f6tt az eb\u00e9dl\u0151be, de a k\u00e9pes\u00edt\u0151 vizsg\u00e1kon biztosan jelen volt. Tudtuk, hogy az \u0151 vezet\u00e9se alatt menek\u00edtett\u00e9k \u00e1t a tan\u00edt\u00f3k\u00e9pz\u0151t Pozsonyb\u00f3l Cinkot\u00e1ra, az iskola fennmarad\u00e1sa neki k\u00f6sz\u00f6nhet\u0151.<\/p>\n<p>\u2013 Milyen t\u00e1rgyakb\u00f3l vizsg\u00e1ztak?<\/p>\n<p>\u2013 Magyarb\u00f3l, t\u00f6rt\u00e9nelemb\u0151l, nevel\u00e9stanb\u00f3l, hittanb\u00f3l \u00e9s matematik\u00e1b\u00f3l tett\u00fcnk k\u00e9pes\u00edt\u0151 vizsg\u00e1t. \u00cdr\u00e1sbeli magyarb\u00f3l \u00e9s matematik\u00e1b\u00f3l volt. N\u00e9metb\u0151l csak oszt\u00e1lyvizsg\u00e1nk volt. Egy\u00e9bk\u00e9nt minden \u00e9vben voltak oszt\u00e1lyvizsg\u00e1k, egy bizotts\u00e1g el\u0151tt kellett feleln\u00fcnk. Majdnem minden \u00e9vben volt egy tant\u00e1rgy, aminek a vizsgaeredm\u00e9nye beker\u00fclt az oklev\u00e9lbe, ilyen volt a k\u00e9mia. Fizik\u00e1t m\u00e9g a negyedikben is tanultunk.<\/p>\n<p>\u2013 A mai cinkotaiak k\u00f6z\u00fcl t\u00f6bben eml\u00e9keznek m\u00e9g Vit\u00e1l Margitra, aki szint\u00e9n Pozsonyb\u00f3l j\u00f6tt Cinkot\u00e1ra. \u0150 is ott tan\u00edtott?<\/p>\n<p>\u2013 Vit\u00e1l Margit a gyakorl\u00f3 iskol\u00e1ban tan\u00edtott, oda j\u00e1rtunk hospit\u00e1lni, vagyis mint j\u00f6vend\u0151beli tan\u00edt\u00f3n\u0151k, a mintatan\u00edt\u00e1sokat ott csin\u00e1ltuk. A gyerekek hatodikig j\u00e1rtak oda. K\u00e9t oszt\u00e1ly lehetett. \u00c9n t\u00f6rt\u00e9nelmet tan\u00edtottam a gyakorl\u00f3ban. Eml\u00e9kszem, tan\u00edtottam Pet\u0151fit is.<\/p>\n<p><em>(Engedtess\u00e9k meg ism\u00e9t egy megjegyz\u00e9s: Vit\u00e1l Margit n\u00e9ni tan\u00edtott engem is a bet\u0171vet\u00e9sre, mivel az els\u0151 elemit\u0151l kezdve 12 \u00e9vig ennek az iskol\u00e1nak a tanul\u00f3ja voltam, csak\u00fagy mint k\u00e9t n\u0151v\u00e9rem is, a \u201eMedek-l\u00e1nyok\u201d. K\u00e9s\u0151bb, amikor az iskola m\u00e1r gimn\u00e1zium volt, fiaim is oda j\u00e1rtak, \u00edgy csal\u00e1dunk \u00f6sszesen 40 \u00e9ven kereszt\u00fcl koptatta az iskola l\u00e9pcs\u0151it.<\/em><\/p>\n<p>Dr. G\u00e1rdonyi J\u00f3zsefn\u00e9 \u2013 azaz G\u00e1rdonyi G\u00e9za menye \u2013, ahogy a bevezet\u0151ben \u00edrtam, szint\u00e9n e falak k\u00f6z\u00f6tt tan\u00edtott. \u0150 is bar\u00e1ts\u00e1gban volt Vit\u00e1l Margittal, vagy ahogyan mindenki h\u00edvta: Mancival. Em\u0151ke egy k\u00e9peslapot is mutat, amelyet Vit\u00e1l Margit \u00edrt az \u0151 \u00e9desanyj\u00e1nak, \u00e9s amelyen m\u00e9g \u00e9desanyja szob\u00e1j\u00e1nak ablaka is be van jel\u00f6lve. A parkra ny\u00edl\u00f3 bej\u00e1rat mellett volt a szob\u00e1ja. M\u00e1snap \u00e9ppen a gimn\u00e1zium megl\u00e1togat\u00e1s\u00e1ra \u00e9s ennek a szob\u00e1nak a felder\u00edt\u00e9s\u00e9re k\u00e9sz\u00fclt\u00fcnk Em\u0151k\u00e9vel, ami nagyon sikeresen, a gimn\u00e1zium m\u00fazeum\u00e1nak \u00e9s illet\u00e9kes vezet\u0151inek seg\u00edts\u00e9g\u00e9vel meg is t\u00f6rt\u00e9nt.)<\/p>\n<p>\u2013 A falut \u00e9s az ott \u00e9l\u0151ket mennyire ismert\u00e9k a di\u00e1kok?<\/p>\n<p>\u2013 A faluba nek\u00fcnk k\u00eds\u00e9ret n\u00e9lk\u00fcl nem volt szabad kimenni. Csak ha egy\u00fctt ment\u00fcnk, l\u00e9phett\u00fcnk ki az int\u00e9zet falai k\u00f6z\u00fcl, akkor is csak a szemben l\u00e9v\u0151 templomig meg vissza. S\u00e9t\u00e1lni a parkba ment\u00fcnk. N\u00e9ha-n\u00e9ha fordult csak el\u0151, hogy a l\u00e1nyok valamit, p\u00e9ld\u00e1ul fonalat akartak v\u00e1s\u00e1rolni kar\u00e1csonyi meglepet\u00e9snek a sz\u00fcl\u0151knek, akkor Medgyesi tan\u00e1rn\u0151 ment vel\u00fck.<\/p>\n<p>\u2013 Akkor Pestre tal\u00e1n m\u00e9g kev\u00e9sb\u00e9 jutottak be?<\/p>\n<p>\u2013 Pontosan. Nagy \u00e9lm\u00e9ny volt sz\u00e1munkra, hogy egyszer a Budai V\u00e1rk\u00e1poln\u00e1ban \u00e9nekelhett\u00fcnk. Tab\u00f3dy Ida b\u00e1tyja valamelyik miniszt\u00e9riumban dolgozott, j\u00f3 kapcsolatai voltak, \u00edgy siker\u00fclt el\u00e9rni, hogy mi ott szerepelhett\u00fcnk. \u00c9vente egy alkalommal ugyanis a pozsonyi menek\u00fcl\u00e9s eml\u00e9k\u00e9nek szenteltek egy mis\u00e9t a V\u00e1rk\u00e1poln\u00e1ban. H\u00e9vvel ment\u00fcnk Cinkot\u00e1r\u00f3l, az bement a Keleti p\u00e1lyaudvarig. Mi, akik nem budapestiek voltunk, akkor l\u00e1ttuk el\u0151sz\u00f6r a V\u00e1rat. Tiszt\u00e1n eml\u00e9kszem r\u00e1, hogy a v\u00e1rudvar f\u00e1val volt lek\u00f6vezve, mivel akkor m\u00e9g lovakkal is j\u00e1rtak benne.<\/p>\n<p>\u2013 Hozz\u00e1vet\u0151legesen h\u00e1nyan j\u00e1rtak a k\u00e9pz\u0151be akkoriban?<\/p>\n<p>\u2013 Amikor \u00e9n ott tanultam, 120-an voltunk. \u00d6t oszt\u00e1ly volt, mi 29-en voltunk. Voltak bej\u00e1r\u00f3k a k\u00f6rny\u00e9kr\u0151l, Cinkot\u00e1r\u00f3l, M\u00e1ty\u00e1sf\u00f6ldr\u0151l, G\u00f6d\u00f6ll\u0151r\u0151l.<\/p>\n<p>\u2013 Hogyan \u00e9ltek? Nem volt t\u00fal unalmas az \u00e9let?<\/p>\n<p>\u2013 \u00d3, a mi id\u0151nkben nagyon egyszer\u0171en \u00e9lt\u00fcnk ott. Unatkoz\u00e1sr\u00f3l sz\u00f3 sem lehetett, annyi tanulnival\u00f3 volt. Rengeteg verset kellett tanulni, minden perc\u00fcnk el volt foglalva. A szilencium d\u00e9lut\u00e1n 3-5 k\u00f6z\u00f6tt volt, 5-kor uzsonna, ut\u00e1na \u00fajra tanul\u00e1s, vagy esetleg olvasni lehetett.<\/p>\n<p>\u2013 Hol voltak a tantermek? Milyen beoszt\u00e1s\u00fa volt az \u00e9p\u00fclet?<\/p>\n<p>\u2013 Ha az iskol\u00e1ba bel\u00e9pt\u00fcnk, felment\u00fcnk a l\u00e9pcs\u0151n a magasf\u00f6ldszintre, bal oldalon volt a port\u00e1s, ott lehetett venni f\u00fczetet, b\u00e9lyeget. Ezen a szinten voltak a tantermek, fel\u00fcl pedig mind a h\u00e1l\u00f3k. Minden tantermet, ahol tanultunk, gyakran nappalinak is haszn\u00e1ltunk, amikor nem volt tan\u00edt\u00e1s. Volt k\u00e9t fel\u00fcgyel\u0151, \u0151k \u00f6t\u00f6dikesek (a legnagyobbak) voltak. A h\u00e1l\u00f3ban is volt mindig egy alv\u00f3 \u00f6t\u00f6dikes \u00e9s a tanul\u00f3szob\u00e1ban is mindig volt k\u00e9t fel\u00fcgyel\u0151. Azon k\u00edv\u00fcl n\u00e9ha be\u00fclt a napos tan\u00e1r is.<\/p>\n<p>A konyha, a mosoda \u00e9s a kaz\u00e1nh\u00e1z az alagsorban volt.<\/p>\n<p>Ki ne hagyjam: volt egy szoba, amit mi csak \u201eparadicsomszob\u00e1nak\u201d h\u00edvtunk, ami tulajdonk\u00e9ppen k\u00f6nyvt\u00e1r volt, de a bef\u0151z\u00f6tt paradicsomlevet \u00f3ri\u00e1si \u00fcvegekben ott rakt\u00e1rozt\u00e1k. Ez\u00e9rt nevezt\u00fck paradicsomszob\u00e1nak.<\/p>\n<p>\u2013 Tal\u00e1n m\u00e9g a paradicsombef\u0151z\u00e9st is maguk v\u00e9gezt\u00e9k el?<\/p>\n<p>\u2013 Azt az\u00e9rt nem, de nagyon gyakorlatiasan, az \u00e9letre neveltek. Volt p\u00e9ld\u00e1ul a gyakorl\u00f3 iskola mellett egy k\u00fcl\u00f6n \u00e9p\u00fclet, ahol sz\u00f6v\u0151sz\u00e9ken sz\u0151tt\u00fcnk. Ott sz\u0151nyeget sz\u0151tt\u00fcnk, hogy megtanuljuk azt is. Hozz\u00e1tartozott az anyaghoz. K\u00e9pzett tan\u00edt\u00f3k\u00e9nt ker\u00fclt\u00fcnk ki. Akkoriban volt a gazdas\u00e1gi v\u00e1ls\u00e1g, neh\u00e9z volt az \u00e9let. Volt, akinek probl\u00e9m\u00e1t jelentett a tand\u00edj kifizet\u00e9se. \u00d6tven peng\u0151 volt havonta az int\u00e9zeti tand\u00edj. Aki j\u00f3 tanul\u00f3 volt, az csak 25 peng\u0151t fizetett. Ebb\u0151l is persze viccet csin\u00e1ltunk, mikor azt mondtuk, hogy 25-peng\u0151s\u00f6k, csukj\u00e1tok be a f\u00e9l szemeteket! Ti csak a fel\u00e9t l\u00e1thatj\u00e1tok! \u00c9n is 25 peng\u0151t fizettem. Hogy ennek mi volt az \u00e9rt\u00e9ke, az lem\u00e9rhet\u0151 abban, hogy a b\u00faza m\u00e1zs\u00e1ja akkoriban 8 peng\u0151 volt. Ezt pontosan tudom, hiszen nemcsak katonatisztek, hanem gazd\u00e1lkod\u00f3k kisl\u00e1nyai is j\u00e1rtak az oszt\u00e1lyunkba.<\/p>\n<p>\u2013 Egy nagyon fontos k\u00e9rd\u00e9st, az \u00f6lt\u00f6zk\u00f6d\u00e9st ne hagyjuk ki. Volt-e el\u0151\u00edr\u00e1s, miben j\u00e1rjanak?<\/p>\n<p>\u2013 Volt k\u00f6telez\u0151 ruha: \u00fcnnepi feh\u00e9r matr\u00f3z- \u00e9s s\u00f6t\u00e9tk\u00e9k matr\u00f3zruha. H\u00e9tk\u00f6znapokon t\u00e9len s\u00f6t\u00e9tk\u00e9k nagyon halv\u00e1ny cs\u00edkos flanelruh\u00e1ban j\u00e1rtunk, ny\u00e1ron vil\u00e1gosk\u00e9k feh\u00e9rp\u00f6tty\u00f6s volt a h\u00e9tk\u00f6znapi ruha. Volt m\u00e9g \u00fcnnepnapra egy bemberg selyem ny\u00e1ri ruha, apr\u00f3 pepitamint\u00e1kkal. Sapka is volt: el\u0151sz\u00f6r olyan, mint a matr\u00f3zoknak, zsin\u00f3r is volt rajta, ami azt mutatta, h\u00e1nyadik oszt\u00e1lyba j\u00e1rtunk, azaz minden \u00e9vben eggyel t\u00f6bb zsin\u00f3rt rakhattunk fel. Ez a sapka volt feh\u00e9rben \u00e9s t\u00e9lre s\u00f6t\u00e9tk\u00e9kben. K\u00e9s\u0151bb j\u00f6tt divatba a sv\u00e1jci sapka, \u00e9ppen Vit\u00e1l Margit harcolt \u00e9rte, hogy ne legyen a sapk\u00e1nk t\u00fals\u00e1gosan &#8222;int\u00e9zeti&#8221;, \u00edgy kaphattunk sv\u00e1jci sapk\u00e1t. Volt rajta c\u00edmer is, rajta a pozsonyi tan\u00edt\u00f3k\u00e9pz\u0151.<\/p>\n<p><em>(Ism\u00e9t egy eml\u00e9k: 1954 \u00e9s 1966 k\u00f6z\u00f6tt, amikor \u00e9n j\u00e1rtam oda, mind az \u00e1ltal\u00e1nosban, mind pedig a gimn\u00e1ziumban k\u00f6telez\u0151 volt a sv\u00e1jci sapka a c\u00edmerrel \u2013 az utc\u00e1n, m\u00e9g a priv\u00e1t \u00e9letben is \u2013 amit mi term\u00e9szetesen nagyon nem szerett\u00fcnk, \u00e9s ami akkor m\u00e1r egy\u00e1ltal\u00e1n nem a leg\u00fajabb divatot jelk\u00e9pezte.)<\/em><\/p>\n<p>\u2013 Ja, el ne felejtsem a pozsonyi bl\u00fazt! Abban j\u00e1rtunk hangversenyre.<\/p>\n<p>\u2013 Milyen volt a pozsonyi bl\u00faz?<\/p>\n<p>\u2013 A kelme nev\u00e9re m\u00e1r nem eml\u00e9kszem, de arra igen, hogy buggyos hossz\u00fa ujja volt, feh\u00e9r \u00e9s vil\u00e1gosk\u00e9k pozsonyi h\u00edmz\u00e9s volt rajta. Ugyanolyan vil\u00e1gosk\u00e9kkel volt beszegve, mint a falusi bl\u00fazok. Nagyon sz\u00e9p volt, sajnos elveszett a h\u00e1bor\u00fa alatt. Egy\u00e9bk\u00e9nt a tornaruh\u00e1t kiv\u00e9ve nem volt r\u00f6vid ujj\u00fa bl\u00fazunk.<\/p>\n<p>\u2013 Milyen volt a tornaruha?<\/p>\n<p>\u2013 Feh\u00e9r bl\u00faz volt r\u00f6vidujjal meg fekete klott nadr\u00e1g, ami rakott volt, \u00fagy n\u00e9zett ki, mint egy szoknya. M\u00e9g egy \u00e9rdekess\u00e9g: csak fekete harisny\u00e1t lehetett hordani. Min\u00e9l ink\u00e1bb patent kellett legyen, selyemharisnya &#8222;nuku&#8221;. Ink\u00e1bb legyen csak patent. Fekete cip\u0151t hordtunk. Minden el\u0151 volt \u00edrva.<\/p>\n<p>\u2013 A hajviselet milyen volt?<\/p>\n<p>\u2013 Nem volt szabad r\u00f6vid hajat hordani. Volt, aki l\u00e1zadozott, nem szerett\u00e9k a l\u00e1nyok a hossz\u00fa hajat. Ny\u00e1ron mindig lev\u00e1gtunk bel\u0151le otthon, \u00e9s akkor \u0151szre m\u00e1r megn\u0151tt.<\/p>\n<p>\u2013 Mindez el\u00e9g nagy szigorra vall.<\/p>\n<p>\u2013 Val\u00f3ban, kicsit egy z\u00e1rd\u00e1hoz volt hasonl\u00f3 az \u00e9let. A nevel\u00e9s\u00fcnk is olyan volt. A h\u00e1l\u00f3teremben nyolcan-t\u00edzen voltunk. F\u00fcr\u00f6dni lent egy nagy k\u00e1dban, a &#8222;bazein&#8221;-ban lehetett az alagsorban. Abban f\u00fcr\u00f6dt\u00fcnk egyszer egy h\u00e9ten, k\u00fcl\u00f6nben lav\u00f3rban mosakodtunk. Este nagymosakod\u00e1s, reggel csak macskamos\u00e1s. Meg volt mondva, mikor h\u00fazzuk le az \u00e1gynem\u0171t. Mindenkinek sz\u00e1ma volt, nekem a 12. Minden feh\u00e9rnem\u0171be be kellett varrni. \u00c9breszt\u0151 reggel 6 \u00f3rakor volt, megsz\u00f3lalt a cseng\u0151, h\u00e9t \u00f3rakor im\u00e1ra kellett menni. Minden h\u00f3nap els\u0151 vas\u00e1rnapj\u00e1n gy\u00f3nni, \u00e1ldozni kellett. A reform\u00e1tusoknak, evang\u00e9likusoknak a zeneszob\u00e1ban volt az ima\u00f3r\u00e1juk. A katolikusoknak pedig a nagyteremben volt az ima, minden reggel avval kezdt\u00fck a napot. Mikor pedig a reform\u00e1ci\u00f3 \u00fcnnepe volt, akkor a katolikusoknak tartott\u00e1k a lelkigyakorlatot, hogy a reform\u00e1tusok hazamehessenek a saj\u00e1t \u00fcnnep\u00fckre. Nagyon loj\u00e1lis volt. Nagyon j\u00f3l \u00e9lt\u00fcnk, klastromszer\u0171en, de egy\u00fctt voltunk, \u00e9s minden cs\u00ednyben benne voltunk. Amikor p\u00e9ld\u00e1ul a negyed\u00e9ves \u00e9rt\u00e9kel\u00e9s volt, akkor kital\u00e1lt\u00e1k a gyerekek, hogy a tan\u00e1ri szoba fal\u00e1ra \u00fcvegpoharat tettek, \u00e9s \u00edgy ki tudt\u00e1k hallgatni a kisz\u0171r\u0151d\u0151 hangokat.<\/p>\n<p>\u2013 Milyen volt az \u00e9tkez\u00e9s?<\/p>\n<p>\u2013 Az \u00e9tkez\u00e9s j\u00f3 volt, \u00e9n nem panaszkodhatom r\u00e1. Csak akkor morgol\u00f3dtunk, ha vacsor\u00e1ra sz\u00e1razbab f\u0151zel\u00e9ket kaptunk f\u0151tt toj\u00e1ssal. Vas\u00e1rnap hideg vacsora volt. P\u00e1st\u00e9tomszer\u0171, de csak gyurm\u00e1nak h\u00edvtuk, \u00e9s tea volt mindig.<\/p>\n<p>\u2013 Mikor mehettek haza?<\/p>\n<p>\u2013 Akik k\u00f6zeliek voltak, \u00e9s volt enged\u00e9ly\u00fck, gyakrabban hazamehettek, mint p\u00e9ld\u00e1ul \u00e9n G\u00f6d\u00f6ll\u0151re, de a t\u00e1volabb lak\u00f3k egy\u00e9bk\u00e9nt csak \u00fcnnepkor mentek haza.<\/p>\n<p>\u2013 Ezek ut\u00e1n halkan k\u00e9rdezem meg, hogy volt-e sz\u00f3rakoz\u00e1suk?<\/p>\n<p>\u2013 Farsangkor mulats\u00e1got rendezt\u00fcnk. L\u00e1nyok l\u00e1nyokkal t\u00e1ncoltunk. Csak egyszer lehetett fi\u00favend\u00e9geket h\u00edvni, de akkor is csak akkor, \u00e9s az j\u00f6hetett, akinek lev\u00e9lben megengedt\u00e9k a sz\u00fcl\u0151k. Term\u00e9szetesen \u00f3ri\u00e1si k\u00e9sz\u00fcl\u0151d\u00e9s volt, \u00e9s ez volt egy egyetlen alkalom, hogy vil\u00e1gi ruh\u00e1ban lehett\u00fcnk, farsang egy napj\u00e1n.<\/p>\n<p>Mindent egybev\u00e9ve azonban \u2013 most visszagondolva \u2013 elmondhatom, hogy nagyon szerettem az int\u00e9zeti \u00e9letet.<\/p>\n<p>Lejegyezte: Szili Medek M\u00e1rta<br \/>\n2012. j\u00fanius 26.<\/p>\n<\/div>\n<\/div>\n<\/div>\n<h3>Forr\u00e1s: http:\/\/www.szag.hu\/tanitokepzo.php<\/h3>\n","protected":false},"excerpt":{"rendered":"<p>Kom\u00e1r Bertalann\u00e9 &#8211; Erzsi n\u00e9ni \u00a019..- 2018 febru\u00e1r Tan\u00edt\u00f3n\u0151 \u00c9let a tan\u00edt\u00f3n\u0151k\u00e9pz\u0151ben: interj\u00fa egy r\u00e9gi k\u00e9pz\u0151s n\u00f6vend\u00e9kkel Besz\u00e9lget\u00e9s Kom\u00e1r Bertalann\u00e9 \u2013 Erzsi n\u00e9nivel 2012. j\u00fanius 26. Az interj\u00fat k\u00e9sz\u00edtette: Szili Medek M\u00e1rta Erzsi n\u00e9ni, a mai Szerb Antal Gimn\u00e1zium el\u0151dj\u00e9nek &#8211; a Magyar Kir\u00e1lyi \u00c1llami Tan\u00edt\u00f3n\u0151k\u00e9pz\u0151 Int\u00e9zetnek &#8211; egykori di\u00e1kja most 97 \u00e9ves. A tal\u00e1lkoz\u00e1st &hellip; <a href=\"https:\/\/rakosliget.hu\/wordpress\/index.php\/1027-2\/\" class=\"more-link\"><span class=\"screen-reader-text\">Kom\u00e1r Bertalann\u00e9<\/span> r\u00e9szletei&#8230;<\/a><\/p>\n","protected":false},"author":1,"featured_media":0,"parent":0,"menu_order":0,"comment_status":"closed","ping_status":"closed","template":"","meta":{"footnotes":""},"class_list":["post-1027","page","type-page","status-publish","hentry"],"_links":{"self":[{"href":"https:\/\/rakosliget.hu\/wordpress\/index.php\/wp-json\/wp\/v2\/pages\/1027","targetHints":{"allow":["GET"]}}],"collection":[{"href":"https:\/\/rakosliget.hu\/wordpress\/index.php\/wp-json\/wp\/v2\/pages"}],"about":[{"href":"https:\/\/rakosliget.hu\/wordpress\/index.php\/wp-json\/wp\/v2\/types\/page"}],"author":[{"embeddable":true,"href":"https:\/\/rakosliget.hu\/wordpress\/index.php\/wp-json\/wp\/v2\/users\/1"}],"replies":[{"embeddable":true,"href":"https:\/\/rakosliget.hu\/wordpress\/index.php\/wp-json\/wp\/v2\/comments?post=1027"}],"version-history":[{"count":3,"href":"https:\/\/rakosliget.hu\/wordpress\/index.php\/wp-json\/wp\/v2\/pages\/1027\/revisions"}],"predecessor-version":[{"id":1030,"href":"https:\/\/rakosliget.hu\/wordpress\/index.php\/wp-json\/wp\/v2\/pages\/1027\/revisions\/1030"}],"wp:attachment":[{"href":"https:\/\/rakosliget.hu\/wordpress\/index.php\/wp-json\/wp\/v2\/media?parent=1027"}],"curies":[{"name":"wp","href":"https:\/\/api.w.org\/{rel}","templated":true}]}}