{"id":1018,"date":"2018-03-21T05:04:04","date_gmt":"2018-03-21T04:04:04","guid":{"rendered":"http:\/\/rakosliget.hu\/wordpress\/?page_id=1018"},"modified":"2018-03-21T05:04:04","modified_gmt":"2018-03-21T04:04:04","slug":"keller-kalman","status":"publish","type":"page","link":"https:\/\/rakosliget.hu\/wordpress\/index.php\/keller-kalman\/","title":{"rendered":"Keller K\u00e1lm\u00e1n"},"content":{"rendered":"<h1 align=\"left\"><span data-canvas-width=\"33.43681399148711\">Keller <\/span><span data-canvas-width=\"39.443597604682104\">K\u00e1lm\u00e1n<\/span><span data-canvas-width=\"161.98534483719078\"> (Soroks\u00e1r, 1917)<\/span><\/h1>\n<h2 align=\"left\">R\u00e1kosligeti Nemzeti Bizotts\u00e1g tagja<\/h2>\n<p align=\"left\">\n<p align=\"left\"><span data-canvas-width=\"229.6553952708168\">M\u00c1V-alkalmazott. 1945-t\u0151l az FKP tagja. 1945 ut\u00e1n a Nyugati p\u00e1lyaudvar f\u0151p\u00e9nzt\u00e1rosa, 1948-t\u00f3l a Budapesti Igazgat\u00f3s\u00e1g f\u0151fel\u00fcgyel\u0151je. 1948-1949-ben a R\u00e1kosligeti Nemzeti Bizotts\u00e1g \u00e9s k\u00e9pvisel\u0151-test\u00fclet tagja. &#8211; Nyugd\u00edjas. <\/span><\/p>\n","protected":false},"excerpt":{"rendered":"<p>Keller K\u00e1lm\u00e1n (Soroks\u00e1r, 1917) R\u00e1kosligeti Nemzeti Bizotts\u00e1g tagja M\u00c1V-alkalmazott. 1945-t\u0151l az FKP tagja. 1945 ut\u00e1n a Nyugati p\u00e1lyaudvar f\u0151p\u00e9nzt\u00e1rosa, 1948-t\u00f3l a Budapesti Igazgat\u00f3s\u00e1g f\u0151fel\u00fcgyel\u0151je. 1948-1949-ben a R\u00e1kosligeti Nemzeti Bizotts\u00e1g \u00e9s k\u00e9pvisel\u0151-test\u00fclet tagja. &#8211; Nyugd\u00edjas.<\/p>\n","protected":false},"author":1,"featured_media":0,"parent":0,"menu_order":0,"comment_status":"closed","ping_status":"closed","template":"","meta":{"footnotes":""},"class_list":["post-1018","page","type-page","status-publish","hentry"],"_links":{"self":[{"href":"https:\/\/rakosliget.hu\/wordpress\/index.php\/wp-json\/wp\/v2\/pages\/1018","targetHints":{"allow":["GET"]}}],"collection":[{"href":"https:\/\/rakosliget.hu\/wordpress\/index.php\/wp-json\/wp\/v2\/pages"}],"about":[{"href":"https:\/\/rakosliget.hu\/wordpress\/index.php\/wp-json\/wp\/v2\/types\/page"}],"author":[{"embeddable":true,"href":"https:\/\/rakosliget.hu\/wordpress\/index.php\/wp-json\/wp\/v2\/users\/1"}],"replies":[{"embeddable":true,"href":"https:\/\/rakosliget.hu\/wordpress\/index.php\/wp-json\/wp\/v2\/comments?post=1018"}],"version-history":[{"count":1,"href":"https:\/\/rakosliget.hu\/wordpress\/index.php\/wp-json\/wp\/v2\/pages\/1018\/revisions"}],"predecessor-version":[{"id":1019,"href":"https:\/\/rakosliget.hu\/wordpress\/index.php\/wp-json\/wp\/v2\/pages\/1018\/revisions\/1019"}],"wp:attachment":[{"href":"https:\/\/rakosliget.hu\/wordpress\/index.php\/wp-json\/wp\/v2\/media?parent=1018"}],"curies":[{"name":"wp","href":"https:\/\/api.w.org\/{rel}","templated":true}]}}