{"id":10174,"date":"2022-05-05T19:21:55","date_gmt":"2022-05-05T18:21:55","guid":{"rendered":"https:\/\/rakosliget.hu\/wordpress\/?page_id=10174"},"modified":"2026-01-18T19:24:49","modified_gmt":"2026-01-18T18:24:49","slug":"ebredo-magyarok-egyesulete","status":"publish","type":"page","link":"https:\/\/rakosliget.hu\/wordpress\/index.php\/ebredo-magyarok-egyesulete\/","title":{"rendered":"\u00c9bred\u0151 Magyarok Egyes\u00fclete"},"content":{"rendered":"\n<div class=\"wp-block-buttons is-content-justification-center is-layout-flex wp-container-core-buttons-is-layout-16018d1d wp-block-buttons-is-layout-flex\">\n<div class=\"wp-block-button\"><a class=\"wp-block-button__link wp-element-button\" href=\"https:\/\/rakosliget.hu\/wordpress\/index.php\/1900-1948-kozott-rakosligeten-mukodott-egyesuletek\/\">Vissza az Egyes\u00fcletek lapra<\/a><\/div>\n<\/div>\n\n\n\n<p><em>Az oldal friss\u00edtve: 2022. m\u00e1jus 05.<\/em><\/p>\n\n\n\n<p>Az \u00c9bred\u0151 Magyarok Egyes\u00fclete (\u00c9ME) 1918. novemberben alakult sz\u00e9ls\u0151jobboldali, fajv\u00e9d\u0151 szervezet volt, vezet\u0151i Eckhardt Tibor, G\u00f6mb\u00f6s Gyula, Pr\u00f3nay P\u00e1l \u00e9s H\u00e9jjas Iv\u00e1n voltak, v\u00e9gleges betilt\u00e1sa 1945. febru\u00e1rban t\u00f6rt\u00e9nt.<\/p>\n\n\n\n<p>Az antiszemita szervezet k\u00fcl\u00f6n\u00f6sen 1923-ig volt jelent\u0151s a parlamentben \u00e9s a sajt\u00f3ban, de r\u00e9szt vett mer\u00e9nyletekben is, az egyes\u00fcletet t\u00f6megdemonsr\u00e1ci\u00f3kra, kisebb terrorcselekm\u00e9myekre haszn\u00e1lt\u00e1k, melynek saj\u00e1t lapja az \u00c9bred\u0151 Magyarorsz\u00e1g volt.<\/p>\n\n\n\n<p>Az alap\u00edt\u00f3 \u00fcl\u00e9sen az alap\u00edt\u00f3k k\u00f6z\u00f6tt helyet foglalt G\u00f6mb\u00f6s Gyula, vez\u00e9rkari sz\u00e1zados, Eckhardt Tibor, Torda-Aranyos v\u00e1rmegye volt f\u0151szolgab\u00edr\u00e1ja. T\u00f6bb KNEP-k\u00e9pvisel\u0151 is tagj\u00e1v\u00e1 v\u00e1lt. A mozgalom c\u00e9lul t\u0171zte ki a magyars\u00e1g v\u00e9delm\u00e9t a zsid\u00f3s\u00e1g, mint faj ellen. Az \u00c9bred\u0151 Magyarok Egyes\u00fclete hivatalos j\u00f3v\u00e1hagy\u00e1ssal felfegyverzett terrorszervezett\u00e9 fejl\u0151d\u00f6tt. <\/p>\n\n\n\n<p>A fajv\u00e9d\u0151 politikusok a KNEP megsz\u0171n\u00e9se ut\u00e1n, 1922-t\u0151l az Egys\u00e9ges P\u00e1rtban politiz\u00e1ltak tov\u00e1bb, \u00e9s b\u00e1r 1920-ban Teleki P\u00e1l minisztereln\u00f6ks\u00e9ge alatt betiltott\u00e1k, az 1920-as \u00e9vek meghat\u00e1roz\u00f3 mozgalma maradt. A szervezetb\u0151l t\u00f6bb sz\u00e9ls\u0151jobboldali szervezet n\u0151tte ki mag\u00e1t, k\u00f6zt\u00fck a Magyar Orsz\u00e1gos V\u00e9der\u0151 Egylet (MOVE). <em>(Forr\u00e1s: Wikipedia)<\/em><\/p>\n\n\n\n<hr class=\"wp-block-separator has-css-opacity\"\/>\n\n\n\n<p>AZ \u00c9BRED\u0150 MAGYAROK EGYES\u00dcLET\u00c9NEK ORSZ\u00c1GOS ELN\u00d6KI KONFERENCI\u00c1JA BUDAPESTEN,<br>A R\u00c9GI K\u00c9PVISEL\u0150H\u00c1Z \u00dcL\u00c9STERM\u00c9BEN, 1920. \u00c9VI SZEPTEMBER H\u00d3 7., 8. \u00c9S 9. NAPJAIN.<\/p>\n\n\n\n<p>A tan\u00e1cskoz\u00e1s rendj\u00e9re vonatkoz\u00f3 szab\u00e1lyok m\u00e1sodik szakasz\u00e1nak \u00e9rtelm\u00e9ben sz\u00f3l\u00e1sra jelentkeztek:<br><a href=\"https:\/\/rakosliget.hu\/wordpress\/index.php\/rakosliget-biroi\/\" target=\"_blank\" rel=\"noreferrer noopener\">Debreczeny Istv\u00e1n (R\u00e1kosliget).<\/a><\/p>\n\n\n\n<p>Debreczeny Istv\u00e1n: T. Eln\u00f6ki Konferencia! Mai napi \u00f6sszej\u00f6vetel\u00fcnket magyar kereszt\u00e9ny fajszeretet\u00fcnk hozta \u00f6ssze. Azt a kijelent\u00e9st teszem, hogy ezzel a mai \u00f6sszej\u00f6vetel\u00fcnk c\u00e9lj\u00e1val \u00e9l\u00fcnk, vagy halunk! (\u00dagy van!) Ezzel kapcsolatban a sz\u00f3ban l\u00e9v\u0151 zsid\u00f3k\u00e9rd\u00e9shez k\u00edv\u00e1nok p\u00e1r sz\u00f3t hozz\u00e1tenni \u00e9s pedig abb\u00f3l a szempontb\u00f3l, mennyire nem t\u00f6r\u0151dik vel\u00fcnk m\u00e9g ma sem a korm\u00e1nyrendszer. (\u00dagy van?) K\u00edv\u00e1nn\u00e1m, hogy az \u00e9bred\u0151 magyarok maguk\u00e9v\u00e1 tenn\u00e9k \u00e1ll\u00e1sfoglal\u00e1somat.<br>\u00c9n R\u00e1kosligeten a \u201eHangya\u201c Sz\u00f6vetkezet igazgat\u00f3ja vagyok. Mint ilyennek, t\u00f6bb ir\u00e1nyban kell k\u00f6zgazdas\u00e1gilag foglalkoznom, sajnos, minden\u00fctt a zsid\u00f3s\u00e1ggal kell tal\u00e1lkoznom, amelynek c\u00e9lja, hogy a kereszt\u00e9nys\u00e9get, a kereszt\u00e9ny ir\u00e1nyzatot, amelyet magunk\u00e9v\u00e1 tett\u00fcnk a gy\u00e1szos komm\u00fcn buk\u00e1sa ut\u00e1n, lehetetlenn\u00e9 tegye. Megtett\u00e9k a k\u00e9pvisel\u0151v\u00e1laszt\u00e1sokon a jelenlegi k\u00e9pvisel\u0151k azt, hogy kij\u00f6ttek a ker\u00fcletekbe, szidt\u00e1k a zsid\u00f3kat, \u00e1ll\u00e1st foglaltak ellen\u00fck, \u201ekereszt\u00e9ny Magyarorsz\u00e1got fogunk fel\u00e1ll\u00edtani\u201c \u2014 mondt\u00e1k \u2014 \u201eazt fogjuk f\u00f6l\u00e9p\u00edteni\u201c. Sajnos, ennek ellenkez\u0151j\u00e9t kell most tapasztalnunk. (\u00dagy van! \u00dagy van !) A kereszt\u00e9ny ir\u00e1nyzat csak itt k\u00f6z\u00f6tt\u00fcnk van; sajnos, ki kell jelenten\u00fcnk, mi nem vagyunk abban a helyzetben, hogy az orsz\u00e1g korm\u00e1nyz\u00e1s\u00e1t magunk\u00e9nak vallhassuk. (Egy hang: Majd lesz\u00fcnk!) Ez\u00e9rt kell dolgoznunk, ez\u00e9rt is sz\u00f3lalok, f\u00f6l.<br>Kereszt\u00e9ny testv\u00e9reim! \u00c9bred\u0151 magyar bajt\u00e1rsaim ! Tegnapel\u0151tt, mint a \u201eHangya\u201c igazgat\u00f3ja, k\u00f6zs\u00e9g\u00fcnk r\u00e9sz\u00e9re korp\u00e1t akartam kiverekedni. Amint bementem a Korpa-k\u00f6zpontba, valami 20 zsid\u00f3 r\u00fcfk\u00e9t l\u00e1ttam ott \u00fclni. A k\u00f6vetkez\u0151 p\u00e1rbesz\u00e9d fejl\u0151d\u00f6tt ki k\u00f6zt\u00fcnk: \u2014 \u201eMit \u00f3hajt uras\u00e1god?\u201c \u2014 \u201eKorp\u00e1t akarok.\u201c \u2014 \u201eK\u00e9rem sz\u00e9pen, majd a Kov\u00e1cs igazgat\u00f3 \u00far int\u00e9zi el a dolgot.\u201c Gondoltam, ha m\u00e1r a h\u00f6lgyek, vagy r\u00fcfk\u00e9k mind zsid\u00f3k, majd tal\u00e1n Kov\u00e1cs igazgat\u00f3 \u00farral, mint kereszt\u00e9ny emberrel \u00e1llok szemben \u00e9s meg tudom \u00e9rtetni vele azt, hogy R\u00e1kosliget k\u00f6zs\u00e9g intelligens lakosai r\u00e9sz\u00e9re \u2014 mert ki kell jelentenem, hogy ennek a h\u00fasz \u00e9v el\u0151tt l\u00e9tes\u00fclt k\u00f6zs\u00e9gnek majdnem minden lakosa \u00e1llami tisztvisel\u0151 vagy alkalmazott \u2014 szolg\u00e1latot tesz, ha korp\u00e1t utal ki, hogy j\u00f3sz\u00e1gaikat eltarthass\u00e1k. Mikor kinyitottam az ajt\u00f3t, majdnem visszaestem, amint l\u00e1ttam, hogy Kov\u00e1cs igazgat\u00f3 \u00far \u00e9ppen olyan fajb\u00f3l val\u00f3, mint az \u0151 t\u00e1rsai ott kint. (Zaj.)<br>T. Eln\u00f6ki Konferencia! Megt\u0171rhet\u0151-e akkor, amikor kereszt\u00e9ny k\u00e9pvisel\u0151k besz\u00e9lnek a nemzetgy\u0171l\u00e9sben, hogy az a szerv, amelyik hivatva van az \u00e9lelmiszereknek eloszt\u00e1s\u00e1ra, zsid\u00f3 kezekben legyen teljesen!? (Zaj.) Ugyancsak mint a \u201eHangya\u201c igazgat\u00f3ja, az \u00c1ruforgalmi rt. r\u00e9sz\u00e9r\u0151l megb\u00edz\u00e1st kaptam .. .<br>Eln\u00f6k (csenget): Nagyon k\u00e9rem a t. Tagt\u00e1rsakat, miut\u00e1n az id\u0151 nagyon el\u0151rehaladt \u00e9s ki van szabva, m\u00e9lt\u00f3ztass\u00e9k k\u00e9rem az \u00fcgyrendnek harmadik szakasz\u00e1hoz szigor\u00faan alkalmazkodni, mert k\u00fcl\u00f6nben nem \u00e9r\u00fcnk r\u00e1 lebonyol\u00edtani programmunkat.<br>Debreczeny: M\u00e9g csak r\u00f6viden \u00f3hajtok sz\u00f3lni! Elmentem a Gabonaforgalmi r.-t.-hoz, amely ugyancsak teljesen zsid\u00f3kb\u00f3l \u00e1ll. Ott egyetlen kereszt\u00e9ny embert nem l\u00e1ttam. (Zaj. Felki\u00e1lt\u00e1sok: Hallatlan.) Csak ezt k\u00edv\u00e1ntam kijelenteni. Az \u00c9bred\u0151 Magyarok Egyes\u00fclet\u00e9nek arra az \u00e1ll\u00e1spontra kell helyezkednie, hogy ezeket elt\u00e1vol\u00edts\u00e1k. Hiszen itt vannak a menek\u00fclt tisztvisel\u0151ink, akik vagonban laknak. Az \u00e1llamnak fizetnie kell \u0151ket, erk\u00f6lcsi k\u00f6teless\u00e9ge f\u00f6nntartani \u0151ket, utas\u00edts\u00e1k teh\u00e1t ezt a korm\u00e1nyt, hogy ezeket a m\u00e9regkever\u0151ket, m\u00e9telyez\u0151ket elt\u00e1vol\u00edts\u00e1k \u00e9s a mi \u00e9bred\u0151 magyar menek\u00fclt fajtestv\u00e9reinkkel p\u00f3tolj\u00e1k. (Helyesl\u00e9s. \u00c9ljenz\u00e9s \u00e9s taps.)<br>Eln\u00f6k: Az \u00fcl\u00e9st 5 percre f\u00f6lf\u00fcggesztem.<\/p>\n\n\n\n<p>(Sz\u00fcnet ut\u00e1n.)<\/p>\n\n\n\n<p>Eln\u00f6k: Az \u00fcl\u00e9st \u00fajb\u00f3l megnyitom. Sz\u00f3l\u00e1sra k\u00f6vetkezik: P\u00e1lfy Istv\u00e1n (R\u00e1kosliget).<br>P\u00e1lfy Istv\u00e1n: M\u00e9lyen Tisztelt Eln\u00f6ki Konferencia! A zsid\u00f3k\u00e9rd\u00e9ssel, a sajt\u00f3val, azut\u00e1n az egyetemi beiratkoz\u00e1sokkal akarok foglalkozni, azonban m\u00e9g v\u00e1rok, vajon az egyes el\u0151ad\u00f3 urak nem ismertetik-e ezeket a k\u00e9rd\u00e9seket. Amennyiben az \u0151 el\u0151ad\u00e1sukb\u00f3l kimaradna az, amit mi r\u00e1kosligetiek akarunk, f\u00f6l is fogok sz\u00f3lalni. Addig nem akarom f\u00f6l\u00f6slegesen ig\u00e9nybe venni a t. hallgat\u00f3s\u00e1g t\u00fcrelm\u00e9t. (Helyesl\u00e9s.)<\/p>\n\n\n\n<p>AZ \u00c9BRED\u0150 MAGYAROK EGYES\u00dcLETE<br>II. ORSZ\u00c1GOS ELN\u00d6KI KONFERENCI\u00c1J\u00c1NAK<br>NAPL\u00d3JA <br>BUDAPEST, 1920 NOVEMBER H\u00d3.<\/p>\n\n\n\n<p>KERESKEDELMI \u00c9S IPARI FAJV\u00c9DELMI POLiTIKA.<\/p>\n\n\n\n<p><strong>Eln\u00f6k: <\/strong>Sz\u00f3l\u00e1sra k\u00f6vetkezik Debreczeni Istv\u00e1n: R\u00e1kosliget.<br><strong>Debreczeni Istv\u00e1n:<\/strong> T. Eln\u00f6ki Konferencia! Az el\u0151ttem felhangzott felsz\u00f3lal\u00e1sok, \u00fagy l\u00e1tszik, kereszt\u00fclh\u00fazt\u00e1k az \u00e9n tervezetemet, mert \u00e9n is teljesen hozz\u00e1j\u00e1rulok a k\u00e9t javaslat egyes\u00edt\u00e9s\u00e9hez \u00e9s ebben l\u00e1tom a p\u00e9nz\u00fcgyi helyzet megold\u00e1s\u00e1t. M\u00e9lt\u00f3ztass\u00e9k azonban megengedni, hogy felsz\u00f3lal\u00e1som t\u00e1rgy\u00e1ra m\u00e9gis kit\u00e9rjek, mert ez igen \u00e9rdekelni fogja k\u00fcl\u00f6n\u00f6sen .falusi bajt\u00e1rsainkat.<br>\u00c9n sok\u00e1ig lent laktam Szlav\u00f3ni\u00e1ban, ott, ahol a a n\u00e9mets\u00e9g \u00e9s a szerbs\u00e9g elhelyezkedik. Ett\u0151l a germ\u00e1n faj\u00fa n\u00e9mets\u00e9gt\u0151l tanulhatn\u00e1nk \u00fagy a zsid\u00f3k\u00e9rd\u00e9s, mint a gazdas\u00e1gi k\u00e9rd\u00e9s kereszt\u00e9nyi megold\u00e1sa tekintet\u00e9ben. A legk\u00f6zelebbi k\u00f6zs\u00e9g volt hozz\u00e1nk Dobanovce. Tal\u00e1n 18 \u00e9vvel azel\u0151tt, hogy \u00e9n odaker\u00fcltem, odasz\u00e1rmazott mintegy tizenk\u00e9t b\u00e1cskai csal\u00e1d. Ezek a k\u00f6zs\u00e9g egy kis sark\u00e1ba h\u00faz\u00f3dtak, mindegyik vett 10\u201412 hold f\u00f6ldet, azonban \u00fagy kezdtek gazd\u00e1lkodni, hogy nyersterm\u00e9ny t\u0151l\u00fck egy\u00e1ltal\u00e1ban nem ment ki a k\u00f6zs\u00e9gb\u0151l, \u0151k mindent feldolgoztak \u00e9s csak \u00fagy adt\u00e1k el. Ezt a feldolgoz\u00e1st k\u00f6z\u00f6sen csin\u00e1lt\u00e1k, \u00e9s azt a p\u00e9nzt, amit ebb\u0151l szereztek, betett\u00e9k egy k\u00f6z\u00f6s kassz\u00e1ba, mondjuk bankba. Ha azut\u00e1n valami elad\u00f3 volt a szerbek r\u00e9sz\u00e9r\u0151l, \u0151k kivett\u00e9k a bankb\u00f3l a saj\u00e1t p\u00e9nz\u00fcket, megvett\u00e9k a birtokot k\u00f6z\u00f6sen, odaadt\u00e1k annak, akinek legkevesebbje volt, vagy aki arra legjobban aspir\u00e1lt, \u00e9s az azut\u00e1n lassan kint t\u00f6rlesztette ezt a hitelt. A f\u00f6ldm\u00edvel\u00e9shez sz\u00fcks\u00e9ges szersz\u00e1mokat, cs\u00e9pl\u0151g\u00e9pet ugyan\u00edgy vett\u00e9k \u00e9s \u00edgy alap\u00edtott\u00e1k meg azut\u00e1n a g\u0151zmalmot is. Term\u00e9szetes, hogy azt a cs\u00e9pl\u0151g\u00e9pet valaki egyed\u00fcl nem b\u00edrta megvenni, amikor azonban ez a tizenk\u00e9t csal\u00e1d felszaporodott 20\u201424 csal\u00e1dra, m\u00e9gis \u00f6ssze tudtak hozni annyit, hogy megvehett\u00e9k.<br>Ezek foglalkoztak malomiparral, fel\u0151r\u00f6lt\u00e9k \u00f6sszes term\u00e9nyeiket, a lisztf\u00f6l\u00f6sleg\u00fcket eladt\u00e1k, a gabona korp\u00e1j\u00e1t, illet\u0151leg a gabonaterm\u00e9kekb\u0151l visszamaradt dolgokat a j\u00f3sz\u00e1gokkal feletett\u00e9k s ezen nevelt\u00e9k az \u00e1llatokat s tal\u00e1n ma is ezen nevelik, ha ott vannak. Teh\u00e1t ilyen hasznos nemzetgazdas\u00e1got csin\u00e1ltak. Zsid\u00f3t nem engedtek be. De m\u00e9g a szerbs\u00e9gnek a terjeszked\u00e9s\u00e9t sem engedt\u00e9k, \u00fagy, hogy 18 \u00e9v alatt, higgy\u00e9k el, tisztelt Eln\u00f6ki Konferencia! \u2014 abban a k\u00f6zs\u00e9gben csak 21 szerb csal\u00e1d maradt meg, holott azel\u0151tt ennek a 2800 lakossal b\u00edr\u00f3 k\u00f6zs\u00e9gnek eg\u00e9szen szerb lakoss\u00e1ga volt.<br>Az\u00f3ta mindig ezzel a probl\u00e9m\u00e1val foglalkoztam, azonban olyan szerencs\u00e9tlen helyzetbe ker\u00fcltem, hogy a mi k\u00f6zs\u00e9g\u00fcnkben ilyent megteremteni nem lehet, mert nem terem semmi, m\u00e9g annyi sem, amennyi magunknak kell.<br>\u00c9n csak azt akartam az el\u0151ad\u00f3 \u00far javaslat\u00e1hoz hozz\u00e1f\u0171zni, hogy a k\u00f6zs\u00e9gi takar\u00e9kp\u00e9nzt\u00e1rak k\u00e9rd\u00e9s\u00e9t is meg lehetne oldani. Miut\u00e1n azonban a t. igazgat\u00f3 bajt\u00e1rs \u2014 engem megel\u0151zve \u2014 ezt m\u00e1r felhozta, ez\u00e1ltal \u00fagysz\u00f3lv\u00e1n kereszt\u00fclh\u00fazta sz\u00e1m\u00edt\u00e1somat. De \u00e9n is mondhatom, gy\u00f6ny\u00f6r\u0171 dolgokat lehet megoldani kereszt\u00e9ny alapon. Akkor a zsid\u00f3k kiszorulnak, mert ott is, abban a k\u00f6zs\u00e9gben, amelyet eml\u00edtettem, \u00e9s az eg\u00e9sz k\u00f6rzetben, amelyhez hat k\u00f6zs\u00e9g tartozik, k\u00f6zs\u00e9genk\u00e9nt csak egy-egy zsid\u00f3 volt, de az sem vehetett ingatlant, mert nem engedt\u00e9k hozz\u00e1jutni. A sv\u00e1b paraszt vagy Budapesten, vagy B\u00e9csben adta el a marh\u00e1it, de zsid\u00f3nak nem adott el semmit. Az iparcikkek beszerz\u00e9se v\u00e9gett is egy megb\u00edzottjukat k\u00fcldt\u00e9k fel Budapestre, vagy B\u00e9csbe, amit nem lehet r\u00e9sz n\u00e9ven venni, mert germ\u00e1n emberek voltak \u00e9s odah\u00faztak. A megb\u00edzott a sz\u00fcks\u00e9ges t\u00e1rgyakat, csizm\u00e1kat \u00e9s egyebeket megv\u00e1s\u00e1rolta, a takar\u00e9k kifizette \u00e9s amikor hazahozt\u00e1k, akkor a k\u00f6zs\u00e9gi lakosok k\u00f6z\u00f6tt \u0151k maguk sz\u00e9tosztott\u00e1k.<br>Ilyenk\u00e9pen mi is megoldan\u00e1nk a mi nemzeti p\u00e9nz\u00fcgyi k\u00e9rd\u00e9s\u00fcnket \u00e9s megoldan\u00e1nk a zsid\u00f3k\u00e9rd\u00e9st is. Ez\u00e9rt voltam b\u00e1tor ezeket felhozni \u00e9s ez\u00e9rt akartam \u00e9n is aj\u00e1nlani ezt a m\u00f3dos\u00edt\u00e1st, miut\u00e1n azonban az el\u0151ad\u00f3 \u00e9s Lipovniczky igazgat\u00f3 \u00far egy\u00fcttesen m\u00e1r megtett\u00e9k,teh\u00e1t r\u00e9szemr\u0151l az \u0151 javaslatukhoz hozz\u00e1j\u00e1rulok. (\u00c9ljenz\u00e9s \u00e9s taps.)&#8230;.<br><br>A napirendhez k\u00edv\u00e1n sz\u00f3lani P\u00e1l Imre bajt\u00e1rs R\u00e1kosligetr\u0151l. A sz\u00f3t neki megadom.<br><br><strong>P\u00e1l Imre:<\/strong> T. Eln\u00f6ki Konferencia! K\u00e9ts\u00e9gtelen, hogy mi, \u00c9bred\u0151 Magyarok a zsid\u00f3kat most m\u00e1r anyagilag t\u00f6nkre akarjuk tenni. Azonban ne csak anyagilag, hanem erk\u00f6lcsileg is tegy\u00fck \u0151ket t\u00f6nkre, m\u00e9gpedig azonnal. (Felki\u00e1lt\u00e1sok: Nincs annak erk\u00f6lcse !) Azt ind\u00edtv\u00e1nyozn\u00e1m, hogy az \u00f6sszes magyar \u00e9s nemzeti c\u00edmek alatt ismert bankokat revide\u00e1ljuk, amennyiben ezek k\u00e9pviselik 95%-ban az iparunkat, kereskedelm\u00fcnket \u00e9s egy\u00e1ltal\u00e1ban k\u00f6zgazdas\u00e1gunkat \u00e9s \u00edgy a magyar nemzeti n\u00e9vvel a hisz\u00e9keny magyar n\u00e9pet megt\u00e9vesztik, mert a n\u00e9p ez\u00e9rt p\u00e1rtolta \u0151ket eddig \u00e9s ez\u00e9rt fogja esetleg p\u00e1rtolni tov\u00e1bbra is. Vegy\u00fck teh\u00e1t e c\u00edmeket rev\u00edzi\u00f3 al\u00e1 \u00e9s vonjuk el t\u0151l\u00fck a magyar \u00e9s nemzeti nevet, hogy ne t\u00e9veszthess\u00e9k meg tov\u00e1bbra is hisz\u00e9keny n\u00e9p\u00fcnket. (Helyesl\u00e9s, \u00e9ljenz\u00e9s \u00e9s taps.) &#8230;<br><br>\u2014 Sz\u00f3l\u00e1sra k\u00f6vetkezik P\u00e1rdy Imre, R\u00e1kosligetr\u0151l.<br><br><strong>P\u00e1rdy Imre:<\/strong> Engem szint\u00e9n az ind\u00edtv\u00e1ny 3-ik pontj\u00e1nak az a) pontja foglalkoztat \u00e9s m\u00e9g az el\u0151bb elhangzott korrig\u00e1l\u00e1ssal sem el\u00e9gszem meg- \u00c9n is katonaviselt ember vagyok Tudom, hogy kapt\u00e1k a vit\u00e9zs\u00e9gi \u00e9rmeket. V\u00e9letlen\u00fcl \u00e9ppen orvosokn\u00e1l voltam beosztva. Nem el\u00e9g a h\u00e1rom havi szolg\u00e1lat, a sebes\u00fclteknek val\u00f3 f\u00f6ldoszt\u00e1s. Adjunk f\u00f6ldet minden sz\u00fcletett kereszt\u00e9ny magyar testv\u00e9r\u00fcnknek, aki nemzeti szempontb\u00f3l megb\u00edzhat\u00f3 \u00e9s harct\u00e9ren volt. A megb\u00edzhat\u00f3s\u00e1got az illet\u0151 k\u00f6zs\u00e9gek \u00c9bred\u0151 Magyar Egyes\u00fclet\u00e9nek csoportvezet\u0151s\u00e9ge b\u00edr\u00e1lja meg \u00e9s az adja neki. (\u00c9l\u00e9nk helyesl\u00e9s) Lehet, hogyha mi ragaszkodunk ahhoz, hogy azok kapjanak f\u00f6ldet, akik h\u00e1rom h\u00f3napot t\u00f6lt\u00f6ttek harct\u00e9ren vagy megsebes\u00fcltek, igen sok \u00e9rt\u00e9kes, j\u00f3 magyar ember elesik a f\u00f6ldt\u0151l. Nagyon k\u00e9rem, fogadj\u00e1k el ezt a m\u00f3dos\u00edt\u00e1st.<br>A c) ponthoz ism\u00e9t van szerencs\u00e9m tisztelettel csup\u00e1n egy sz\u00f3 betold\u00e1s\u00e1t k\u00e9rni.Olvassa: \u201eA k\u00f6z\u00e9poszt\u00e1ly, a hivatalnoki \u00e9s tisztvisel\u0151i kar azon r\u00e9sze, amely a h\u00e1bor\u00fa kit\u00f6r\u00e9se \u00f3ta meg\u00e9lhet\u00e9s\u00e9t elvesztette\u201c \u2014 sz\u00farjuk oda k\u00f6zbe: \u00f6nhib\u00e1j\u00e1n k\u00edv\u00fcl elvesztette (Helyesl\u00e9s). Ezt sz\u00fcks\u00e9gesnek tartom. A bolseviki izgat\u00f3kra gondolok itt. (Helyesl\u00e9s.) Tov\u00e1bb\u00e1: azokra az ipari munk\u00e1sokra vonatkoz\u00f3lag, akik vissza akarnak t\u00e9rni a f\u00f6ldm\u00edvesfoglalkoz\u00e1shoz, azt ind\u00edtv\u00e1nyozom, hogy ne csak azoknak adjunk f\u00f6ldet, akik vissza akarnak t\u00e9rni a f\u00f6ldm\u00edves foglalkoz\u00e1shoz, hanem minden ipari munk\u00e1snak kiv\u00e9tel n\u00e9lk\u00fcl adjunk maximum egy hold f\u00f6ldet, hogy a meg\u00e9lhet\u00e9s\u00e9hez sz\u00fcks\u00e9ges \u00e9lelmicikkeket foglalkoz\u00e1s\u00e1n k\u00edv\u00fcl betermelje. Tudjuk, hogy aki nem reggel hat \u00f3r\u00e1t\u00f3l dolgozik este nyolcig, hanem reggel h\u00e9tt\u0151l d\u00e9lut\u00e1n hatig, teh\u00e1t \u0151 maga \u00e9s csal\u00e1dja tud annyi id\u0151t szak\u00edtani, hogy csal\u00e1dj\u00e1nak sz\u00fcks\u00e9ges konyhakerti cikkeket betermelje. Ez\u00e9rt ind\u00edtv\u00e1nyozom, hogy egy hold f\u00f6ld ad\u00e1s\u00e1t hozzuk javaslatba. K\u00e9rem ind\u00edtv\u00e1nyom elfogad\u00e1s\u00e1t. Felki\u00e1lt\u00e1sok: Nincs annyi f\u00f6ld! Egy negyedhold is el\u00e9g.) Ezt felt\u00e9tlen\u00fcl sz\u00fcks\u00e9gesnek tartan\u00e1m, mert az ipari munk\u00e1s meg\u00e9lhet\u00e9s\u00e9r\u0151l gondoskodni kell. Mi vid\u00e9kiek tudjuk azt, hogy minden faluban vannak a falu hat\u00e1r\u00e1ban kertecsk\u00e9k. Ilyet k\u00edv\u00e1nok biztos\u00edtani nekik. Nem ragaszkodom egy holdhoz, h\u00e1romn\u00e9gysz\u00e1z quadr\u00e1tos is lehet, amennyi \u00e9ppen a meg\u00e9lhet\u00e9s\u00e9t biztos\u00edtani tudja. K\u00e9rem, hogyha lehets\u00e9ges, fogadj\u00e1k el ezt a m\u00f3dos\u00edt\u00e1st. &#8230;<br><br>N\u00c9PJ\u00d3L\u00c9TI T\u00d6RV\u00c9NYHOZ\u00c1S \u00c9BRED\u0150 MAGYAR SZEMPONTB\u00d3L.<\/p>\n\n\n\n<p>K\u00f6vetkezik Debreczeni Istv\u00e1n R\u00e1kosligetr\u0151l.<br><strong>Debreczeni Istv\u00e1n:<\/strong> T. Eln\u00f6ki Konferencia! A 3-ik ponthoz p\u00f3tl\u00e1st javasolok, ahhoz a r\u00e9sz\u00e9hez, hogy a k\u00f6z\u00e9poszt\u00e1ly \u00e9s a tisztvisel\u0151i karnak az a r\u00e9sze, amely a h\u00e1bor\u00fa alatt meg\u00e9lhet\u00e9s\u00e9t elvesztette, f\u00f6ldh\u00f6z jusson. Itt megfeledkezett az el\u0151ad\u00f3 \u00far egy m\u00e1sik jelent\u00e9keny t\u00e1rsadalmi r\u00e9tegr\u0151l \u00e9s pedig az alkalmazottakr\u00f3l, akik nincsenek feleml\u00edtve a tisztvisel\u0151k \u00e9s a tisztek k\u00f6z\u00f6tt. Javasolom, hogy ehhez f\u0171zz\u00fck hozz\u00e1: \u201eMindazon \u00e1llami alkalmazottak \u00e9s nyugd\u00edjasok\u201c \u2014 mert ezek is sokan vannak \u00e9s egy\u00e1ltal\u00e1n nincs biztos\u00edtva a meg\u00e9lhet\u00e9s\u00fck. {Helyesl\u00e9s.)&#8230;<br><br>N\u00c9PJ\u00d3L\u00c9TI T\u00d6RV\u00c9NYHOZ\u00c1S \u00c9BRED\u0150 MAGYAR SZEMPONTB\u00d3L.<\/p>\n\n\n\n<p><strong>Eln\u00f6k:<\/strong> K\u00f6vetkezik P\u00e1rdi Imre, R\u00e1kosliget. <br><strong>P\u00e1rdi Imre:<\/strong> Igen tisztelt Eln\u00f6ki Konferencia! Hogy az egyetemi beiratkoz\u00e1sokkal rendben legy\u00fcnk \u00e9s ezeknek a megakad\u00e1lyoz\u00e1s\u00e1t magunk is ne mozd\u00edtsuk \u00fajb\u00f3l el\u0151, k\u00edv\u00e1nom azt az egyetemi hallgat\u00f3k nev\u00e9ben, hogy az els\u0151 pontot, a numerus clausus t\u00f6rv\u00e9nye kimond\u00e1s\u00e1t faj szerint t\u00f6r\u00f6lj\u00fck teljesen \u00e9s pedig az\u00e9rt, mert akkor az egyetemi hallgat\u00f3k nem tudnak beiratkozni \u00e9s hallgatni. (Zajos felki\u00e1lt\u00e1sok: A zsid\u00f3k nem tudnak! A kereszt\u00e9nyek tavaly is hallgattak ! Nagy zaj. Eln\u00f6k csenget.) Ha a korm\u00e1ny nem int\u00e9zkedik idej\u00e9ben, baj lesz, mert az egyetemi hallgat\u00f3k kimondott\u00e1k, hogy zsid\u00f3val egy padban nem \u00fclnek. (Taps. \u00c9ljenz\u00e9s.) Ha ezt a korm\u00e1ny be nem l\u00e1tja . .. (Sz\u00e1nni nem akar\u00f3 nagy zaj.) Egy hang: Akkor dobjuk ki a korm\u00e1nyt \u00e9s, a parlamentet \u00e9s vegy\u00fck \u00e1t a korm\u00e1nyz\u00e1st. (Taps. \u00c9ljenz\u00e9s. Eln\u00f6k csenget.)<br><strong>Eln\u00f6k:<\/strong> Ez a felsz\u00f3lal\u00e1s egy\u00e1ltal\u00e1n, k\u00fcl\u00f6n\u00f6sen az utols\u00f3 r\u00e9sz nem tartozik ide. Sz\u00edveskedjenek a szavakra vigy\u00e1zni. K\u00f6vetkezik F\u00fcgi \u00d6d\u00f6n Budapest, II. ker\u00fclet. &#8230;<br><br>AZ \u00c9BRED\u0150 MAGYAROK EGYES\u00dcLETE. MINT A MAGYAR MUNK\u00c1SMOZGALMAKNAK LEGTERM\u00c9SZETESEBB SZERVEZ\u0150JE, \u00c1LL\u00c1SFOGLAL\u00c1S A MUNK\u00c1SK\u00c9RD\u00c9SBEN.<\/p>\n\n\n\n<p><strong>Eln\u00f6k:<\/strong> K\u00f6vetkezik Debreczeny Istv\u00e1n \u00far, R\u00e1kosligetr\u0151l.<br><strong>Debreczeny Istv\u00e1n:<\/strong> Ind\u00edtv\u00e1nyozom, hogy a 4. \u00a7. i) pontjak\u00e9nt vetess\u00e9k fel a k\u00f6vetkez\u0151 (olvassa):<br>\u201eA munk\u00e1sok a gy\u00e1rakban haszonr\u00e9szesed\u00e9sben r\u00e9szes\u00edtend\u0151k\u201c.<br>Azonk\u00edv\u00fcl javaslom a vagyonlak\u00f3kr\u00f3l sz\u00f3l\u00f3 6-ik ponthoz a k\u00f6vetkez\u0151 kieg\u00e9sz\u00edt\u00e9st (olvassa):<br>\u201eT\u00e1nc- \u00e9s mag\u00e1niskol\u00e1k szigor\u00faan rev\u00edzi\u00f3 al\u00e1 veend\u0151k.\u201c (\u00c9l\u00e9nk helyesl\u00e9s.)<br>V\u00e9g\u00fcl ind\u00edtv\u00e1nyozom, hogy 12-ik pontk\u00e9nt vetess\u00e9k fel a k\u00f6vetkez\u0151 (olvassa):<br>\u201eT\u0171z- \u00e9s egy\u00e9b biztos\u00edt\u00e1sok \u00e1llami kezel\u00e9s al\u00e1 juttattassanak, hogy az ebb\u0151l befolyt \u00f6sszeg az \u00e1llamh\u00e1ztart\u00e1s r\u00e9sz\u00e9re legyen ford\u00edtand\u00f3\u201c. (Helyesl\u00e9s.) &#8230;<br><br>Vita  a sajt\u00f3r\u00f3l:<\/p>\n\n\n\n<p><strong>Eln\u00f6<\/strong>k: K\u00f6vetkezik Debreczeny Istv\u00e1n, R\u00e1kosliget. <br><strong>Debreczeny Istv\u00e1n:<\/strong> T. Eln\u00f6ki Konferencia! \u00c9n az els\u0151 ponthoz terjesztettem be hozz\u00e1sz\u00f3l\u00e1st, miut\u00e1n azonban az el\u0151ad\u00f3 \u00farral meg\u00e1llapodtam, azt visszavonom, azonban javaslom ezt a kieg\u00e9sz\u00edt\u00e9st: \u201evalamint f\u0151munkat\u00e1rs zsid\u00f3 \u00e9s szabadk\u0151m\u0171ves, valamint rovott m\u00falt\u00fa egy\u00e9n nem lehet\u201c.<br>A hatodik pontn\u00e1l, amely szerint az \u00fajs\u00e1gokban a h\u00e1zass\u00e1gi k\u00f6zvet\u00edt\u00e9s \u00e9s szerelmi ismerets\u00e9gre vonatkoz\u00f3 k\u00f6zlem\u00e9nyek nem k\u00f6z\u00f6lhet\u0151k, ezt a kieg\u00e9sz\u00edt\u00e9st javaslom : \u201evalamint szerelmi levelez\u00e9sek nem k\u00f6z\u00f6lhet\u0151k\u201c.<\/p>\n\n\n\n<ol start=\"11\" class=\"wp-block-list\">\n<li>pontul ezt k\u00e9rem felvenni: \u201eA minisztereln\u00f6ks\u00e9gi sajt\u00f3irod\u00e1ba egy \u00e9bred\u0151 magyar kik\u00fcld\u00f6tt be\u00e1ll\u00edt\u00e1s\u00e1t k\u00edv\u00e1njuk\u201c. (\u00c9l\u00e9nk helyesl\u00e9s.)<br><br><a href=\"https:\/\/rakosliget.hu\/wordpress\/index.php\/1900-1948-kozott-rakosligeten-mukodott-egyesuletek\/\"><a href=\"https:\/\/rakosliget.hu\/wordpress\/index.php\/1900-1948-kozott-rakosligeten-mukodott-egyesuletek\/\"><a href=\"https:\/\/rakosliget.hu\/wordpress\/index.php\/1900-1948-kozott-rakosligeten-mukodott-egyesuletek\/\"><a href=\"https:\/\/rakosliget.hu\/wordpress\/index.php\/1900-1948-kozott-rakosligeten-mukodott-egyesuletek\/\">Vissza az Egyes\u00fcletek lapra<\/a><\/a><\/a><\/a><\/li>\n<\/ol>\n\n\n\n<p><br><\/p>\n","protected":false},"excerpt":{"rendered":"<p>Az oldal friss\u00edtve: 2022. m\u00e1jus 05. Az \u00c9bred\u0151 Magyarok Egyes\u00fclete (\u00c9ME) 1918. novemberben alakult sz\u00e9ls\u0151jobboldali, fajv\u00e9d\u0151 szervezet volt, vezet\u0151i Eckhardt Tibor, G\u00f6mb\u00f6s Gyula, Pr\u00f3nay P\u00e1l \u00e9s H\u00e9jjas Iv\u00e1n voltak, v\u00e9gleges betilt\u00e1sa 1945. febru\u00e1rban t\u00f6rt\u00e9nt. Az antiszemita szervezet k\u00fcl\u00f6n\u00f6sen 1923-ig volt jelent\u0151s a parlamentben \u00e9s a sajt\u00f3ban, de r\u00e9szt vett mer\u00e9nyletekben is, az egyes\u00fcletet t\u00f6megdemonsr\u00e1ci\u00f3kra, kisebb &hellip; <a href=\"https:\/\/rakosliget.hu\/wordpress\/index.php\/ebredo-magyarok-egyesulete\/\" class=\"more-link\"><span class=\"screen-reader-text\">\u00c9bred\u0151 Magyarok Egyes\u00fclete<\/span> r\u00e9szletei&#8230;<\/a><\/p>\n","protected":false},"author":1,"featured_media":0,"parent":0,"menu_order":0,"comment_status":"closed","ping_status":"closed","template":"","meta":{"footnotes":""},"class_list":["post-10174","page","type-page","status-publish","hentry"],"_links":{"self":[{"href":"https:\/\/rakosliget.hu\/wordpress\/index.php\/wp-json\/wp\/v2\/pages\/10174","targetHints":{"allow":["GET"]}}],"collection":[{"href":"https:\/\/rakosliget.hu\/wordpress\/index.php\/wp-json\/wp\/v2\/pages"}],"about":[{"href":"https:\/\/rakosliget.hu\/wordpress\/index.php\/wp-json\/wp\/v2\/types\/page"}],"author":[{"embeddable":true,"href":"https:\/\/rakosliget.hu\/wordpress\/index.php\/wp-json\/wp\/v2\/users\/1"}],"replies":[{"embeddable":true,"href":"https:\/\/rakosliget.hu\/wordpress\/index.php\/wp-json\/wp\/v2\/comments?post=10174"}],"version-history":[{"count":9,"href":"https:\/\/rakosliget.hu\/wordpress\/index.php\/wp-json\/wp\/v2\/pages\/10174\/revisions"}],"predecessor-version":[{"id":22005,"href":"https:\/\/rakosliget.hu\/wordpress\/index.php\/wp-json\/wp\/v2\/pages\/10174\/revisions\/22005"}],"wp:attachment":[{"href":"https:\/\/rakosliget.hu\/wordpress\/index.php\/wp-json\/wp\/v2\/media?parent=10174"}],"curies":[{"name":"wp","href":"https:\/\/api.w.org\/{rel}","templated":true}]}}