{"id":1015,"date":"2018-03-21T05:03:06","date_gmt":"2018-03-21T04:03:06","guid":{"rendered":"http:\/\/rakosliget.hu\/wordpress\/?page_id=1015"},"modified":"2018-03-21T05:03:06","modified_gmt":"2018-03-21T04:03:06","slug":"kelecsenyi-agoston","status":"publish","type":"page","link":"https:\/\/rakosliget.hu\/wordpress\/index.php\/kelecsenyi-agoston\/","title":{"rendered":"Kelecs\u00e9nyi \u00c1goston"},"content":{"rendered":"<h1 align=\"left\"><span data-canvas-width=\"98.89989506916736\">Kelecs\u00e9nyi \u00c1goston<\/span><span data-canvas-width=\"138.6964526235701\"> (T\u00e1pi\u00f3s\u00e1p, 1914)<\/span><\/h1>\n<h2 align=\"left\">R\u00e1kosligeti Nemzeti Bizotts\u00e1g tagja<\/h2>\n<p align=\"left\">\n<p align=\"left\"><span data-canvas-width=\"229.6553952708168\">Zongorista. 1945-t\u0151l az FKP tagja. 1945 ut\u00e1n konzervk\u00e9sz\u00edt\u0151 kisiparos. 1946-ban a R\u00e1kosligeti Nemzeti Bizotts\u00e1g, 1945-1947-ben a k\u00e9pvisel\u0151-test\u00fclet tagja. &#8211; Nyugd\u00edjas. <\/span><\/p>\n","protected":false},"excerpt":{"rendered":"<p>Kelecs\u00e9nyi \u00c1goston (T\u00e1pi\u00f3s\u00e1p, 1914) R\u00e1kosligeti Nemzeti Bizotts\u00e1g tagja Zongorista. 1945-t\u0151l az FKP tagja. 1945 ut\u00e1n konzervk\u00e9sz\u00edt\u0151 kisiparos. 1946-ban a R\u00e1kosligeti Nemzeti Bizotts\u00e1g, 1945-1947-ben a k\u00e9pvisel\u0151-test\u00fclet tagja. &#8211; Nyugd\u00edjas.<\/p>\n","protected":false},"author":1,"featured_media":0,"parent":0,"menu_order":0,"comment_status":"closed","ping_status":"closed","template":"","meta":{"footnotes":""},"class_list":["post-1015","page","type-page","status-publish","hentry"],"_links":{"self":[{"href":"https:\/\/rakosliget.hu\/wordpress\/index.php\/wp-json\/wp\/v2\/pages\/1015","targetHints":{"allow":["GET"]}}],"collection":[{"href":"https:\/\/rakosliget.hu\/wordpress\/index.php\/wp-json\/wp\/v2\/pages"}],"about":[{"href":"https:\/\/rakosliget.hu\/wordpress\/index.php\/wp-json\/wp\/v2\/types\/page"}],"author":[{"embeddable":true,"href":"https:\/\/rakosliget.hu\/wordpress\/index.php\/wp-json\/wp\/v2\/users\/1"}],"replies":[{"embeddable":true,"href":"https:\/\/rakosliget.hu\/wordpress\/index.php\/wp-json\/wp\/v2\/comments?post=1015"}],"version-history":[{"count":1,"href":"https:\/\/rakosliget.hu\/wordpress\/index.php\/wp-json\/wp\/v2\/pages\/1015\/revisions"}],"predecessor-version":[{"id":1016,"href":"https:\/\/rakosliget.hu\/wordpress\/index.php\/wp-json\/wp\/v2\/pages\/1015\/revisions\/1016"}],"wp:attachment":[{"href":"https:\/\/rakosliget.hu\/wordpress\/index.php\/wp-json\/wp\/v2\/media?parent=1015"}],"curies":[{"name":"wp","href":"https:\/\/api.w.org\/{rel}","templated":true}]}}