{"id":10124,"date":"2022-04-10T18:10:44","date_gmt":"2022-04-10T17:10:44","guid":{"rendered":"https:\/\/rakosliget.hu\/wordpress\/?page_id=10124"},"modified":"2026-01-22T06:55:31","modified_gmt":"2026-01-22T05:55:31","slug":"nyaralo","status":"publish","type":"page","link":"https:\/\/rakosliget.hu\/wordpress\/index.php\/nyaralo\/","title":{"rendered":"NYARAL\u00d3"},"content":{"rendered":"\n<h2 class=\"wp-block-heading\">1925<\/h2>\n\n\n\n<p>Az \u00e1llam dr\u00e1g\u00edtja a pestk\u00f6rny\u00e9ki nyaral\u00e1st<br>Sok a panasz a kincst\u00e1ri haszon r\u00e9szesed\u00e9s m ia tt. \u2014 G\u00f6d\u00f6ll\u0151 rossz szezont\u00f3l f\u00e9l. \u2014 R\u00e1kosligeten hatmilli\u00f3 egy szoba.<\/p>\n\n\n\n<p>Nyaral\u00e1si k\u00f6r\u00fatunk a pesti oldalra vetett \u00e1t benn\u00fcnket, ahol kedvenc nyaral\u00f3helyek sorakoznak egym\u00e1s mell\u00e9: R\u00e1kosliget, G\u00f6d\u00f6ll\u0151, M\u00e1riabesny\u0151, P\u00e9c\u00e9l, lsaszeg. Kellemes, tal\u00e1n l\u00e1zas ny\u00e1ri eml\u00e9kek f\u0171z\u0151dnek hozz\u00e1juk; sokszor el\u00e9g poros eml\u00e9kek, mert ny\u00e1ron, k\u00f6z\u00fcl\u00fck nem egy felett, ugyancsak felh\u0151zik a feh\u00e9r por.<br>R\u00e1kosligeten kerestem el\u0151sz\u00f6r szob\u00e1t. E kedves nyaral\u00f3helyen a villatelepet Valamikor Dreh\u00e9r\u00e9k vezet\u00e9se mellett \u00f6tsz\u00e1z csal\u00e1d \u00e9p\u00edtette fel sz\u00f6vetkezeti alapon. R\u00e1kosliget nem paraszttanya. Igazi f\u0151v\u00e1rosi nyaral\u00f3hely. Mostan\u00e1ban a r\u00e9gebbi nagymarosi nyaral\u00f3k kedvelik, mert k\u00f6zelebb van, sok keresked\u0151 ad itt csal\u00e1dj\u00e1nak ny\u00e1ri pihen\u00e9st, m\u00edg maga tov\u00e1bb bonyol\u00edthatja a f\u0151v\u00e1rosban \u00fczleti \u00fcgyeit.<br>A vonaton nyolcvank\u00e9tezer koron\u00e1ba ker\u00fcl a havi b\u00e9rletjegy. A villatelep a b\u00e1jos egy\u00f6ntet\u0171s\u00e9g hat\u00e1s\u00e1t kelti. K\u00e9tsz\u00e1z n\u00e9gysz\u00f6g\u00f6les telkeken, z\u00f6ld\u00f6lni indul\u00f3 gy\u00fcm\u00f6lcsf\u00e1k k\u00f6z\u00fcl kandik\u00e1lnak el\u0151 a vill\u00e1k; sok eg\u00e9szen modern \u00e9p\u00edtkez\u00e9s; villanynyal, v\u00edzvezet\u00e9kkel, f\u00fcrd\u0151szob\u00e1val ell\u00e1tott lak\u00e1sok.<br>Az \u00e1rak nagyon leh\u0171t\u0151k. Hatmilli\u00f3ba ker\u00fcl az egyszob\u00e1s, r\u00e9gim\u00f3di lak\u00e1s! F\u00fcrd\u0151szob\u00e1s kisebb lak\u00e1s \u00e1ra nyolc-t\u00edzmilli\u00f3 ! H\u00e1romszob\u00e1s lak\u00e1s nincs, m\u00e9gis tizenk\u00e9tmilli\u00f3s \u00e1rakat, k\u00e9rnek. De a tulajdonosok engednek k\u00f6vetel\u00e9s\u00fckb\u0151l: m\u00e1ris k\u00f6t\u00f6ttek n\u00e9gymilli\u00f3s b\u00e9rletet, j\u00f3llehet a h\u00e1zi\u00far hatot k\u00e9rt, de azut\u00e1n \u2014 be\u00e9rte kevesebbel is.<br>Tiszteletrem\u00e9lt\u00f3 az az \u00e9p\u00edt\u00e9si l\u00e1zroham, amely itt minden h\u00e1ztulajdonost hatalm\u00e1ba<br>ker\u00edt. Mindenki renov\u00e1l, A ker\u00edt\u00e9st m\u00e1zolj\u00e1k, tet\u0151t jav\u00edtanak f\u00fcrd\u0151szob\u00e1t toldanak a vill\u00e1hoz, gy\u00fcm\u00f6lcsf\u00e1kat \u00fcltetnek. A vonaton k\u00f6telekben l\u00e1tam gy\u00f6keresen, f\u00f6ldesen a csemet\u00e9ket; viszik a ligetiek. Nem t\u0151k\u00e9s\u00edtenek. A szorgos tataroz\u00e1sok karav\u00e1nja j\u00e1r itt m\u00e1ris.<br>A \u00bbbensz\u00fcl\u00f6ttek\u00ab f\u00e9lnek a nyaral\u00f3kt\u00f3l. Nem alaptalanul. Ny\u00e1ron a r\u00e1kosligeti \u00e1rak<br>harminc-negyven sz\u00e1zal\u00e9kkal sz\u00e1rnyalj\u00e1k t\u00fal a dr\u00e1ga pesti \u00e1rakat.<br>A k\u00f6zleked\u00e9s nagyon rossz. Reggel kilenct\u0151l d\u00e9lut\u00e1n h\u00e1romig nem indul vonat.<br>Ami pedig a R\u00e1koskereszt\u00farr\u00f3l R\u00e1kosligetre vezet\u0151 orsz\u00e1gutat illeti, arra m\u00e9g csak gondolni sem lehet \u2014 a ny\u00e1kt\u00f6r\u00e9s veszedelme, n\u00e9lk\u00fcl. Minden \u00e9vben sz\u00e1mtalan b\u00fatorkocsi fordul itt fel, k\u00fcl\u00f6n\u00f6sen a malomn\u00e1l. Sok tengelyt\u00f6r\u00e9s \u00e9s m\u00e9g t\u00f6bb k\u00e1romkod\u00e1s,, tark\u00edtja a napi esem\u00e9nyeket. \u00c9s \u2014 senki se gondol vele.<br>\u2018R\u00e1\u00e9r\u00fcnk m\u00e9g\u00ab. Legal\u00e1bb viseli valami a d\u00edszes nevet: &#8222;a nyaral\u00f3k r\u00e9me&#8221;.<\/p>\n\n\n\n<p><em>MAGYARORSZ\u00c1G 1925. m\u00e1rcius 15.<\/em><\/p>\n","protected":false},"excerpt":{"rendered":"<p>1925 Az \u00e1llam dr\u00e1g\u00edtja a pestk\u00f6rny\u00e9ki nyaral\u00e1stSok a panasz a kincst\u00e1ri haszon r\u00e9szesed\u00e9s m ia tt. \u2014 G\u00f6d\u00f6ll\u0151 rossz szezont\u00f3l f\u00e9l. \u2014 R\u00e1kosligeten hatmilli\u00f3 egy szoba. Nyaral\u00e1si k\u00f6r\u00fatunk a pesti oldalra vetett \u00e1t benn\u00fcnket, ahol kedvenc nyaral\u00f3helyek sorakoznak egym\u00e1s mell\u00e9: R\u00e1kosliget, G\u00f6d\u00f6ll\u0151, M\u00e1riabesny\u0151, P\u00e9c\u00e9l, lsaszeg. Kellemes, tal\u00e1n l\u00e1zas ny\u00e1ri eml\u00e9kek f\u0171z\u0151dnek hozz\u00e1juk; sokszor el\u00e9g poros &hellip; <a href=\"https:\/\/rakosliget.hu\/wordpress\/index.php\/nyaralo\/\" class=\"more-link\"><span class=\"screen-reader-text\">NYARAL\u00d3<\/span> r\u00e9szletei&#8230;<\/a><\/p>\n","protected":false},"author":1,"featured_media":0,"parent":0,"menu_order":0,"comment_status":"closed","ping_status":"closed","template":"","meta":{"footnotes":""},"class_list":["post-10124","page","type-page","status-publish","hentry"],"_links":{"self":[{"href":"https:\/\/rakosliget.hu\/wordpress\/index.php\/wp-json\/wp\/v2\/pages\/10124","targetHints":{"allow":["GET"]}}],"collection":[{"href":"https:\/\/rakosliget.hu\/wordpress\/index.php\/wp-json\/wp\/v2\/pages"}],"about":[{"href":"https:\/\/rakosliget.hu\/wordpress\/index.php\/wp-json\/wp\/v2\/types\/page"}],"author":[{"embeddable":true,"href":"https:\/\/rakosliget.hu\/wordpress\/index.php\/wp-json\/wp\/v2\/users\/1"}],"replies":[{"embeddable":true,"href":"https:\/\/rakosliget.hu\/wordpress\/index.php\/wp-json\/wp\/v2\/comments?post=10124"}],"version-history":[{"count":3,"href":"https:\/\/rakosliget.hu\/wordpress\/index.php\/wp-json\/wp\/v2\/pages\/10124\/revisions"}],"predecessor-version":[{"id":22031,"href":"https:\/\/rakosliget.hu\/wordpress\/index.php\/wp-json\/wp\/v2\/pages\/10124\/revisions\/22031"}],"wp:attachment":[{"href":"https:\/\/rakosliget.hu\/wordpress\/index.php\/wp-json\/wp\/v2\/media?parent=10124"}],"curies":[{"name":"wp","href":"https:\/\/api.w.org\/{rel}","templated":true}]}}